{"id":102,"date":"2020-12-07T13:42:05","date_gmt":"2020-12-07T12:42:05","guid":{"rendered":"http:\/\/gwzrtit.cluster030.hosting.ovh.net\/?page_id=102"},"modified":"2025-07-14T09:57:25","modified_gmt":"2025-07-14T07:57:25","slug":"projecte-educatiu","status":"publish","type":"page","link":"https:\/\/viladecans.gabrielistas.org\/home-2\/el-collegi\/projecte-educatiu\/","title":{"rendered":"Projecte educatiu"},"content":{"rendered":"<p>[vc_row padding_top_multiplier=&#8221;&#8221;][vc_column]<div class=\"eut-element eut-image eut-align-center\" style=\"margin-bottom: 40px;\"><div class=\"eut-image-wrapper eut-popup-item\" style=\"max-width:981px;\"><div class=\"eut-thumbnail-wrapper\"  style=\"max-width: 981px;\"><div class=\"eut-thumbnail\"  style=\"padding-top: 31.906%;\"><img loading=\"lazy\" decoding=\"async\" width=\"981\" height=\"313\" src=\"https:\/\/viladecans.gabrielistas.org\/wp-content\/uploads\/2020\/12\/sg-header-2.png\" class=\"attachment-full size-full\" alt=\"\" data-eutf-filter=\"yes\" srcset=\"https:\/\/viladecans.gabrielistas.org\/wp-content\/uploads\/2020\/12\/sg-header-2.png 981w, https:\/\/viladecans.gabrielistas.org\/wp-content\/uploads\/2020\/12\/sg-header-2-300x96.png 300w, https:\/\/viladecans.gabrielistas.org\/wp-content\/uploads\/2020\/12\/sg-header-2-768x245.png 768w\" sizes=\"auto, (max-width: 981px) 100vw, 981px\" \/><\/div><\/div>  <\/div><\/div>[vc_column_text el_id=&#8221;projecte-educatiu&#8221; el_class=&#8221;sg-title-section&#8221;]<\/p>\n<h2>Projecte educatiu<\/h2>\n<p>[\/vc_column_text]<div class=\"eut-element eut-divider\" style=\"padding-bottom: 40px;\"><span class=\"eut-custom-divider eut-bg-primary-2 eut-align-inherit\" style=\"width: 40px;height: 3px;\"><\/span><\/div>[vc_column_text css=&#8221;.vc_custom_1668096582824{margin-bottom: 40px !important;}&#8221;]Al Col\u00b7legi Sant Gabriel promovem la FORMACI\u00d3 INTEGRAL dels alumnes d\u2019acord amb una concepci\u00f3 cristiana de la persona, de la vida i del m\u00f3n, tot preparant-los per participar activament en la millora i transformaci\u00f3 de la nostra societat.<\/p>\n<p>L\u2019assumpci\u00f3 de la realitat sociocultural de Catalunya i el comprom\u00eds de servei al poble s\u00f3n, tamb\u00e9, expressi\u00f3 concreta de la identitat cristiana i de la vocaci\u00f3 evangelitzadora del Col\u00b7legi.<\/p>\n<ul>\n<li>\u00c9s una escola oberta a tothom, sense cap mena de discriminaci\u00f3.<\/li>\n<li>S\u2019insereix en la realitat sociocultural de Catalunya amb comprom\u00eds de servei.<\/li>\n<li>Treballem per respondre als reptes que planteja la societat actual des d\u2019una ESCOLA COMPRENSIVA on s\u2019at\u00e9n la DIVERSITAT de capacitats, interessos i ritmes d\u2019aprenentatge dels alumnes.<\/li>\n<li>La llengua vehicular al nostre Col\u00b7legi \u00e9s el catal\u00e0 per\u00f2 ens distingim com a escola triling\u00fce: catal\u00e0, castell\u00e0 i angl\u00e8s.<\/li>\n<\/ul>\n<p><strong>EDUCACI\u00d3 INFANTIL<\/strong><br \/>\nEDATS: 3 a 6 anys<br \/>\nSIS UNITATS: P-3 A i B ; P-4 A i B ; P-5 A i B<br \/>\nCAPACITAT: 25 ALUMNES\/AULA<\/p>\n<p><strong>EDUCACI\u00d3 PRIM\u00c0RIA<\/strong><br \/>\nEDATS: 6 a 12 anys<br \/>\nDOTZE UNITATS: 1r A i B ; 2n A i B ; 3r A i B ; 4t A i B ; 5\u00e8 A i B ; 6\u00e8 A i B<br \/>\nCAPACITAT: 25 ALUMNES\/AULA<\/p>\n<p><strong>EDUCACI\u00d3 SECUND\u00c0RIA OBLIGAT\u00d2RIA (ESO)<\/strong><br \/>\nEDATS: 12 a 16 anys<br \/>\nVUIT UNITATS: 1r A i B ; 2n A i B ; 3r A i B ; 4t A i B<br \/>\nCAPACITAT: 25 ALUMNES\/AULA<\/p>\n<p><strong>BATXILLERAT<\/strong><br \/>\nEDATS: A partir de 16 anys<br \/>\nMODALITATS: Cient\u00edfic-Tecnol\u00f2gic (CT), Humanitats-Ci\u00e8ncies Socials (HS)<br \/>\nDUES UNITATS: 1r CT i HS ; 2n CT i HS<br \/>\nCAPACITAT: 40 ALUMNES\/AULA<\/p>\n<p><strong>CICLES FORMATIUS DE GRAU MITJ\u00c0 (CFGM)<\/strong><br \/>\nEDATS: A partir de 16 anys<\/p>\n<p>BRANCA: Activitats f\u00edsiques i esportives<br \/>\nCICLE: Guia en el medi natural i de temps de lleure (CFPM AE10)<br \/>\nUNA UNITAT: 1r ; 2n<br \/>\nCAPACITAT: 35 ALUMNES\/AULA<\/p>\n<p>BRANCA: Transport i manteniment de vehicles<br \/>\nCICLE: Electromec\u00e0nica de vehicles autom\u00f2bils (CFPM TM10)<br \/>\nDUES UNITATS: 1r ; 2n<br \/>\nCAPACITAT: 35 ALUMNES\/AULA<\/p>\n<p><strong>CICLES FORMATIUS DE GRAU SUPERIOR (CFGS)<\/strong><br \/>\nEDATS: A partir de 18 anys<\/p>\n<p>BRANCA: Activitats f\u00edsiques i esportives<br \/>\nCICLE: Ensenyament i animaci\u00f3 socioesportiva(CFPS AEA0)<br \/>\nDUES UNITATS: 1r ; 2n<br \/>\nCAPACITAT: 35 ALUMNES\/AULA<\/p>\n<p>BRANCA: Transport i manteniment de vehicles<br \/>\nCICLE: Automoci\u00f3 (CFPS TMA0)<br \/>\nDUES UNITATS: 1r ; 2n<br \/>\nCAPACITAT: 35 ALUMNES\/AULA[\/vc_column_text][vc_column_text el_class=&#8221;sg-title-section&#8221;]<\/p>\n<h2>Projecte Educatiu Institucional (PEI)<\/h2>\n<p>[\/vc_column_text]<div class=\"eut-element eut-divider\" style=\"padding-bottom: 40px;\"><span class=\"eut-custom-divider eut-bg-primary-2 eut-align-inherit\" style=\"width: 40px;height: 3px;\"><\/span><\/div>[vc_column_text css=&#8221;.vc_custom_1665919738634{margin-bottom: 40px !important;}&#8221;]<\/p>\n<p><iframe loading=\"lazy\" title=\"Projecte Educatiu Gabrielistas\" src=\"https:\/\/www.youtube.com\/embed\/2A0h5dyUXGk\" width=\"1024\" height=\"582\" frameborder=\"0\" allowfullscreen=\"allowfullscreen\"><span data-mce-type=\"bookmark\" style=\"display: inline-block; width: 0px; overflow: hidden; line-height: 0;\" class=\"mce_SELRES_start\">\ufeff<\/span>Els Germans de Sant Gabriel, com a Institucio\u0301 Titular, tenen la responsabilitat de liderar, definir i vertebrar l\u2019oferta educativa i potenciar la relacio\u0301 entre tots els seus col\u00b7legis.\u00a0El Projecte Educatiu Institucional (PEI) e\u0301s l\u2019instrument de planificacio\u0301 i gestio\u0301 estrate\u0300gica que contextualitza el Cara\u0300cter Propi i les opcions de la Institucio\u0301 Titular dels col\u00b7legis.La seva elaboracio\u0301 i actualitzacio\u0301 e\u0301s responsabilitat de la Institucio\u0301 Titular amb la col\u00b7laboracio\u0301 i el compromi\u0301s de tots els membres de les comunitats educatives dels col\u00b7legis gabrielistes.\u00a0El Projecte Educatiu Institucional concreta l\u2019aplicacio\u0301 del Cara\u0300cter Propi mitjanc\u0327ant:<\/p>\n<ul>\n<li>El model d\u2019aprenentatge<\/li>\n<li>La planificacio\u0301 educativa-pastoral<\/li>\n<li>L\u2019atencio\u0301 a la diversitat i l\u2019accio\u0301 tutorial<\/li>\n<li>Els processos de formacio\u0301 i seleccio\u0301 del professorat i del personal<\/li>\n<li>El Projecte Educatiu Institucional es concreta a cada centre en el Projecte Educatiu de Centre (PEC).<\/li>\n<\/ul>\n<p>&nbsp;<\/p>\n<p><img decoding=\"async\" src=\"http:\/\/viladecans.gabrielistas.org\/wp-content\/uploads\/2021\/02\/Triptic-PEI-2-1024x484.png\" \/><img decoding=\"async\" src=\"http:\/\/viladecans.gabrielistas.org\/wp-content\/uploads\/2021\/02\/Triptic-PEI-1-1024x484.png\" \/><\/p>\n<p><img decoding=\"async\" src=\"http:\/\/viladecans.gabrielistas.org\/wp-content\/uploads\/2016\/01\/PEI-725x1024.jpg\" \/><\/p>\n<p>&nbsp;<\/p>\n<p>&nbsp;<\/p>\n<p>&nbsp;<\/p>\n<p>&nbsp;<\/p>\n<p>&nbsp;<\/p>\n<p><\/iframe><\/p>\n<p>Els Germans de Sant Gabriel, com a Institucio\u0301 Titular, tenen la responsabilitat de liderar, definir i vertebrar l\u2019oferta educativa i potenciar la relacio\u0301 entre tots els seus col\u00b7legis.\u00a0El Projecte Educatiu Institucional (PEI) e\u0301s l\u2019instrument de planificacio\u0301 i gestio\u0301 estrate\u0300gica que contextualitza el Cara\u0300cter Propi i les opcions de la Institucio\u0301 Titular dels col\u00b7legis.<\/p>\n<p>La seva elaboracio\u0301 i actualitzacio\u0301 e\u0301s responsabilitat de la Institucio\u0301 Titular amb la col\u00b7laboracio\u0301 i el compromi\u0301s de tots els membres de les comunitats educatives dels col\u00b7legis gabrielistes.\u00a0El Projecte Educatiu Institucional concreta l\u2019aplicacio\u0301 del Cara\u0300cter Propi mitjanc\u0327ant:<\/p>\n<ul>\n<li>El model d\u2019aprenentatge<\/li>\n<li>La planificacio\u0301 educativa-pastoral<\/li>\n<li>L\u2019atencio\u0301 a la diversitat i l\u2019accio\u0301 tutorial<\/li>\n<li>Els processos de formacio\u0301 i seleccio\u0301 del professorat i del personal<\/li>\n<li>El Projecte Educatiu Institucional es concreta a cada centre en el Projecte Educatiu de Centre (PEC).<\/li>\n<\/ul>\n<p><img decoding=\"async\" src=\"http:\/\/viladecans.gabrielistas.org\/wp-content\/uploads\/2021\/02\/Triptic-PEI-1-1024x484.png\" \/><\/p>\n<p><img decoding=\"async\" src=\"http:\/\/viladecans.gabrielistas.org\/wp-content\/uploads\/2021\/02\/Triptic-PEI-2-1024x484.png\" \/><\/p>\n<p>[\/vc_column_text][\/vc_column][\/vc_row]<\/p>\n","protected":false},"excerpt":{"rendered":"<p>[vc_row padding_top_multiplier=&#8221;&#8221;][vc_column][vc_column_text el_id=&#8221;projecte-educatiu&#8221; el_class=&#8221;sg-title-section&#8221;] Projecte educatiu [\/vc_column_text][vc_column_text css=&#8221;.vc_custom_1668096582824{margin-bottom: 40px !important;}&#8221;]Al Col\u00b7legi Sant Gabriel promovem la FORMACI\u00d3 INTEGRAL dels alumnes d\u2019acord amb una concepci\u00f3 cristiana de la persona, de la vida i del m\u00f3n, tot preparant-los per participar activament en la millora i transformaci\u00f3 de la nostra societat. L\u2019assumpci\u00f3 de la realitat sociocultural de Catalunya i [&hellip;]<\/p>\n","protected":false},"author":1,"featured_media":0,"parent":72,"menu_order":0,"comment_status":"closed","ping_status":"closed","template":"","meta":{"footnotes":""},"class_list":["post-102","page","type-page","status-publish","hentry"],"_links":{"self":[{"href":"https:\/\/viladecans.gabrielistas.org\/home-2\/wp-json\/wp\/v2\/pages\/102","targetHints":{"allow":["GET"]}}],"collection":[{"href":"https:\/\/viladecans.gabrielistas.org\/home-2\/wp-json\/wp\/v2\/pages"}],"about":[{"href":"https:\/\/viladecans.gabrielistas.org\/home-2\/wp-json\/wp\/v2\/types\/page"}],"author":[{"embeddable":true,"href":"https:\/\/viladecans.gabrielistas.org\/home-2\/wp-json\/wp\/v2\/users\/1"}],"replies":[{"embeddable":true,"href":"https:\/\/viladecans.gabrielistas.org\/home-2\/wp-json\/wp\/v2\/comments?post=102"}],"version-history":[{"count":15,"href":"https:\/\/viladecans.gabrielistas.org\/home-2\/wp-json\/wp\/v2\/pages\/102\/revisions"}],"predecessor-version":[{"id":1151,"href":"https:\/\/viladecans.gabrielistas.org\/home-2\/wp-json\/wp\/v2\/pages\/102\/revisions\/1151"}],"up":[{"embeddable":true,"href":"https:\/\/viladecans.gabrielistas.org\/home-2\/wp-json\/wp\/v2\/pages\/72"}],"wp:attachment":[{"href":"https:\/\/viladecans.gabrielistas.org\/home-2\/wp-json\/wp\/v2\/media?parent=102"}],"curies":[{"name":"wp","href":"https:\/\/api.w.org\/{rel}","templated":true}]}}