{"id":1445,"date":"2023-03-26T19:15:58","date_gmt":"2023-03-26T17:15:58","guid":{"rendered":"http:\/\/viladecans.gabrielistas.org\/?page_id=1445"},"modified":"2025-07-14T09:57:46","modified_gmt":"2025-07-14T07:57:46","slug":"1445-2","status":"publish","type":"page","link":"https:\/\/viladecans.gabrielistas.org\/home-2\/oferta-educativa\/formacio-professional\/1445-2\/","title":{"rendered":"EVA"},"content":{"rendered":"\r\n<h2 class=\"wp-block-heading\">Electromec\u00e0nica de vehicles autom\u00f2bils<\/h2>\r\n\r\n\r\n\r\n<figure class=\"wp-block-table\">\r\n<table>\r\n<tbody>\r\n<tr>\r\n<td><strong>Titulaci\u00f3<\/strong><\/td>\r\n<td>T\u00e8cnic o t\u00e8cnica en electromec\u00e0nica de vehicles autom\u00f2bils<\/td>\r\n<\/tr>\r\n<tr>\r\n<td><strong>Durada<\/strong><\/td>\r\n<td>2 cursos (2000 hores)<\/td>\r\n<\/tr>\r\n<tr>\r\n<td><strong>Hores lectives<\/strong><\/td>\r\n<td>1584 hores (FP no dual) + 33h de tutoria<br \/>1331 hores (FP dual)<\/td>\r\n<\/tr>\r\n<tr>\r\n<td><strong>Hores en centre de treball<\/strong><\/td>\r\n<td>416 hores (FP no dual)<br \/>669 hores (FP dual)<\/td>\r\n<\/tr>\r\n<tr>\r\n<td><strong>Horari<\/strong><\/td>\r\n<td>Matins, de dilluns a divendres<\/td>\r\n<\/tr>\r\n<\/tbody>\r\n<\/table>\r\n<\/figure>\r\n\r\n<h4><strong>Curr\u00edculum<\/strong><\/h4>\r\n<p><a href=\"https:\/\/xtec.gencat.cat\/web\/.content\/curriculum\/professionals\/fp\/titolsloe\/transmantvehicles\/o_TM10_electromecanica_vehicles_aut_20240503.docx\" target=\"_blank\" rel=\"noopener\">Orientacions a partir del curs 24-25<\/a><\/p>\r\n<h4><strong>QU\u00c8 APRENDR\u00c0S A FER?<\/strong><\/h4>\r\n<p>El cicle d\u2019Electromec\u00e0nica de Vehicles\u00a0 capacita per realitzar operacions de manteniment, muntatge d\u2019accessoris i transformacions a les \u00e0rees de mec\u00e0nica, hidr\u00e0ulica, pneum\u00e0tica i electricitat del sector d\u2019automoci\u00f3, amb l\u2019orientaci\u00f3 a vehicles industrials, ajustant-se a procediments i temps establerts, complint amb les especificacions de qualitat, seguretat i protecci\u00f3 ambiental.<\/p>\r\n<p>Tamb\u00e9 sabr\u00e0s diagnosticar avaries i fer els manteniments preventius per tal de desenvolupar una professi\u00f3 com a mec\u00e0nic\/a i electricista, muntador i comercial del sector de l\u2019autom\u00f2bil.<\/p>\r\n<p>&nbsp;<\/p>\r\n<p>Formar\u00a0<strong>professionals capacitats<\/strong>\u00a0per fer de\u00a0:<\/p>\r\n<ul>\r\n<li>Electricistes de vehicles.<\/li>\r\n<li>Electricistes electr\u00f2nics de manteniment i reparaci\u00f3 en automoci\u00f3.<\/li>\r\n<li>Mec\u00e0nic d\u2019autom\u00f2bils.<\/li>\r\n<li>Mec\u00e0nic de motors i els seus sistemes auxiliars d\u2019autom\u00f2bils i motocicletes.<\/li>\r\n<li>Reparador de sistemes pneum\u00e0tics i hidr\u00e0ulics.<\/li>\r\n<li>Reparador de sistemes de transmissi\u00f3 i de frens.<\/li>\r\n<li>Reparador de sistemes de direcci\u00f3 i suspensi\u00f3.<\/li>\r\n<li>Operari d\u2019ITV.<\/li>\r\n<li>Instal\u00b7lador d\u2019accessoris en vehicles.<\/li>\r\n<li>Operari d\u2019empreses dedicades a la fabricaci\u00f3 de recanvis.<\/li>\r\n<li>Electromec\u00e0nic de motocicletes.<\/li>\r\n<li>Venedor\/distribu\u00efdor de recanvis i d\u2019equips de diagnosi.<\/li>\r\n<\/ul>\r\n<h4>Valors afegits del nostre centre<\/h4>\r\n<ul>\r\n<li aria-level=\"1\">Sortides\u00a0culturals relacionades amb l\u2019especialitat.<\/li>\r\n<li aria-level=\"1\">Pr\u00e0ctiques en empreses col\u00b7laboradores.<\/li>\r\n<li aria-level=\"1\">Atenci\u00f3 i tutoritzaci\u00f3 personalitzades.<\/li>\r\n<li aria-level=\"1\">Pr\u00e0ctiques als nostres tallers de mecanitzat, electricitat i mec\u00e0nica.<\/li>\r\n<li aria-level=\"1\">Treball conjugant continguts digitals fent servir l\u2019entorn d\u2019autoaprenentatge ELECTUDE amb simuladors de vehicles.<\/li>\r\n<li aria-level=\"1\">Participaci\u00f3 en concursos de talent: Catskills.<\/li>\r\n<li aria-level=\"1\">Participaci\u00f3 amb empreses col\u00b7laboradores FCT (quantitat)<\/li>\r\n<\/ul>","protected":false},"excerpt":{"rendered":"<p>Electromec\u00e0nica de vehicles autom\u00f2bils Titulaci\u00f3 T\u00e8cnic o t\u00e8cnica en electromec\u00e0nica de vehicles autom\u00f2bils Durada 2 cursos (2000 hores) Hores lectives 1584 hores (FP no dual) + 33h de tutoria1331 hores (FP dual) Hores en centre de treball 416 hores (FP no dual)669 hores (FP dual) Horari Matins, de dilluns a divendres Curr\u00edculum Orientacions a partir [&hellip;]<\/p>\n","protected":false},"author":1,"featured_media":0,"parent":166,"menu_order":2,"comment_status":"closed","ping_status":"closed","template":"","meta":{"footnotes":""},"class_list":["post-1445","page","type-page","status-publish","hentry"],"_links":{"self":[{"href":"https:\/\/viladecans.gabrielistas.org\/home-2\/wp-json\/wp\/v2\/pages\/1445","targetHints":{"allow":["GET"]}}],"collection":[{"href":"https:\/\/viladecans.gabrielistas.org\/home-2\/wp-json\/wp\/v2\/pages"}],"about":[{"href":"https:\/\/viladecans.gabrielistas.org\/home-2\/wp-json\/wp\/v2\/types\/page"}],"author":[{"embeddable":true,"href":"https:\/\/viladecans.gabrielistas.org\/home-2\/wp-json\/wp\/v2\/users\/1"}],"replies":[{"embeddable":true,"href":"https:\/\/viladecans.gabrielistas.org\/home-2\/wp-json\/wp\/v2\/comments?post=1445"}],"version-history":[{"count":5,"href":"https:\/\/viladecans.gabrielistas.org\/home-2\/wp-json\/wp\/v2\/pages\/1445\/revisions"}],"predecessor-version":[{"id":2513,"href":"https:\/\/viladecans.gabrielistas.org\/home-2\/wp-json\/wp\/v2\/pages\/1445\/revisions\/2513"}],"up":[{"embeddable":true,"href":"https:\/\/viladecans.gabrielistas.org\/home-2\/wp-json\/wp\/v2\/pages\/166"}],"wp:attachment":[{"href":"https:\/\/viladecans.gabrielistas.org\/home-2\/wp-json\/wp\/v2\/media?parent=1445"}],"curies":[{"name":"wp","href":"https:\/\/api.w.org\/{rel}","templated":true}]}}