{"id":145,"date":"2020-12-09T18:31:25","date_gmt":"2020-12-09T17:31:25","guid":{"rendered":"http:\/\/gwzrtit.cluster030.hosting.ovh.net\/?page_id=145"},"modified":"2025-07-14T09:57:46","modified_gmt":"2025-07-14T07:57:46","slug":"educacio-primaria","status":"publish","type":"page","link":"https:\/\/viladecans.gabrielistas.org\/home-2\/oferta-educativa\/educacio-primaria\/","title":{"rendered":"Educaci\u00f3 Prim\u00e0ria"},"content":{"rendered":"<p>[vc_row padding_top_multiplier=&#8221;&#8221;][vc_column]<div class=\"eut-element eut-image eut-align-center\" style=\"margin-bottom: 40px;\"><div class=\"eut-image-wrapper eut-popup-item\" style=\"max-width:981px;\"><div class=\"eut-thumbnail-wrapper\"  style=\"max-width: 981px;\"><div class=\"eut-thumbnail\"  style=\"padding-top: 31.906%;\"><img loading=\"lazy\" decoding=\"async\" width=\"981\" height=\"313\" src=\"https:\/\/viladecans.gabrielistas.org\/wp-content\/uploads\/2020\/12\/sg-header-17.png\" class=\"attachment-full size-full\" alt=\"\" data-eutf-filter=\"yes\" srcset=\"https:\/\/viladecans.gabrielistas.org\/wp-content\/uploads\/2020\/12\/sg-header-17.png 981w, https:\/\/viladecans.gabrielistas.org\/wp-content\/uploads\/2020\/12\/sg-header-17-300x96.png 300w, https:\/\/viladecans.gabrielistas.org\/wp-content\/uploads\/2020\/12\/sg-header-17-768x245.png 768w\" sizes=\"auto, (max-width: 981px) 100vw, 981px\" \/><\/div><\/div>  <\/div><\/div>[vc_column_text el_id=&#8221;educacio-primaria&#8221; el_class=&#8221;sg-title-section&#8221;]<\/p>\n<h2>Educaci\u00f3 Prim\u00e0ria<\/h2>\n<p>[\/vc_column_text]<div class=\"eut-element eut-divider\" style=\"padding-bottom: 40px;\"><span class=\"eut-custom-divider eut-bg-primary-2 eut-align-inherit\" style=\"width: 40px;height: 3px;\"><\/span><\/div>[vc_column_text css=&#8221;.vc_custom_1729507853215{margin-bottom: 40px !important;}&#8221;]L\u2019educaci\u00f3 prim\u00e0ria \u00e9s l\u2019etapa educativa de car\u00e0cter obligatori. Amb car\u00e0cter general, s\u2019inicia l\u2019any natural que es compleixen <strong>6 anys i es cursa fins als 12 anys<\/strong>.<\/p>\n<p><span style=\"font-weight: 400;\">L&#8217;etapa d\u2019<\/span><b>educaci\u00f3 prim\u00e0ria<\/b><span style=\"font-weight: 400;\"> \u00e9s fonamental per al desenvolupament integral dels infants. A trav\u00e9s d&#8217;un aprenentatge actiu i significatiu, volem fomentar el seu creixement acad\u00e8mic, social i emocional. El nostre objectiu \u00e9s que l\u2019alumnat adquireixi les eines necess\u00e0ries per entendre el m\u00f3n que els envolta, treballin valors com la cooperaci\u00f3 i el respecte, i desenvolupin l&#8217;autonomia i la creativitat, preparant-los per a futurs reptes acad\u00e8mics i personals.<\/span>[\/vc_column_text][\/vc_column][\/vc_row][vc_row padding_top_multiplier=&#8221;&#8221; padding_bottom_multiplier=&#8221;2x&#8221;][vc_column width=&#8221;1\/2&#8243;][vc_column_text]<\/p>\n<h4><img loading=\"lazy\" decoding=\"async\" class=\"alignleft size-full wp-image-132\" src=\"http:\/\/gwzrtit.cluster030.hosting.ovh.net\/wp-content\/uploads\/2020\/12\/sg-organitzacio.png\" alt=\"\" width=\"45\" height=\"45\" \/>Organitzaci\u00f3<\/h4>\n<p>Aquesta etapa es distribueix en tres cicles (dues l\u00ednies per curs):<br \/>\n<strong>Cicle inicial<\/strong>, compr\u00e8n primer i segon, dels 6 als 8 anys<br \/>\n<strong>Cicle mitj\u00e0<\/strong>, compr\u00e8n tercer i quart, dels 8 als 10 anys<br \/>\n<strong>Cicle superior<\/strong>, compr\u00e8n cinqu\u00e8 i sis\u00e8, dels 10 als 12 anys.[\/vc_column_text][\/vc_column][vc_column width=&#8221;1\/2&#8243;][vc_column_text]<\/p>\n<h4><img loading=\"lazy\" decoding=\"async\" class=\"alignleft size-full wp-image-131\" src=\"http:\/\/gwzrtit.cluster030.hosting.ovh.net\/wp-content\/uploads\/2020\/12\/sg-horari.png\" alt=\"\" width=\"45\" height=\"45\" \/>Horari<\/h4>\n<p>&nbsp;<\/p>\n<p><span style=\"font-weight: 400;\">1r a 6\u00e8 de <strong>8:50h a 12:55h<\/strong> i de <strong>14:55h a 16:50h<\/strong><\/span><\/p>\n<p>Servei d\u2019acollida de <strong>7:50h a 8:50h<\/strong><\/p>\n<p>Hi ha servei de casal durant el per\u00edode de vacances.[\/vc_column_text][\/vc_column][\/vc_row][vc_row padding_top_multiplier=&#8221;&#8221; padding_bottom_multiplier=&#8221;&#8221;][vc_column][vc_column_text el_id=&#8221;activitat-docent&#8221; el_class=&#8221;sg-title-section&#8221;]<\/p>\n<h3>Activitat docent<\/h3>\n<p>[\/vc_column_text]<div class=\"eut-element eut-divider\" style=\"padding-bottom: 40px;\"><span class=\"eut-custom-divider eut-bg-primary-2 eut-align-inherit\" style=\"width: 40px;height: 3px;\"><\/span><\/div>[vc_column_text css=&#8221;.vc_custom_1731655570589{margin-bottom: 40px !important;}&#8221;]L\u2019inici de la Prim\u00e0ria \u00e9s un moment de canvis importants: <strong>hem d\u2019ajudar-los a prendre consci\u00e8ncia de les pr\u00f2pies capacitats<\/strong>, que puguin gestionar-les i desenvolupin la seguretat suficient per afrontar els nous reptes de l\u2019aprenentatge.<\/p>\n<p>Al llarg de l\u2019etapa, \u00e9s molt important seguir treballant els h\u00e0bits. <strong>L\u2019adquisici\u00f3 d\u2019uns bons h\u00e0bits ajuda a incrementar l\u2019autonomia i l\u2019efic\u00e0cia<\/strong> al llarg de tot el proc\u00e9s d\u2019aprenentatge.<\/p>\n<p>Formem persones on el protagonista \u00e9s l&#8217;alumne\/a, tot judant a desenvolupar els seus talents i treballant per potenciar aquestes destreses, habilitats i estrat\u00e8gies que es puguin millorar, per tal de poder garantir, en un futuir, l&#8217;acc\u00e9s al m\u00f3n laboral.<\/p>\n<p>&nbsp;<\/p>\n<p>Treballem amb aprenentatges significatius i vivencials:<\/p>\n<ul>\n<li><strong>INTEL\u00b7LIG\u00c8NCIES M\u00daLTIPLES:\u00a0<\/strong>per ajudar els\/les alumnes a que es coneguin millor i per poder-los con\u00e8ixer millor, que desenvolupin un perfil equilibrat de les intel\u00b7lig\u00e8ncies tot afavorint la diversitat de metodologies i facilitant que puguin aprendre a desenvolupar els seus talents i les seves febleses.<\/li>\n<li><strong>TREBALL PER PROJECTES<\/strong>: <span style=\"font-weight: 400;\">Treballem les \u00e0rees de <\/span><b>coneixement del medi<\/b><span style=\"font-weight: 400;\"> i <\/span><b>llengua catalana<\/b><span style=\"font-weight: 400;\"> de manera transversal a trav\u00e9s de <\/span><b>projectes<\/b><span style=\"font-weight: 400;\">.\u00a0 A<\/span>questa metodologia permet a l\u2019alumnat desenvolupar habilitats comunicatives, de recerca i de pensament cr\u00edtic, mentre treballen continguts significatius i aplicats a situacions reals. Els projectes fomenten el treball en equip, la creativitat i la curiositat, a m\u00e9s de facilitar una comprensi\u00f3 m\u00e9s profunda de l&#8217;entorn que els envolta. D&#8217;aquesta manera, aconseguim que els aprenentatges siguin m\u00e9s vivencials i connectats amb la realitat del m\u00f3n actual.<\/li>\n<li><strong>EMOCIONS<\/strong>: identificaci\u00f3 de les emocions pr\u00f2pies i les dels altres, control de les emocions i actitud positiva.<\/li>\n<li><strong>TREBALL COOPERATIU<\/strong>: es basa en la socialitzaci\u00f3, aprenen entre iguals, fomenta l\u2019h\u00e0bit d\u2019ordre i potencia la comunicaci\u00f3.<\/li>\n<li><strong>HORT:<\/strong>\u00a0els alumnes poden apreciar el creixement dels vegetals i participar en les distintes fases, des de la preparaci\u00f3 de la terra i la sembra fins a la recol\u00b7lecci\u00f3 del fruit. La metodologia \u00e9s participativa, investigadora i explorat\u00f2ria, ja que l\u2019hort proporciona ocasions i mitjans per a que l\u2019alumne faci observacions i exploracions, plantegi dubtes, formuli hip\u00f2tesis i realitzi comprovacions obtenint les seves pr\u00f2pies conclusions.<\/li>\n<\/ul>\n<p>[\/vc_column_text][\/vc_column][\/vc_row][vc_row padding_top_multiplier=&#8221;&#8221;][vc_column width=&#8221;1\/2&#8243;][vc_column_text]<\/p>\n<h4>Projectes<\/h4>\n<p dir=\"ltr\" role=\"presentation\">Treballem les \u00e0rees de <strong>coneixement del medi i llengua catalana<\/strong> de manera transversal a trav\u00e9s de <strong>projectes.<\/strong>\u00a0\u00a0Aquesta metodologia permet a l\u2019alumnat desenvolupar habilitats comunicatives, de recerca i de pensament cr\u00edtic, mentre treballen continguts significatius i aplicats a situacions reals. Els projectes fomenten el treball en equip, la creativitat i la curiositat, a m\u00e9s de facilitar una comprensi\u00f3 m\u00e9s profunda de l&#8217;entorn que els envolta. D&#8217;aquesta manera, aconseguim que els aprenentatges siguin m\u00e9s vivencials i connectats amb la realitat del m\u00f3n actual.<\/p>\n<p>[\/vc_column_text][\/vc_column][vc_column width=&#8221;1\/2&#8243;][vc_column_text]<\/p>\n<h4>Llengua anglesa<\/h4>\n<p><span style=\"font-weight: 400;\">Treballem l\u2019\u00e0rea de <\/span><b>llengua anglesa<\/b><span style=\"font-weight: 400;\"> seguint el m\u00e8tode <\/span><b>Eleanitz<\/b><span style=\"font-weight: 400;\">. Aquesta metodologia se centra principalment en el llenguatge oral, per a progressivament introduir el llenguatge escrit. Amb aquest m\u00e8tode, els nens i nenes aprenen de manera natural a trav\u00e9s d\u2019hist\u00f2ries dramatitzades i projectes. <\/span>[\/vc_column_text][\/vc_column][\/vc_row][vc_row padding_top_multiplier=&#8221;&#8221; padding_bottom_multiplier=&#8221;2x&#8221;][vc_column width=&#8221;1\/2&#8243;][vc_column_text]<\/p>\n<h4>Entusiasmat<\/h4>\n<p><span style=\"font-weight: 400;\">Treballem l\u2019\u00e0rea de <\/span><b>matem\u00e0tiques<\/b><span style=\"font-weight: 400;\"> seguint el m\u00e8tode <\/span><b>EntusiasMAT<\/b><span style=\"font-weight: 400;\">. Amb aquesta metodologia l\u2019alumnat apr\u00e8n de manera competencial, manipulativa i contextualitzada. Connectant els continguts matem\u00e0tics amb q\u00fcestions del seu dia a dia.<\/span>[\/vc_column_text][\/vc_column][vc_column width=&#8221;1\/2&#8243;][vc_column_text]<\/p>\n<h4>Nataci\u00f3<\/h4>\n<p><span style=\"font-weight: 400;\">La nataci\u00f3 \u00e9s una activitat esportiva i obligat\u00f2ria dins de l\u2019horari escolar a la piscina del col\u00b7legi a tots els cursos de prim\u00e0ria.<\/span>[\/vc_column_text][\/vc_column][\/vc_row][vc_row padding_top_multiplier=&#8221;&#8221; padding_bottom_multiplier=&#8221;2x&#8221;][vc_column width=&#8221;1\/2&#8243;][vc_column_text]<\/p>\n<h4>Inform\u00e0tica<\/h4>\n<p><span style=\"font-weight: 400;\">Fem una hora setmanal d&#8217;<\/span><b>inform\u00e0tica<\/b><span style=\"font-weight: 400;\"> des de <\/span><b>1r fins a 4t curs<\/b><span style=\"font-weight: 400;\">, amb l&#8217;objectiu de fomentar l&#8217;alfabetitzaci\u00f3 digital de l\u2019alumnat. Mitjan\u00e7ant activitats pr\u00e0ctiques, aprenen a utilitzar eines tecnol\u00f2giques de manera responsable, desenvolupant compet\u00e8ncies digitals essencials per al seu futur. <\/span>[\/vc_column_text][vc_row_inner][vc_column_inner][vc_column_text]<\/p>\n<h4>Rob\u00f2tica<\/h4>\n<p><span style=\"font-weight: 400;\">A <\/span><b>Cicle Superior<\/b><span style=\"font-weight: 400;\">, integrem l&#8217;assignatura de rob\u00f2tica per potenciar el pensament cr\u00edtic i la resoluci\u00f3 de problemes. Els infants aprenen programaci\u00f3 i treballen en projectes pr\u00e0ctics que fomenten la creativitat i el treball en equip, tot desenvolupant habilitats STEM per al futur.<\/span>[\/vc_column_text][\/vc_column_inner][\/vc_row_inner][\/vc_column][vc_column width=&#8221;1\/2&#8243;][vc_column_text]<\/p>\n<h4>Activitats Complement\u00e0ries<\/h4>\n<p>S\u00f3n un complement a la formaci\u00f3 acad\u00e8mica i f\u00edsica dels nostres alumnes i poden variar en funci\u00f3 de les necessitats educatives de l&#8217;Etapa. En aquests moments fem Arts Esc\u00e8niques, Taller d&#8217;expressi\u00f3, Inform\u00e0tica i Taller d&#8217;Orat\u00f2ria.[\/vc_column_text][vc_row_inner][vc_column_inner][vc_column_text]<\/p>\n<h4>Centres d&#8217;aprenentatge<\/h4>\n<p><span style=\"font-weight: 400;\">Aprofundim els continguts de <\/span><b>llengua catalana<\/b><span style=\"font-weight: 400;\"> a mitjan\u00e7ant <\/span><b>centres d\u2019aprenentatge<\/b><span style=\"font-weight: 400;\">.\u00a0\u00a0<\/span><span style=\"font-weight: 400;\">Oferim una varietat d&#8217;activitats interactives i significatives que reforcen les compet\u00e8ncies ling\u00fc\u00edstiques, fomentant la comprensi\u00f3 lectora, l&#8217;expressi\u00f3 oral i escrita. D&#8217;aquesta manera, aconseguim un aprenentatge m\u00e9s din\u00e0mic i adaptat a les necessitats individuals de cada alumne.<\/span>[\/vc_column_text][\/vc_column_inner][\/vc_row_inner][\/vc_column][\/vc_row][vc_row padding_top_multiplier=&#8221;&#8221; padding_bottom_multiplier=&#8221;2x&#8221;][vc_column width=&#8221;1\/2&#8243;][vc_column_text]<\/p>\n<h4>Atenci\u00f3 a la Diversitat<\/h4>\n<ul>\n<li><strong>DESDOBLAMENTS: <\/strong>En algunes \u00e0rees.<\/li>\n<li><strong>DOC\u00c8NCIA COMPARTIDA DE DOS PROFESSORS\/ES A L\u2019AULA: <\/strong>a les \u00e0rees de llengua catalana i matem\u00e0tiques.<\/li>\n<li><strong>MESTRES D\u2019EDUCACI\u00d3 ESPECIAL<\/strong><\/li>\n<\/ul>\n<p>[\/vc_column_text][\/vc_column][vc_column width=&#8221;1\/2&#8243;][vc_column_text]<\/p>\n<h4>Arts esc\u00e8niques<\/h4>\n<p><span style=\"font-weight: 400;\">Fem dues hores setmanals d\u2019<\/span><b>arts esc\u00e8niques<\/b><span style=\"font-weight: 400;\">. Aquesta mat\u00e8ria permet desenvolupar la creativitat i expressivitat dels infants a trav\u00e9s de diferents disciplines com el teatre, la dansa i la m\u00fasica. Les arts esc\u00e8niques no nom\u00e9s potencien les habilitats art\u00edstiques de l\u2019alumnat, sin\u00f3 que tamb\u00e9 contribueixen a millorar la seva autoestima, les habilitats comunicatives i l\u2019expressi\u00f3 corporal. <\/span>[\/vc_column_text][\/vc_column][\/vc_row][vc_row padding_top_multiplier=&#8221;&#8221; padding_bottom_multiplier=&#8221;2x&#8221;][vc_column width=&#8221;1\/2&#8243;][vc_column_text]<\/p>\n<h4>Sortides i Col\u00f2nies<\/h4>\n<p><strong>SORTIDES<\/strong>: Al llarg del curs es fan diverses sortides relacionades amb els aprenentatges que s&#8217;estan treballant en cada moment. A m\u00e9s a m\u00e9s realitzem tallers i altres activitats que ofereix l&#8217;Ajuntament, aix\u00ed com representacions teatrals i audicions musicals.<\/p>\n<p><strong>COL\u00d2NIES:<\/strong>\u00a0es comparteixen viv\u00e8ncies i experi\u00e8ncies amb els companys\/es i les mestres on es fomenta l\u2019autonomia. Tota l\u2019etapa marxa de col\u00f2nies tres dies.<strong>\u00a0<\/strong>[\/vc_column_text][\/vc_column][vc_column width=&#8221;1\/2&#8243;][vc_column_text]<\/p>\n<h4>Pla lector<\/h4>\n<p><span style=\"font-weight: 400;\">Dediquem vint minuts diaris a la lectura per incentivar el gust pels llibres i fomentar l&#8217;h\u00e0bit lector. Aquest espai permet als infants gaudir de la lectura de manera lliure i relaxada.<\/span>[\/vc_column_text][\/vc_column][\/vc_row][vc_row padding_top_multiplier=&#8221;&#8221; padding_bottom_multiplier=&#8221;&#8221;][vc_column][vc_column_text el_id=&#8221;comunicacio-amb-les-families&#8221; el_class=&#8221;sg-title-section&#8221;]<\/p>\n<h3>Comunicaci\u00f3 amb les fam\u00edlies<\/h3>\n<p>[\/vc_column_text]<div class=\"eut-element eut-divider\" style=\"padding-bottom: 40px;\"><span class=\"eut-custom-divider eut-bg-primary-2 eut-align-inherit\" style=\"width: 40px;height: 3px;\"><\/span><\/div>[vc_column_text css=&#8221;.vc_custom_1644509801674{margin-bottom: 40px !important;}&#8221;]Reunions generals a comen\u00e7ament de curs.<\/p>\n<p>Informes d\u2019avaluaci\u00f3: En acabar cada trimestre, lliurem un informe amb les notes i valoracions de totes les \u00e0rees curriculars i observacions generals del proc\u00e9s escolar i del desenvolupament personal.<\/p>\n<p>Entrevistes personals amb les fam\u00edlies. El contacte entre la fam\u00edlia i tutoria ha de ser habitual i sempre que es requereixi. Amb aquest objectiu, establim tantes entrevistes com calguin al llarg del curs. Un altre element que afavoreix aquesta relaci\u00f3 \u00e9s la plataforma digital Alexia.<\/p>\n<p><strong>Horari d&#8217;atenci\u00f3 a les fam\u00edlies<\/strong><\/p>\n<p>&nbsp;<\/p>\n<div id=\"contentsContainer\" class=\"style-scope qowt-page\">\n<div id=\"contents\" class=\"style-scope qowt-page\"><\/div>\n<\/div>\n<p>[\/vc_column_text][\/vc_column][\/vc_row]<\/p>\n","protected":false},"excerpt":{"rendered":"<p>[vc_row padding_top_multiplier=&#8221;&#8221;][vc_column][vc_column_text el_id=&#8221;educacio-primaria&#8221; el_class=&#8221;sg-title-section&#8221;] Educaci\u00f3 Prim\u00e0ria [\/vc_column_text][vc_column_text css=&#8221;.vc_custom_1729507853215{margin-bottom: 40px !important;}&#8221;]L\u2019educaci\u00f3 prim\u00e0ria \u00e9s l\u2019etapa educativa de car\u00e0cter obligatori. Amb car\u00e0cter general, s\u2019inicia l\u2019any natural que es compleixen 6 anys i es cursa fins als 12 anys. L&#8217;etapa d\u2019educaci\u00f3 prim\u00e0ria \u00e9s fonamental per al desenvolupament integral dels infants. A trav\u00e9s d&#8217;un aprenentatge actiu i significatiu, volem fomentar [&hellip;]<\/p>\n","protected":false},"author":1,"featured_media":0,"parent":115,"menu_order":0,"comment_status":"closed","ping_status":"closed","template":"","meta":{"footnotes":""},"class_list":["post-145","page","type-page","status-publish","hentry"],"_links":{"self":[{"href":"https:\/\/viladecans.gabrielistas.org\/home-2\/wp-json\/wp\/v2\/pages\/145","targetHints":{"allow":["GET"]}}],"collection":[{"href":"https:\/\/viladecans.gabrielistas.org\/home-2\/wp-json\/wp\/v2\/pages"}],"about":[{"href":"https:\/\/viladecans.gabrielistas.org\/home-2\/wp-json\/wp\/v2\/types\/page"}],"author":[{"embeddable":true,"href":"https:\/\/viladecans.gabrielistas.org\/home-2\/wp-json\/wp\/v2\/users\/1"}],"replies":[{"embeddable":true,"href":"https:\/\/viladecans.gabrielistas.org\/home-2\/wp-json\/wp\/v2\/comments?post=145"}],"version-history":[{"count":42,"href":"https:\/\/viladecans.gabrielistas.org\/home-2\/wp-json\/wp\/v2\/pages\/145\/revisions"}],"predecessor-version":[{"id":2575,"href":"https:\/\/viladecans.gabrielistas.org\/home-2\/wp-json\/wp\/v2\/pages\/145\/revisions\/2575"}],"up":[{"embeddable":true,"href":"https:\/\/viladecans.gabrielistas.org\/home-2\/wp-json\/wp\/v2\/pages\/115"}],"wp:attachment":[{"href":"https:\/\/viladecans.gabrielistas.org\/home-2\/wp-json\/wp\/v2\/media?parent=145"}],"curies":[{"name":"wp","href":"https:\/\/api.w.org\/{rel}","templated":true}]}}