{"id":1450,"date":"2023-03-26T19:26:00","date_gmt":"2023-03-26T17:26:00","guid":{"rendered":"http:\/\/viladecans.gabrielistas.org\/?page_id=1450"},"modified":"2025-07-14T09:57:46","modified_gmt":"2025-07-14T07:57:46","slug":"1450-2","status":"publish","type":"page","link":"https:\/\/viladecans.gabrielistas.org\/home-2\/oferta-educativa\/formacio-professional\/1450-2\/","title":{"rendered":"AEAO"},"content":{"rendered":"\r\n<h2 class=\"wp-block-heading\">Ensenyament i animaci\u00f3 socioesportiva (AEA0)<\/h2>\r\n\r\n\r\n\r\n<figure class=\"wp-block-table\">\r\n<table>\r\n<tbody>\r\n<tr>\r\n<td><strong>Titulaci\u00f3<\/strong><\/td>\r\n<td>T\u00e8cnic o t\u00e8cnica superior en ensenyament i animaci\u00f3 socioesportiva<\/td>\r\n<\/tr>\r\n<tr>\r\n<td><strong>Durada<\/strong><\/td>\r\n<td>2 cursos (2000 hores)<\/td>\r\n<\/tr>\r\n<tr>\r\n<td><strong>Hores lectives<\/strong><\/td>\r\n<td>1650 hores<br \/>33 hores de tutoria<\/td>\r\n<\/tr>\r\n<tr>\r\n<td><strong>Hores en centre de treball<\/strong><\/td>\r\n<td>350 hores<\/td>\r\n<\/tr>\r\n<tr>\r\n<td><strong>Horari<\/strong><\/td>\r\n<td>Matins, de dilluns a divendres<\/td>\r\n<\/tr>\r\n<\/tbody>\r\n<\/table>\r\n<\/figure>\r\n\r\n\r\n\r\n<h4 class=\"wp-block-heading\">Curr\u00edculum<\/h4>\r\n<p><a href=\"https:\/\/xtec.gencat.cat\/web\/.content\/curriculum\/professionals\/fp\/titolsloe\/actifsesportives\/o_AEA0_ensenyament_animacio_socioesportiva_240502.docx\" target=\"_blank\" rel=\"noopener\">Orientacions a partir del curs 24-25<\/a><\/p>\r\n<h4>Objectius<\/h4>\r\n\r\n\r\n\r\n<p>Formar\u00a0<strong>professionals capacitats<\/strong>\u00a0per fer de :<\/p>\r\n\r\n\r\n\r\n<ul class=\"wp-block-list\">\r\n<li>Promotor d\u2019activitats fisicoesportives.<\/li>\r\n\r\n\r\n\r\n<li>Animador i monitor d\u2019activitats f\u00edsic-esportives individuals, d\u2019equip i amb implements.<\/li>\r\n\r\n\r\n\r\n<li>Coordinador i animador d\u2019activitats d\u2019inclusi\u00f3 socioesportiva.<\/li>\r\n\r\n\r\n\r\n<li>Coordinador i animador de vetllades i espectacles en instal\u00b7lacions tur\u00edstiques.<\/li>\r\n\r\n\r\n\r\n<li>Director i coordinador d\u2019activitats para curriculars en el marc escolar i en el temps lliure educatiu infantil i juvenil.<\/li>\r\n\r\n\r\n\r\n<li>Director i coordinador de campaments, cases de col\u00f2nies, albergs de joventut i escoles natura.<\/li>\r\n\r\n\r\n\r\n<li>Entrenador de condicionament f\u00edsic b\u00e0sic.<\/li>\r\n<\/ul>\r\n\r\n\r\n\r\n<p><strong>Mostrant capacitats per \u2026<\/strong><\/p>\r\n\r\n\r\n\r\n<ul class=\"wp-block-list\">\r\n<li>Elaborar, gestionar i avaluar projectes d\u2019animaci\u00f3 f\u00edsic-esportius recreatius per a tot tipus d\u2019usuaris.<\/li>\r\n\r\n\r\n\r\n<li>Programar i dirigir les activitats d\u2019ensenyament, d\u2019inclusi\u00f3 socioesportiva i de temps lliure.<\/li>\r\n\r\n\r\n\r\n<li>Coordinar les actuacions dels professionals implicats.<\/li>\r\n\r\n\r\n\r\n<li>Garantir la seguretat de professionals i usuaris.<\/li>\r\n\r\n\r\n\r\n<li>Respectar el medi ambient.<\/li>\r\n\r\n\r\n\r\n<li>Aconseguir la satisfacci\u00f3 dels usuaris, en els l\u00edmits de cost previstos.<\/li>\r\n<\/ul>\r\n\r\n\r\n\r\n<h4 class=\"wp-block-heading\">Valors afegits del nostre centre<\/h4>\r\n\r\n\r\n\r\n<ul class=\"wp-block-list\">\r\n<li>Sortides culturals relacionades amb l\u2019especialitat.<\/li>\r\n\r\n\r\n\r\n<li>Instal\u00b7lacions esportives pr\u00f2pies:\r\n<ul class=\"wp-block-list\">\r\n<li>Piscina<\/li>\r\n\r\n\r\n\r\n<li>Camp de Futbol<\/li>\r\n\r\n\r\n\r\n<li>Pistes de P\u00e0del, B\u00e0squet<\/li>\r\n\r\n\r\n\r\n<li>Sales de Fitness, Spinning, Aer\u00f2bic\u2026<\/li>\r\n<\/ul>\r\n<\/li>\r\n\r\n\r\n\r\n<li>Pr\u00e0ctiques en empreses col\u00b7laboradores.<\/li>\r\n\r\n\r\n\r\n<li>Aules amb projector.<\/li>\r\n\r\n\r\n\r\n<li>Intranet i seguiment de l\u2019alumne.<\/li>\r\n\r\n\r\n\r\n<li>Atenci\u00f3 i tutoritzaci\u00f3 personalitzades.<\/li>\r\n<\/ul>\r\n","protected":false},"excerpt":{"rendered":"<p>Ensenyament i animaci\u00f3 socioesportiva (AEA0) Titulaci\u00f3 T\u00e8cnic o t\u00e8cnica superior en ensenyament i animaci\u00f3 socioesportiva Durada 2 cursos (2000 hores) Hores lectives 1650 hores33 hores de tutoria Hores en centre de treball 350 hores Horari Matins, de dilluns a divendres Curr\u00edculum Orientacions a partir del curs 24-25 Objectius Formar\u00a0professionals capacitats\u00a0per fer de : Mostrant capacitats [&hellip;]<\/p>\n","protected":false},"author":1,"featured_media":0,"parent":166,"menu_order":3,"comment_status":"closed","ping_status":"closed","template":"","meta":{"footnotes":""},"class_list":["post-1450","page","type-page","status-publish","hentry"],"_links":{"self":[{"href":"https:\/\/viladecans.gabrielistas.org\/home-2\/wp-json\/wp\/v2\/pages\/1450","targetHints":{"allow":["GET"]}}],"collection":[{"href":"https:\/\/viladecans.gabrielistas.org\/home-2\/wp-json\/wp\/v2\/pages"}],"about":[{"href":"https:\/\/viladecans.gabrielistas.org\/home-2\/wp-json\/wp\/v2\/types\/page"}],"author":[{"embeddable":true,"href":"https:\/\/viladecans.gabrielistas.org\/home-2\/wp-json\/wp\/v2\/users\/1"}],"replies":[{"embeddable":true,"href":"https:\/\/viladecans.gabrielistas.org\/home-2\/wp-json\/wp\/v2\/comments?post=1450"}],"version-history":[{"count":3,"href":"https:\/\/viladecans.gabrielistas.org\/home-2\/wp-json\/wp\/v2\/pages\/1450\/revisions"}],"predecessor-version":[{"id":2511,"href":"https:\/\/viladecans.gabrielistas.org\/home-2\/wp-json\/wp\/v2\/pages\/1450\/revisions\/2511"}],"up":[{"embeddable":true,"href":"https:\/\/viladecans.gabrielistas.org\/home-2\/wp-json\/wp\/v2\/pages\/166"}],"wp:attachment":[{"href":"https:\/\/viladecans.gabrielistas.org\/home-2\/wp-json\/wp\/v2\/media?parent=1450"}],"curies":[{"name":"wp","href":"https:\/\/api.w.org\/{rel}","templated":true}]}}