{"id":1454,"date":"2023-03-26T19:35:42","date_gmt":"2023-03-26T17:35:42","guid":{"rendered":"http:\/\/viladecans.gabrielistas.org\/?page_id=1454"},"modified":"2025-07-14T09:57:46","modified_gmt":"2025-07-14T07:57:46","slug":"1454-2","status":"publish","type":"page","link":"https:\/\/viladecans.gabrielistas.org\/home-2\/oferta-educativa\/formacio-professional\/1454-2\/","title":{"rendered":"Automoci\u00f3"},"content":{"rendered":"\r\n<h2 class=\"wp-block-heading\">Automoci\u00f3 (CFPS TMA0)<\/h2>\r\n\r\n\r\n\r\n<figure class=\"wp-block-table\">\r\n<table>\r\n<tbody>\r\n<tr>\r\n<td><strong>Titulaci\u00f3<\/strong><\/td>\r\n<td>T\u00e8cnic o\u00a0t\u00e8cnica superior en automoci\u00f3<\/td>\r\n<\/tr>\r\n<tr>\r\n<td><strong>Durada<\/strong><\/td>\r\n<td>2 cursos (2000 hores)<\/td>\r\n<\/tr>\r\n<tr>\r\n<td><strong>Hores lectives<\/strong><\/td>\r\n<td>1551 hores (FP no Dual)<br \/>1320 hores (FP Dual)<br \/>33h de tutoria<\/td>\r\n<\/tr>\r\n<tr>\r\n<td><strong>Hores en centre de treball<\/strong><\/td>\r\n<td>449 hores (FP no Dual)<br \/>XXX hores (FP Dual)<\/td>\r\n<\/tr>\r\n<tr>\r\n<td><strong>Horari<\/strong><\/td>\r\n<td>Matins, de dilluns a divendres<\/td>\r\n<\/tr>\r\n<\/tbody>\r\n<\/table>\r\n<\/figure>\r\n\r\n\r\n\r\n<h4 class=\"wp-block-heading\"><strong>Curr\u00edculum<\/strong><\/h4>\r\n<p><a href=\"https:\/\/xtec.gencat.cat\/web\/.content\/curriculum\/professionals\/fp\/titolsloe\/transmantvehicles\/o_TMA0_-Automocio_20240610.docx\" target=\"_blank\" rel=\"noopener\">Orientacions a partir del curs 24-25<\/a><\/p>\r\n<h4><strong>QU\u00c8 APRENDRAS A FER?<\/strong><\/h4>\r\n\r\n\r\n\r\n<p>La compet\u00e8ncia general d\u2019aquest t\u00edtol consisteix a organitzar, programar i supervisar l\u2019execuci\u00f3 de les operacions de manteniment i la seva log\u00edstica en el sector d\u2019automoci\u00f3, diagnosticant avaries en casos complexos, i garantint el compliment de les especificacions establertes per la normativa i pel fabricant del vehicle<\/p>\r\n\r\n\r\n\r\n<p><strong>Mostrant capacitats per \u2026<\/strong><\/p>\r\n\r\n\r\n\r\n<ul class=\"wp-block-list\">\r\n<li>Obtenir un prediagn\u00f2stic dels problemes de funcionament dels vehicles per elaborar l\u2019ordre de treball corresponent.<\/li>\r\n\r\n\r\n\r\n<li>Realitzar el diagn\u00f2stic d\u2019avaries d\u2019un vehicle, seleccionant i operant els mitjans i equips necessaris i seguint un ordre l\u00f2gic d\u2019operacions.<\/li>\r\n\r\n\r\n\r\n<li>Realitzar taxacions i elaboraci\u00f3 de pressupostos en l\u2019\u00e0rea de carrosseria i electromec\u00e0nica.<\/li>\r\n\r\n\r\n\r\n<li>Planificar els processos de manteniment en un taller de reparaci\u00f3 de vehicles i fer que es compleixin els m\u00e8todes i els temps establerts.<\/li>\r\n\r\n\r\n\r\n<li>Gestionar l\u2019\u00e0rea de recanvis de vehicles, tenint en compte les exist\u00e8ncies en funci\u00f3 de les variables de compra i de venda.<\/li>\r\n\r\n\r\n\r\n<li>Definir les caracter\u00edstiques que han de complir les plantilles de treball i els utillatges necessaris en operacions de manteniment per procedir-ne al disseny.<\/li>\r\n\r\n\r\n\r\n<li>Programar el manteniment de grans flotes de vehicles per obtenir-ne la m\u00e0xima operativitat.<\/li>\r\n\r\n\r\n\r\n<li>Organitzar els programes de manteniment de les instal\u00b7lacions i dels equips que componen el taller de reparaci\u00f3 de vehicles en el sector de l\u2019automoci\u00f3.<\/li>\r\n\r\n\r\n\r\n<li>Administrar i gestionar un taller de manteniment de vehicles, coneixent i complint les obligacions legals.<\/li>\r\n\r\n\r\n\r\n<li>Gestionar la neteja i l\u2019ordre en el lloc de treball complint els requisits de salut laboral i d\u2019impacte mediambiental.<\/li>\r\n\r\n\r\n\r\n<li>Efectuar consultes, dirigint-se a la persona adequada, i saber respectar l\u2019autonomia dels subordinats informant-los quan sigui convenient.<\/li>\r\n\r\n\r\n\r\n<li>Mantenir l\u2019esperit d\u2019innovaci\u00f3 i d\u2019actualitzaci\u00f3 en l\u2019\u00e0mbit del seu treball per adaptar-se als canvis tecnol\u00f2gics i organitzatius del seu entorn professional.<\/li>\r\n\r\n\r\n\r\n<li>Liderar situacions col\u00b7lectives que es puguin produir, intervenir en conflictes personals i laborals, contribuir\u00e0 l\u2019establiment d\u2019un ambient de treball agradable i actuar en tot moment de forma sincera, respectuosa intolerant.<\/li>\r\n\r\n\r\n\r\n<li>Adaptar-se a diferents llocs de treball i noves situacions laborals originats per canvis tecnol\u00f2gics i organitzatius.<\/li>\r\n\r\n\r\n\r\n<li>Resoldre problemes i prendre decisions individuals, seguint les normes i els procediments establerts definits dins de l\u2019\u00e0mbit de la seva compet\u00e8ncia.<\/li>\r\n\r\n\r\n\r\n<li>Exercir els seus drets i complir amb les obligacions derivades de les relacions laborals, d\u2019acord amb el que estableix la legislaci\u00f3 vigent.<\/li>\r\n\r\n\r\n\r\n<li>Gestionar la seva carrera professional, analitzant les oportunitats d\u2019ocupaci\u00f3, d\u2019autoocupaci\u00f3 i d\u2019aprenentatge.<\/li>\r\n\r\n\r\n\r\n<li>Participar de manera activa a la vida econ\u00f2mica, social i cultural amb actitud cr\u00edtica i de responsabilitat.<\/li>\r\n<\/ul>\r\n\r\n\r\n\r\n<h4 class=\"wp-block-heading\">Valors afegits del nostre centre<\/h4>\r\n\r\n\r\n\r\n<ul class=\"wp-block-list\">\r\n<li>Sortides\u00a0culturals relacionades amb l\u2019especialitat.<\/li>\r\n\r\n\r\n\r\n<li>Pr\u00e0ctiques en empreses col\u00b7laboradores.<\/li>\r\n\r\n\r\n\r\n<li>Atenci\u00f3 i tutoritzaci\u00f3 personalitzades.<\/li>\r\n\r\n\r\n\r\n<li>Pr\u00e0ctiques als nostres tallers de mecanitzat, electricitat i mec\u00e0nica.<\/li>\r\n\r\n\r\n\r\n<li>Treball conjugant continguts digitals fent servir l\u2019entorn d\u2019autoaprenentatge ELECTUDE amb simuladors de vehicles.<\/li>\r\n\r\n\r\n\r\n<li>Participaci\u00f3 en concursos de talent: Catskills.<\/li>\r\n\r\n\r\n\r\n<li>Participaci\u00f3 amb empreses col\u00b7laboradores FCT (quantitat)<\/li>\r\n<\/ul>\r\n","protected":false},"excerpt":{"rendered":"<p>Automoci\u00f3 (CFPS TMA0) Titulaci\u00f3 T\u00e8cnic o\u00a0t\u00e8cnica superior en automoci\u00f3 Durada 2 cursos (2000 hores) Hores lectives 1551 hores (FP no Dual)1320 hores (FP Dual)33h de tutoria Hores en centre de treball 449 hores (FP no Dual)XXX hores (FP Dual) Horari Matins, de dilluns a divendres Curr\u00edculum Orientacions a partir del curs 24-25 QU\u00c8 APRENDRAS A [&hellip;]<\/p>\n","protected":false},"author":1,"featured_media":0,"parent":166,"menu_order":4,"comment_status":"closed","ping_status":"closed","template":"","meta":{"footnotes":""},"class_list":["post-1454","page","type-page","status-publish","hentry"],"_links":{"self":[{"href":"https:\/\/viladecans.gabrielistas.org\/home-2\/wp-json\/wp\/v2\/pages\/1454","targetHints":{"allow":["GET"]}}],"collection":[{"href":"https:\/\/viladecans.gabrielistas.org\/home-2\/wp-json\/wp\/v2\/pages"}],"about":[{"href":"https:\/\/viladecans.gabrielistas.org\/home-2\/wp-json\/wp\/v2\/types\/page"}],"author":[{"embeddable":true,"href":"https:\/\/viladecans.gabrielistas.org\/home-2\/wp-json\/wp\/v2\/users\/1"}],"replies":[{"embeddable":true,"href":"https:\/\/viladecans.gabrielistas.org\/home-2\/wp-json\/wp\/v2\/comments?post=1454"}],"version-history":[{"count":4,"href":"https:\/\/viladecans.gabrielistas.org\/home-2\/wp-json\/wp\/v2\/pages\/1454\/revisions"}],"predecessor-version":[{"id":2514,"href":"https:\/\/viladecans.gabrielistas.org\/home-2\/wp-json\/wp\/v2\/pages\/1454\/revisions\/2514"}],"up":[{"embeddable":true,"href":"https:\/\/viladecans.gabrielistas.org\/home-2\/wp-json\/wp\/v2\/pages\/166"}],"wp:attachment":[{"href":"https:\/\/viladecans.gabrielistas.org\/home-2\/wp-json\/wp\/v2\/media?parent=1454"}],"curies":[{"name":"wp","href":"https:\/\/api.w.org\/{rel}","templated":true}]}}