{"id":151,"date":"2020-12-09T18:41:26","date_gmt":"2020-12-09T17:41:26","guid":{"rendered":"http:\/\/gwzrtit.cluster030.hosting.ovh.net\/?page_id=151"},"modified":"2025-07-14T09:57:46","modified_gmt":"2025-07-14T07:57:46","slug":"educacio-secundaria","status":"publish","type":"page","link":"https:\/\/viladecans.gabrielistas.org\/home-2\/oferta-educativa\/educacio-secundaria\/","title":{"rendered":"Educaci\u00f3 secund\u00e0ria obligat\u00f2ria"},"content":{"rendered":"<p>[vc_row padding_top_multiplier=&#8221;&#8221;][vc_column]<div class=\"eut-element eut-image eut-align-center\" style=\"margin-bottom: 40px;\"><div class=\"eut-image-wrapper eut-popup-item\" style=\"max-width:981px;\"><div class=\"eut-thumbnail-wrapper\"  style=\"max-width: 981px;\"><div class=\"eut-thumbnail\"  style=\"padding-top: 31.906%;\"><img loading=\"lazy\" decoding=\"async\" width=\"981\" height=\"313\" src=\"https:\/\/viladecans.gabrielistas.org\/wp-content\/uploads\/2020\/12\/sg-header-5.png\" class=\"attachment-full size-full\" alt=\"\" data-eutf-filter=\"yes\" srcset=\"https:\/\/viladecans.gabrielistas.org\/wp-content\/uploads\/2020\/12\/sg-header-5.png 981w, https:\/\/viladecans.gabrielistas.org\/wp-content\/uploads\/2020\/12\/sg-header-5-300x96.png 300w, https:\/\/viladecans.gabrielistas.org\/wp-content\/uploads\/2020\/12\/sg-header-5-768x245.png 768w\" sizes=\"auto, (max-width: 981px) 100vw, 981px\" \/><\/div><\/div>  <\/div><\/div>[vc_column_text el_id=&#8221;educacio-secundaria-obligatoria&#8221; el_class=&#8221;sg-title-section&#8221;]<\/p>\n<h2>Educaci\u00f3 Secund\u00e0ria Obligat\u00f2ria<\/h2>\n<p>[\/vc_column_text]<div class=\"eut-element eut-divider\" style=\"padding-bottom: 40px;\"><span class=\"eut-custom-divider eut-bg-primary-2 eut-align-inherit\" style=\"width: 40px;height: 3px;\"><\/span><\/div>[vc_column_text css=&#8221;.vc_custom_1607535745125{margin-bottom: 40px !important;}&#8221;]La finalitat de l\u2019Educaci\u00f3 Secund\u00e0ria \u00e9s proporcionar a tot l\u2019alumnat una educaci\u00f3 que permeti <strong>desenvolupar les capacitats personals, les habilitats socials, les compet\u00e8ncies b\u00e0siques<\/strong>; consolidar els aprenentatges instrumentals i adquirir les bases per poder triar les diferents sortides que s\u2019ofereixen en acabar-la.<\/p>\n<p>La Secund\u00e0ria \u00e9s moment de molts canvis, tant pel que fa a les maneres de treballar i estudiar com en el proc\u00e9s evolutiu i maduratiu dels nois i noies. Al llarg d\u2019aquests anys, entraran de ple en l\u2019adolesc\u00e8ncia. Caldr\u00e0 acompanyar-los i donar-los suport al llarg de tot el proc\u00e9s per <strong>aconseguir que esdevinguin persones aut\u00f2nomes, amb criteri i sentit cr\u00edtic<\/strong>.[\/vc_column_text][\/vc_column][\/vc_row][vc_row padding_top_multiplier=&#8221;&#8221; padding_bottom_multiplier=&#8221;2x&#8221;][vc_column width=&#8221;1\/2&#8243;][vc_column_text]<\/p>\n<h4><img loading=\"lazy\" decoding=\"async\" class=\"alignleft size-full wp-image-132\" src=\"http:\/\/gwzrtit.cluster030.hosting.ovh.net\/wp-content\/uploads\/2020\/12\/sg-organitzacio.png\" alt=\"\" width=\"45\" height=\"45\" \/>Organitzaci\u00f3<\/h4>\n<p>Compr\u00e8n quatre cursos acad\u00e8mics organitzats en dos cicles. Els dos primers cursos de l\u2019etapa mantenen la coher\u00e8ncia amb l\u2019educaci\u00f3 prim\u00e0ria, garantint la coordinaci\u00f3 entre les etapes. Es potencia l\u2019autonomia de l\u2019alumne i s\u2019enforteixen els h\u00e0bits de treball. Els dos \u00faltims cursos de l\u2019etapa consoliden el proc\u00e9s de l\u2019adquisici\u00f3 de les compet\u00e8ncies clau i preparen per a la continu\u00eftat cap a estudis posteriors. Generalment s\u2019inicia l\u2019any natural en qu\u00e8 es compleixen<strong> 12 anys i s\u2019acaba als 16<\/strong>.<\/p>\n<p>Tenim els quatre cursos amb doble l\u00ednia.[\/vc_column_text][\/vc_column][vc_column width=&#8221;1\/2&#8243;][vc_column_text]<\/p>\n<h4><img loading=\"lazy\" decoding=\"async\" class=\"alignleft size-full wp-image-131\" src=\"http:\/\/gwzrtit.cluster030.hosting.ovh.net\/wp-content\/uploads\/2020\/12\/sg-horari.png\" alt=\"\" width=\"45\" height=\"45\" \/>Horari<\/h4>\n<p>Dilluns, dimarts i dijous de <strong>8 a 17h<\/strong><br \/>\nDimecres i divendres de<strong> 8 a 14.30h<\/strong> (tarda lliure)[\/vc_column_text][\/vc_column][\/vc_row][vc_row padding_top_multiplier=&#8221;&#8221; padding_bottom_multiplier=&#8221;&#8221;][vc_column][vc_column_text el_id=&#8221;activitat-docent&#8221; el_class=&#8221;sg-title-section&#8221;]<\/p>\n<h3>Activitat docent<\/h3>\n<p>[\/vc_column_text]<div class=\"eut-element eut-divider\" style=\"padding-bottom: 40px;\"><span class=\"eut-custom-divider eut-bg-primary-2 eut-align-inherit\" style=\"width: 40px;height: 3px;\"><\/span><\/div>[\/vc_column][\/vc_row][vc_row padding_top_multiplier=&#8221;&#8221;][vc_column width=&#8221;1\/2&#8243;][vc_column_text]<\/p>\n<h4>Matem\u00e0tiques<\/h4>\n<p>Treballem les matem\u00e0tiques amb el m\u00e8tode d\u2019aprenentatge ONMAT que \u00e9s una plataforma d\u2019aprenentatge integral de matem\u00e0tiques per a l\u2019ESO. Busca fomentar la motivaci\u00f3 i l\u2019adquisici\u00f3 del pensament matem\u00e0tic i posa la tecnologia al servei de la pedagogia per facilitar tant l\u2019aprenentatge de l\u2019alumne com la tasca docent.. Aquesta \u2019aplicaci\u00f3 fomenta la ludificaci\u00f3 de l\u2019assignatura, tot incorporant elements i din\u00e0miques propis del joc en entorns d\u2019aprenentatge.<\/p>\n<p>Tamb\u00e9 en aquest sentit, des del Departament de Matem\u00e0tiques se&#8217;ls ofereix la possibilitat, si ho volen, de participar en diferents concursos de Matem\u00e0tiques.[\/vc_column_text][\/vc_column][vc_column width=&#8221;1\/2&#8243;][vc_column_text]<\/p>\n<h4>Ci\u00e8ncies<\/h4>\n<p><em>Science BITS<\/em> \u00e9s un conjunt de propostes did\u00e0ctiques que ajuden l\u2019ensenyament-aprenentatge de les ci\u00e8ncies i que motiven els estudiants. Dissenyades segons el model d\u2019ensenyament constructivista de les 5E, les lli\u00e7ons de Science Bits utilitzen una gran quantitat de continguts multim\u00e8dia interactius per desenvolupar un aprenentatge basat en la investigaci\u00f3 i el descobriment, i centrat en el desenvolupament de les compet\u00e8ncies b\u00e0siques.[\/vc_column_text][\/vc_column][\/vc_row][vc_row padding_top_multiplier=&#8221;&#8221; padding_bottom_multiplier=&#8221;2x&#8221;][vc_column width=&#8221;1\/2&#8243;][vc_column_text]<\/p>\n<h4>Llengua anglesa<\/h4>\n<p>Es preparen <strong>estades d\u2019estiu<\/strong> a Irlanda i Anglaterra.<br \/>\nS\u00f3m centre <strong>examinador de Oxford Test of English<\/strong>.[\/vc_column_text][\/vc_column][vc_column width=&#8221;1\/2&#8243;][vc_column_text]<\/p>\n<h4>Altra llengua<\/h4>\n<p>L&#8217;alemany s\u2019introdueix com a segona llengua estrangera a 1r d&#8217;ESO. Els alumnes de 4t d&#8217;ESO poden participar, en funci\u00f3 del segon idioma que estudien, en un intercanvi ling\u00fc\u00edstic i cultural amb escoles d&#8217;Alemanya.[\/vc_column_text][\/vc_column][\/vc_row][vc_row padding_top_multiplier=&#8221;&#8221; padding_bottom_multiplier=&#8221;2x&#8221;][vc_column][vc_column_text]La necessitat d\u2019una bona consolidaci\u00f3 d\u2019h\u00e0bits individuals comporta la import\u00e0ncia de la gesti\u00f3 d\u2019una agenda amb feines a curt, a mig i a llarg termini.<\/p>\n<p>Seguim un sistema d\u2019avaluaci\u00f3 amb diferents tipus de proves en conson\u00e0ncia amb els continguts i activitats treballades, que posa l\u2019accent en idees com la globalitat i la capacitat de s\u00edntesi.<\/p>\n<div id=\"batxillerat-dual\" class=\"eut-element eut-text sg-title-section\">\n<h3>Diploma dual<\/h3>\n<\/div>\n<div class=\"eut-element eut-divider\"><\/div>\n<div class=\"eut-element eut-text\">\n<p>El Diploma Dual \u00e9s el programa oficial de convalidaci\u00f3 internacional que permet als alumnes obtenir dues titulacions simult\u00e0nies: el Batxillerat i l\u2019American High School Diploma. Els plans d\u2019Estudi dels dos pa\u00efsos comparteixen un 80% de continguts. Els alumnes nom\u00e9s hauran de cursar 6 mat\u00e8ries que no es convaliden del High School.(4 obligat\u00f2ries i 2 optatives), de manera virtual, i en acabar el 2n de Batxillerat obtenen la doble titulaci\u00f3.<\/p>\n<p><a href=\"https:\/\/sites.google.com\/sgviladecans.org\/sgv-diploma-dual\/\">M\u00e9s informaci\u00f3<\/a><\/p>\n<\/div>\n<p>[\/vc_column_text][\/vc_column][\/vc_row][vc_row padding_top_multiplier=&#8221;&#8221; padding_bottom_multiplier=&#8221;&#8221;][vc_column][vc_column_text el_id=&#8221;comunicacio-amb-les-families&#8221; el_class=&#8221;sg-title-section&#8221;]<\/p>\n<h3>Comunicaci\u00f3 amb les fam\u00edlies<\/h3>\n<p>[\/vc_column_text]<div class=\"eut-element eut-divider\" style=\"padding-bottom: 40px;\"><span class=\"eut-custom-divider eut-bg-primary-2 eut-align-inherit\" style=\"width: 40px;height: 3px;\"><\/span><\/div>[vc_column_text css=&#8221;.vc_custom_1729508150118{margin-bottom: 40px !important;}&#8221;]Reunions generals a comen\u00e7ament de curs i al segon trimestre.<\/p>\n<p>Entrevistes personals amb les fam\u00edlies i amb els alumnes (seguiment).Informes d\u2019avaluaci\u00f3: En acabar cada trimestre, lliurem un informe amb les notes i valoracions de totes les \u00e0rees curriculars i observacions generals del proc\u00e9s escolar i del desenvolupament personal. En acabar el curs s\u2019entrega l\u2019avaluaci\u00f3 final.<\/p>\n<p>Entorn acad\u00e8mic Alexia.<\/p>\n<p>Correu electr\u00f2nic.<\/p>\n<p>P\u00e0gina web.<\/p>\n<p>Xarxes socials (Instagram, Twitter)[\/vc_column_text][\/vc_column][\/vc_row]<\/p>\n","protected":false},"excerpt":{"rendered":"<p>[vc_row padding_top_multiplier=&#8221;&#8221;][vc_column][vc_column_text el_id=&#8221;educacio-secundaria-obligatoria&#8221; el_class=&#8221;sg-title-section&#8221;] Educaci\u00f3 Secund\u00e0ria Obligat\u00f2ria [\/vc_column_text][vc_column_text css=&#8221;.vc_custom_1607535745125{margin-bottom: 40px !important;}&#8221;]La finalitat de l\u2019Educaci\u00f3 Secund\u00e0ria \u00e9s proporcionar a tot l\u2019alumnat una educaci\u00f3 que permeti desenvolupar les capacitats personals, les habilitats socials, les compet\u00e8ncies b\u00e0siques; consolidar els aprenentatges instrumentals i adquirir les bases per poder triar les diferents sortides que s\u2019ofereixen en acabar-la. La Secund\u00e0ria \u00e9s [&hellip;]<\/p>\n","protected":false},"author":1,"featured_media":0,"parent":115,"menu_order":0,"comment_status":"closed","ping_status":"closed","template":"","meta":{"footnotes":""},"class_list":["post-151","page","type-page","status-publish","hentry"],"_links":{"self":[{"href":"https:\/\/viladecans.gabrielistas.org\/home-2\/wp-json\/wp\/v2\/pages\/151","targetHints":{"allow":["GET"]}}],"collection":[{"href":"https:\/\/viladecans.gabrielistas.org\/home-2\/wp-json\/wp\/v2\/pages"}],"about":[{"href":"https:\/\/viladecans.gabrielistas.org\/home-2\/wp-json\/wp\/v2\/types\/page"}],"author":[{"embeddable":true,"href":"https:\/\/viladecans.gabrielistas.org\/home-2\/wp-json\/wp\/v2\/users\/1"}],"replies":[{"embeddable":true,"href":"https:\/\/viladecans.gabrielistas.org\/home-2\/wp-json\/wp\/v2\/comments?post=151"}],"version-history":[{"count":23,"href":"https:\/\/viladecans.gabrielistas.org\/home-2\/wp-json\/wp\/v2\/pages\/151\/revisions"}],"predecessor-version":[{"id":2501,"href":"https:\/\/viladecans.gabrielistas.org\/home-2\/wp-json\/wp\/v2\/pages\/151\/revisions\/2501"}],"up":[{"embeddable":true,"href":"https:\/\/viladecans.gabrielistas.org\/home-2\/wp-json\/wp\/v2\/pages\/115"}],"wp:attachment":[{"href":"https:\/\/viladecans.gabrielistas.org\/home-2\/wp-json\/wp\/v2\/media?parent=151"}],"curies":[{"name":"wp","href":"https:\/\/api.w.org\/{rel}","templated":true}]}}