{"id":158,"date":"2020-12-09T18:49:12","date_gmt":"2020-12-09T17:49:12","guid":{"rendered":"http:\/\/gwzrtit.cluster030.hosting.ovh.net\/?page_id=158"},"modified":"2025-07-14T09:57:46","modified_gmt":"2025-07-14T07:57:46","slug":"batxillerat","status":"publish","type":"page","link":"https:\/\/viladecans.gabrielistas.org\/home-2\/oferta-educativa\/batxillerat\/","title":{"rendered":"Batxillerat"},"content":{"rendered":"<p>[vc_row padding_top_multiplier=&#8221;&#8221; padding_bottom_multiplier=&#8221;&#8221;][vc_column]<div class=\"eut-element eut-image eut-align-center\" style=\"margin-bottom: 40px;\"><div class=\"eut-image-wrapper eut-popup-item\" style=\"max-width:981px;\"><div class=\"eut-thumbnail-wrapper\"  style=\"max-width: 981px;\"><div class=\"eut-thumbnail\"  style=\"padding-top: 31.906%;\"><img loading=\"lazy\" decoding=\"async\" width=\"981\" height=\"313\" src=\"https:\/\/viladecans.gabrielistas.org\/wp-content\/uploads\/2020\/12\/sg-header-14.png\" class=\"attachment-full size-full\" alt=\"\" data-eutf-filter=\"yes\" srcset=\"https:\/\/viladecans.gabrielistas.org\/wp-content\/uploads\/2020\/12\/sg-header-14.png 981w, https:\/\/viladecans.gabrielistas.org\/wp-content\/uploads\/2020\/12\/sg-header-14-300x96.png 300w, https:\/\/viladecans.gabrielistas.org\/wp-content\/uploads\/2020\/12\/sg-header-14-768x245.png 768w\" sizes=\"auto, (max-width: 981px) 100vw, 981px\" \/><\/div><\/div>  <\/div><\/div>[vc_column_text el_id=&#8221;batxillerat&#8221; el_class=&#8221;sg-title-section&#8221;]<\/p>\n<h2>Qu\u00e8 \u00e9s el Batxillerat?<\/h2>\n<p>[\/vc_column_text]<div class=\"eut-element eut-divider\" style=\"padding-bottom: 40px;\"><span class=\"eut-custom-divider eut-bg-primary-2 eut-align-inherit\" style=\"width: 40px;height: 3px;\"><\/span><\/div>[vc_column_text css=&#8221;.vc_custom_1607619598607{margin-bottom: 40px !important;}&#8221;]\u00c9s l\u2019ensenyament secundari post obligatori que es cursa normalment entre els 16 i els 18 anys. La naturalesa d\u2019aquests estudis es pot descriure amb 2 criteris principals:[\/vc_column_text][\/vc_column][\/vc_row][vc_row padding_top_multiplier=&#8221;&#8221;][vc_column width=&#8221;1\/2&#8243;][vc_column_text css=&#8221;.vc_custom_1607619582597{margin-bottom: 40px !important;}&#8221;]<\/p>\n<h4>Polival\u00e8ncia<\/h4>\n<p>\u00c9s una formaci\u00f3 de car\u00e0cter general que possibilita l\u2019acc\u00e9s a la Universitat, a Cicles formatius de Grau Superior, a estudis no reglats i al m\u00f3n laboral.[\/vc_column_text][\/vc_column][vc_column width=&#8221;1\/2&#8243;][vc_column_text css=&#8221;.vc_custom_1607619574463{margin-bottom: 40px !important;}&#8221;]<\/p>\n<h4>Flexibilitat<\/h4>\n<p>Curr\u00edculum diversificat que s\u2019adapta millor als interessos de l\u2019alumnat i que permet una millor atenci\u00f3 a la diversitat.[\/vc_column_text][\/vc_column][\/vc_row][vc_row padding_top_multiplier=&#8221;&#8221; padding_bottom_multiplier=&#8221;2x&#8221;][vc_column width=&#8221;1\/2&#8243;][vc_column_text]<\/p>\n<h4><strong>Horari<\/strong><\/h4>\n<p>Mat\u00ed de <strong>8:00 h \u2013 14:30 h<\/strong>[\/vc_column_text][\/vc_column][vc_column width=&#8221;1\/2&#8243;][\/vc_column][\/vc_row][vc_row padding_top_multiplier=&#8221;&#8221; padding_bottom_multiplier=&#8221;&#8221;][vc_column][vc_column_text el_id=&#8221;accio-tutorial&#8221; el_class=&#8221;sg-title-section&#8221;]<\/p>\n<h3>Curr\u00edculum<\/h3>\n<p>[\/vc_column_text]<div class=\"eut-element eut-divider\" style=\"padding-bottom: 40px;\"><span class=\"eut-custom-divider eut-bg-primary-2 eut-align-inherit\" style=\"width: 40px;height: 3px;\"><\/span><\/div>[vc_column_text]<\/p>\n<table width=\"100%\">\n<tbody>\n<tr>\n<td colspan=\"2\"><strong>1r Batxillerat<\/strong><\/td>\n<\/tr>\n<tr bgcolor=\"#cccccc\">\n<td colspan=\"2\"><strong>Mat\u00e8ries Comunes<\/strong><\/td>\n<\/tr>\n<tr>\n<td colspan=\"2\">Llengua i Literatura catalana I<br \/>\nLlengua i Literatura castellana I<br \/>\nLlengua estrangera (angl\u00e8s) I<br \/>\nFilosofia<br \/>\nEducaci\u00f3 F\u00edsica<br \/>\nTutoria<\/td>\n<\/tr>\n<tr bgcolor=\"#cccccc\">\n<td colspan=\"2\"><strong>Mat\u00e8ries de modalitat<\/strong><\/td>\n<\/tr>\n<tr>\n<td width=\"50%\"><strong>Ci\u00e8ncies i tecnologia<\/strong><br \/>\nMatem\u00e0tiques I<br \/>\nBiologia I \/ F\u00edsica I<br \/>\nEnginyeria i Tecnologia I \/ Qu\u00edmica I<\/td>\n<td><strong>Humanitats i ci\u00e8ncies socials<\/strong><br \/>\nLlat\u00ed I \/ Matem\u00e0tiques Ci\u00e8ncies Socials I<br \/>\nHist\u00f2ria del M\u00f3n Contemporani<br \/>\nEconomia<\/td>\n<\/tr>\n<tr bgcolor=\"#cccccc\">\n<td colspan=\"5\"><strong>Mat\u00e8ries optatives<\/strong><\/td>\n<\/tr>\n<tr>\n<td colspan=\"4\"><strong>BLOC I (trimestrals)<\/strong><\/p>\n<p>Ciutadania, Pol\u00edtica i Dret \/ Comunicaci\u00f3 Audiovisual \/ Reptes Cient\u00edfics Actuals (F\u00edsica i Qu\u00edmica) \/ Rob\u00f2tica<\/p>\n<p><strong>BLOC II (trimestrals)<\/strong><\/p>\n<p>Creaci\u00f3 Liter\u00e0ria \/Fonaments del Dibuix Lineal \/ Problem\u00e0tiques socials \/ Reptes Cient\u00edfics Actuals (Biologia i Geologia)<\/p>\n<p><strong>BLOC III (anuals)<\/strong><\/p>\n<p>Biomedicina \/ Programaci\u00f3 \/ Formaci\u00f3 i Orientaci\u00f3 Personal i Professional \/ Comunicaci\u00f3<\/td>\n<\/tr>\n<\/tbody>\n<\/table>\n<hr \/>\n<table width=\"100%\">\n<tbody>\n<tr>\n<td colspan=\"2\"><strong>2n Batxillerat<\/strong><\/td>\n<\/tr>\n<tr bgcolor=\"#cccccc\">\n<td colspan=\"2\"><strong>Mat\u00e8ries Comunes<\/strong><\/td>\n<\/tr>\n<tr>\n<td colspan=\"2\">Llengua i Literatura catalana II<br \/>\nLlengua i Literatura castellana II<br \/>\nLlengua estrangera (angl\u00e8s) II<br \/>\nHist\u00f2ria de la filosofia<br \/>\nHist\u00f2ria d&#8217;Espanya<br \/>\nTutoria<\/td>\n<\/tr>\n<tr bgcolor=\"#cccccc\">\n<td colspan=\"2\"><strong>Mat\u00e8ries de modalitat<\/strong><\/td>\n<\/tr>\n<tr>\n<td width=\"50%\"><strong>Ci\u00e8ncies i tecnologia<\/strong><br \/>\nMatem\u00e0tiques II<br \/>\nBiologia II \/ F\u00edsica II<br \/>\nEnginyeria i Tecnologia II \/ Qu\u00edmica II<\/td>\n<td><strong>Humanitats i ci\u00e8ncies socials<\/strong><br \/>\nLlat\u00ed II\/ Matem\u00e0tiques ci\u00e8ncies socials II<br \/>\nFuncionament de l\u2019empresa i disseny de models de negoci \/ Hist\u00f2ria de l&#8217;art<br \/>\nGeografia \/ Literatura castellana<\/td>\n<\/tr>\n<tr bgcolor=\"#cccccc\">\n<td colspan=\"5\"><strong>Mat\u00e8ries optatives<\/strong><\/td>\n<\/tr>\n<tr>\n<td colspan=\"4\">Entorn Sostenible (ODS 11-15) \/ Pau, Just\u00edcia i Corresponsabilitat (ODS 16-17) \/ Poblaci\u00f3 i Prosperitat (ODS 1-10)<\/td>\n<\/tr>\n<\/tbody>\n<\/table>\n<p>[\/vc_column_text][vc_column_text el_class=&#8221;sg-title-section&#8221;]<\/p>\n<h3>Acci\u00f3 tutorial<\/h3>\n<p>[\/vc_column_text]<div class=\"eut-element eut-divider\" style=\"padding-bottom: 40px;\"><span class=\"eut-custom-divider eut-bg-primary-2 eut-align-inherit\" style=\"width: 40px;height: 3px;\"><\/span><\/div>[vc_column_text]Una de les claus d\u2019\u00e8xit de la nostra escola \u00e9s l\u2019acci\u00f3 tutorial, la qual \u00e9s molt important en el transcurs del batxillerat. El tutor, sempre molt proper a l\u2019alumne i als pares, \u00e9s la garantia que la comunicaci\u00f3 entre l\u2019escola i la fam\u00edlia ser\u00e0 constant, puntual i flu\u00efda, i personal i directa quan calgui o per la xarxa, si \u00e9s convenient.<\/p>\n<p>A trav\u00e9s de la tutoria grupal, el tutor coneix i orienta el grup. Amb les tutories individualitzades at\u00e9n les necessitats espec\u00edfiques de cada alumne.<br \/>\nLa cohesi\u00f3 del grup, l\u2019ambient dins l\u2019aula i la conviv\u00e8ncia s\u00f3n prioritats que tamb\u00e9 s\u2019enfoquen des de les tutories, a les quals hi afegim el tractament de temes d\u2019inter\u00e8s i que s\u00f3n centrals en la formaci\u00f3 dels joves. Des de la participaci\u00f3, la sensibilitzaci\u00f3, l\u2019animaci\u00f3 i el lideratge en les q\u00fcestions que es proposen a les diferents comissions de l\u2019escola (pastoral, escola verda, pla lector i d\u2019altres), els nostres alumnes completen la seva formaci\u00f3 acad\u00e8mica d\u2019una manera integral.<\/p>\n<p>L\u2019orientaci\u00f3 professional i acad\u00e8mica \u00e9s un eix central dels plans d\u2019acci\u00f3 tutorial programats als dos cursos de batxillerat. Aquests plans programen accions com ara l\u2019assist\u00e8ncia a jornades informatives proposades des de la universitat (p\u00fablica i privada), la promoci\u00f3 de xerrades a l\u2019escola a c\u00e0rrec d\u2019experts en el m\u00f3n de la formaci\u00f3 professional, la participaci\u00f3 a jornades-taller en l\u2019\u00e0mbit universitari, l\u2019organitzaci\u00f3 d\u2019una jornada orientativa amb ex-alumnes de la nostra escola, etc.[\/vc_column_text][vc_column_text]<\/p>\n<h3>Informaci\u00f3 Proves d&#8217;Acc\u00e9s a la Universitat<\/h3>\n<p>[\/vc_column_text]<div class=\"eut-element eut-divider\" style=\"padding-bottom: 40px;\"><span class=\"eut-custom-divider eut-bg-primary-2 eut-align-inherit\" style=\"width: 40px;height: 3px;\"><\/span><\/div>[vc_column_text]Clicant\u00a0<a href=\"http:\/\/universitats.gencat.cat\/ca\/pau\" target=\"_blank\" rel=\"noopener noreferrer\">AQU\u00cd<\/a>\u00a0podeu trobar tota la informaci\u00f3 relacionada sobre aquesta prova.<\/p>\n<p>PONDERACIONS<\/p>\n<p>Per tal de calcular la nota d\u2019admissi\u00f3, es triaran les dues qualificacions de les mat\u00e8ries superades a la fase espec\u00edfica que, un cop ponderades, donin les notes m\u00e9s altes.<\/p>\n<p>Els par\u00e0metres de ponderaci\u00f3 de les mat\u00e8ries de la modalitat de batxillerat adscrites a les branques de coneixement dels t\u00edtols de grau, que s\u2019aplicaran per l\u2019acc\u00e9s a la universitat, s\u2019especifiquen <a href=\"https:\/\/universitats.gencat.cat\/ca\/preinscripcions\/sobre-preinscripcio\/ponderacions\/\">en aquest enlla\u00e7.<\/a>[\/vc_column_text][vc_column_text el_id=&#8221;batxillerat-dual&#8221; el_class=&#8221;sg-title-section&#8221;]<\/p>\n<h3>Diploma dual<\/h3>\n<p>[\/vc_column_text]<div class=\"eut-element eut-divider\" style=\"padding-bottom: 40px;\"><span class=\"eut-custom-divider eut-bg-primary-2 eut-align-inherit\" style=\"width: 40px;height: 3px;\"><\/span><\/div>[vc_column_text]El Diploma Dual \u00e9s el programa oficial de convalidaci\u00f3 internacional que permet als alumnes obtenir dues titulacions simult\u00e0nies: el Batxillerat i l\u2019American High School Diploma. Els plans d&#8217;Estudi dels dos pa\u00efsos comparteixen un 80% de continguts. Els alumnes nom\u00e9s hauran de cursar 6 mat\u00e8ries que no es convaliden del High School.(4 obligat\u00f2ries i 2 optatives), de manera virtual, i en acabar el 2n de Batxillerat obtenen la doble titulaci\u00f3.<\/p>\n<p><a href=\"https:\/\/sites.google.com\/sgviladecans.org\/sgv-diploma-dual\/\">M\u00e9s informaci\u00f3<\/a>[\/vc_column_text]<div class=\"eut-element eut-divider\" style=\"padding-bottom: 40px;\"><span class=\"eut-custom-divider eut-bg-primary-2 eut-align-inherit\" style=\"width: 40px;height: 3px;\"><\/span><\/div>[vc_column_text][\/vc_column_text][\/vc_column][\/vc_row]<\/p>\n","protected":false},"excerpt":{"rendered":"<p>[vc_row padding_top_multiplier=&#8221;&#8221; padding_bottom_multiplier=&#8221;&#8221;][vc_column][vc_column_text el_id=&#8221;batxillerat&#8221; el_class=&#8221;sg-title-section&#8221;] Qu\u00e8 \u00e9s el Batxillerat? [\/vc_column_text][vc_column_text css=&#8221;.vc_custom_1607619598607{margin-bottom: 40px !important;}&#8221;]\u00c9s l\u2019ensenyament secundari post obligatori que es cursa normalment entre els 16 i els 18 anys. La naturalesa d\u2019aquests estudis es pot descriure amb 2 criteris principals:[\/vc_column_text][\/vc_column][\/vc_row][vc_row padding_top_multiplier=&#8221;&#8221;][vc_column width=&#8221;1\/2&#8243;][vc_column_text css=&#8221;.vc_custom_1607619582597{margin-bottom: 40px !important;}&#8221;] Polival\u00e8ncia \u00c9s una formaci\u00f3 de car\u00e0cter general que possibilita l\u2019acc\u00e9s a [&hellip;]<\/p>\n","protected":false},"author":1,"featured_media":0,"parent":115,"menu_order":0,"comment_status":"closed","ping_status":"closed","template":"","meta":{"footnotes":""},"class_list":["post-158","page","type-page","status-publish","hentry"],"_links":{"self":[{"href":"https:\/\/viladecans.gabrielistas.org\/home-2\/wp-json\/wp\/v2\/pages\/158","targetHints":{"allow":["GET"]}}],"collection":[{"href":"https:\/\/viladecans.gabrielistas.org\/home-2\/wp-json\/wp\/v2\/pages"}],"about":[{"href":"https:\/\/viladecans.gabrielistas.org\/home-2\/wp-json\/wp\/v2\/types\/page"}],"author":[{"embeddable":true,"href":"https:\/\/viladecans.gabrielistas.org\/home-2\/wp-json\/wp\/v2\/users\/1"}],"replies":[{"embeddable":true,"href":"https:\/\/viladecans.gabrielistas.org\/home-2\/wp-json\/wp\/v2\/comments?post=158"}],"version-history":[{"count":45,"href":"https:\/\/viladecans.gabrielistas.org\/home-2\/wp-json\/wp\/v2\/pages\/158\/revisions"}],"predecessor-version":[{"id":2861,"href":"https:\/\/viladecans.gabrielistas.org\/home-2\/wp-json\/wp\/v2\/pages\/158\/revisions\/2861"}],"up":[{"embeddable":true,"href":"https:\/\/viladecans.gabrielistas.org\/home-2\/wp-json\/wp\/v2\/pages\/115"}],"wp:attachment":[{"href":"https:\/\/viladecans.gabrielistas.org\/home-2\/wp-json\/wp\/v2\/media?parent=158"}],"curies":[{"name":"wp","href":"https:\/\/api.w.org\/{rel}","templated":true}]}}