{"id":166,"date":"2020-12-09T18:55:44","date_gmt":"2020-12-09T17:55:44","guid":{"rendered":"http:\/\/gwzrtit.cluster030.hosting.ovh.net\/?page_id=166"},"modified":"2025-07-14T09:57:46","modified_gmt":"2025-07-14T07:57:46","slug":"formacio-professional","status":"publish","type":"page","link":"https:\/\/viladecans.gabrielistas.org\/home-2\/oferta-educativa\/formacio-professional\/","title":{"rendered":"Formaci\u00f3 professional"},"content":{"rendered":"<p>[vc_row padding_top_multiplier=&#8221;&#8221; padding_bottom_multiplier=&#8221;&#8221;][vc_column]<div class=\"eut-element eut-image eut-align-center\" style=\"margin-bottom: 40px;\"><div class=\"eut-image-wrapper eut-popup-item\" style=\"max-width:981px;\"><div class=\"eut-thumbnail-wrapper\"  style=\"max-width: 981px;\"><div class=\"eut-thumbnail\"  style=\"padding-top: 31.906%;\"><img loading=\"lazy\" decoding=\"async\" width=\"981\" height=\"313\" src=\"https:\/\/viladecans.gabrielistas.org\/wp-content\/uploads\/2020\/12\/sg-header-12.png\" class=\"attachment-full size-full\" alt=\"\" data-eutf-filter=\"yes\" srcset=\"https:\/\/viladecans.gabrielistas.org\/wp-content\/uploads\/2020\/12\/sg-header-12.png 981w, https:\/\/viladecans.gabrielistas.org\/wp-content\/uploads\/2020\/12\/sg-header-12-300x96.png 300w, https:\/\/viladecans.gabrielistas.org\/wp-content\/uploads\/2020\/12\/sg-header-12-768x245.png 768w\" sizes=\"auto, (max-width: 981px) 100vw, 981px\" \/><\/div><\/div>  <\/div><\/div>[vc_column_text el_id=&#8221;cicles-formatius&#8221; el_class=&#8221;sg-title-section&#8221;]<\/p>\n<h2>Formaci\u00f3 professional<\/h2>\n<p>[\/vc_column_text]<div class=\"eut-element eut-divider\" style=\"padding-bottom: 40px;\"><span class=\"eut-custom-divider eut-bg-primary-2 eut-align-inherit\" style=\"width: 40px;height: 3px;\"><\/span><\/div>[vc_column_text css=&#8221;.vc_custom_1607536584682{margin-bottom: 40px !important;}&#8221;]Els Cicles Formatius s\u00f3n estudis espec\u00edfics encaminats a proporcionar unes compet\u00e8ncies professionals i a preparar a l\u2019alumne per a la incorporaci\u00f3 al m\u00f3n laboral o estudis superiors.[\/vc_column_text][vc_column_text el_id=&#8221;oferta-formativa&#8221; el_class=&#8221;sg-title-section&#8221;]<\/p>\n<h3>Oferta formativa<\/h3>\n<p>[\/vc_column_text]<div class=\"eut-element eut-divider\" style=\"padding-bottom: 40px;\"><span class=\"eut-custom-divider eut-bg-primary-2 eut-align-inherit\" style=\"width: 40px;height: 3px;\"><\/span><\/div>[\/vc_column][\/vc_row][vc_row padding_top_multiplier=&#8221;&#8221;][vc_column width=&#8221;1\/2&#8243;][vc_column_text css=&#8221;.vc_custom_1679851213144{margin-bottom: 40px !important;}&#8221;]<\/p>\n<h4>Grau mitj\u00e0<\/h4>\n<p><a href=\"http:\/\/viladecans.gabrielistas.org\/guimn\/\">Guia en el medi natural i de temps de lleure (CFPM AE10)<\/a><\/p>\n<p><a href=\"http:\/\/viladecans.gabrielistas.org\/oferta-educativa\/formacio-professional\/1445-2\/\">Electromec\u00e0nica de vehicles autom\u00f2bils (CFPM TM10)<\/a>[\/vc_column_text][\/vc_column][vc_column width=&#8221;1\/2&#8243;][vc_column_text css=&#8221;.vc_custom_1679852274118{margin-bottom: 40px !important;}&#8221;]<\/p>\n<h4>Grau superior<\/h4>\n<p><a href=\"http:\/\/viladecans.gabrielistas.org\/oferta-educativa\/formacio-professional\/1450-2\/\">Ensenyament i animaci\u00f3 socioesportiva (CFPS AEA0)<\/a><\/p>\n<p><a href=\"http:\/\/viladecans.gabrielistas.org\/oferta-educativa\/formacio-professional\/1454-2\/\">Automoci\u00f3 (CFPS TMAO)<\/a>[\/vc_column_text][\/vc_column][\/vc_row][vc_row][vc_column][vc_column_text]<\/p>\n<div class=\"eut-element eut-text\">\n<h3>Informaci\u00f3 Proves d\u2019Acc\u00e9s a la Universitat<\/h3>\n<\/div>\n<div class=\"eut-element eut-divider\"><\/div>\n<div>La qualificaci\u00f3 del cicle de grau superior substitueix a la fase comuna de les proves de les PAU, que NO cal realitzar.<\/div>\n<div class=\"eut-element eut-text\">\n<p>Clicant\u00a0<a href=\"https:\/\/universitats.gencat.cat\/ca\/proves-acces-PAU-PAP\/\" target=\"_blank\" rel=\"noopener noreferrer\">AQU\u00cd<\/a>\u00a0podeu trobar tota la informaci\u00f3 relacionada sobre aquesta prova.<\/p>\n<p>PONDERACIONS<\/p>\n<p>Per tal de calcular la nota d\u2019admissi\u00f3, es triaran les dues qualificacions de les mat\u00e8ries superades a la fase espec\u00edfica que, un cop ponderades, donin les notes m\u00e9s altes.<\/p>\n<p>Els par\u00e0metres de ponderaci\u00f3 de les mat\u00e8ries de la modalitat de batxillerat adscrites a les branques de coneixement dels t\u00edtols de grau, que s\u2019aplicaran per l\u2019acc\u00e9s a la universitat, s\u2019especifiquen\u00a0<a href=\"https:\/\/universitats.gencat.cat\/ca\/preinscripcions\/sobre-preinscripcio\/ponderacions\/\">en aquest enlla\u00e7.<\/a><\/p>\n<\/div>\n<p>[\/vc_column_text][\/vc_column][\/vc_row]<\/p>\n","protected":false},"excerpt":{"rendered":"<p>[vc_row padding_top_multiplier=&#8221;&#8221; padding_bottom_multiplier=&#8221;&#8221;][vc_column][vc_column_text el_id=&#8221;cicles-formatius&#8221; el_class=&#8221;sg-title-section&#8221;] Formaci\u00f3 professional [\/vc_column_text][vc_column_text css=&#8221;.vc_custom_1607536584682{margin-bottom: 40px !important;}&#8221;]Els Cicles Formatius s\u00f3n estudis espec\u00edfics encaminats a proporcionar unes compet\u00e8ncies professionals i a preparar a l\u2019alumne per a la incorporaci\u00f3 al m\u00f3n laboral o estudis superiors.[\/vc_column_text][vc_column_text el_id=&#8221;oferta-formativa&#8221; el_class=&#8221;sg-title-section&#8221;] Oferta formativa [\/vc_column_text][\/vc_column][\/vc_row][vc_row padding_top_multiplier=&#8221;&#8221;][vc_column width=&#8221;1\/2&#8243;][vc_column_text css=&#8221;.vc_custom_1679851213144{margin-bottom: 40px !important;}&#8221;] Grau mitj\u00e0 Guia en el medi natural i [&hellip;]<\/p>\n","protected":false},"author":1,"featured_media":0,"parent":115,"menu_order":0,"comment_status":"closed","ping_status":"closed","template":"","meta":{"footnotes":""},"class_list":["post-166","page","type-page","status-publish","hentry"],"_links":{"self":[{"href":"https:\/\/viladecans.gabrielistas.org\/home-2\/wp-json\/wp\/v2\/pages\/166","targetHints":{"allow":["GET"]}}],"collection":[{"href":"https:\/\/viladecans.gabrielistas.org\/home-2\/wp-json\/wp\/v2\/pages"}],"about":[{"href":"https:\/\/viladecans.gabrielistas.org\/home-2\/wp-json\/wp\/v2\/types\/page"}],"author":[{"embeddable":true,"href":"https:\/\/viladecans.gabrielistas.org\/home-2\/wp-json\/wp\/v2\/users\/1"}],"replies":[{"embeddable":true,"href":"https:\/\/viladecans.gabrielistas.org\/home-2\/wp-json\/wp\/v2\/comments?post=166"}],"version-history":[{"count":18,"href":"https:\/\/viladecans.gabrielistas.org\/home-2\/wp-json\/wp\/v2\/pages\/166\/revisions"}],"predecessor-version":[{"id":2503,"href":"https:\/\/viladecans.gabrielistas.org\/home-2\/wp-json\/wp\/v2\/pages\/166\/revisions\/2503"}],"up":[{"embeddable":true,"href":"https:\/\/viladecans.gabrielistas.org\/home-2\/wp-json\/wp\/v2\/pages\/115"}],"wp:attachment":[{"href":"https:\/\/viladecans.gabrielistas.org\/home-2\/wp-json\/wp\/v2\/media?parent=166"}],"curies":[{"name":"wp","href":"https:\/\/api.w.org\/{rel}","templated":true}]}}