{"id":202,"date":"2020-12-10T11:03:19","date_gmt":"2020-12-10T10:03:19","guid":{"rendered":"http:\/\/gwzrtit.cluster030.hosting.ovh.net\/?page_id=202"},"modified":"2025-07-14T09:58:07","modified_gmt":"2025-07-14T07:58:07","slug":"cohesio-social","status":"publish","type":"page","link":"https:\/\/viladecans.gabrielistas.org\/home-2\/projectes\/cohesio-social\/","title":{"rendered":"Cohesi\u00f3 social"},"content":{"rendered":"<p>[vc_row padding_top_multiplier=&#8221;&#8221;][vc_column]<div class=\"eut-element eut-image eut-align-center\" style=\"margin-bottom: 40px;\"><div class=\"eut-image-wrapper eut-popup-item\" style=\"max-width:981px;\"><div class=\"eut-thumbnail-wrapper\"  style=\"max-width: 981px;\"><div class=\"eut-thumbnail\"  style=\"padding-top: 31.906%;\"><img loading=\"lazy\" decoding=\"async\" width=\"981\" height=\"313\" src=\"https:\/\/viladecans.gabrielistas.org\/wp-content\/uploads\/2020\/12\/sg-header-6.png\" class=\"attachment-full size-full\" alt=\"\" data-eutf-filter=\"yes\" srcset=\"https:\/\/viladecans.gabrielistas.org\/wp-content\/uploads\/2020\/12\/sg-header-6.png 981w, https:\/\/viladecans.gabrielistas.org\/wp-content\/uploads\/2020\/12\/sg-header-6-300x96.png 300w, https:\/\/viladecans.gabrielistas.org\/wp-content\/uploads\/2020\/12\/sg-header-6-768x245.png 768w\" sizes=\"auto, (max-width: 981px) 100vw, 981px\" \/><\/div><\/div>  <\/div><\/div>[vc_column_text el_id=&#8221;cohesio-social&#8221; el_class=&#8221;sg-title-section&#8221;]<\/p>\n<h2>Cohesi\u00f3 social<\/h2>\n<p>[\/vc_column_text]<div class=\"eut-element eut-divider\" style=\"padding-bottom: 40px;\"><span class=\"eut-custom-divider eut-bg-primary-2 eut-align-inherit\" style=\"width: 40px;height: 3px;\"><\/span><\/div>[vc_column_text css=&#8221;.vc_custom_1607594487156{margin-bottom: 40px !important;}&#8221;]El nostre projecte parteix d\u2019una visi\u00f3 inclusiva de l\u2019educaci\u00f3. Compartir espais i temps a l\u2019escola facilita la interacci\u00f3 entre els alumnes dels diferents nivells. Les propostes educatives que duem a terme promouen una estreta conviv\u00e8ncia que desperta en els alumnes un clima afectu\u00f3s, marcat per la familiaritat, on poder seguir aprenent.[\/vc_column_text][vc_column_text el_id=&#8221;projecte-padrins&#8221; el_class=&#8221;sg-title-section&#8221;]<\/p>\n<h3>Projecte padrins<\/h3>\n<p>[\/vc_column_text]<div class=\"eut-element eut-divider\" style=\"padding-bottom: 40px;\"><span class=\"eut-custom-divider eut-bg-primary-2 eut-align-inherit\" style=\"width: 40px;height: 3px;\"><\/span><\/div>[vc_column_text css=&#8221;.vc_custom_1695202110861{margin-bottom: 40px !important;}&#8221;]<\/p>\n<p class=\"footer-inner\">El projecte padrins consisteix en l\u2019apadrinament d\u2019un noi\/noia de l\u2019ESO a un nen\/nena d\u2019E.I. i de Primer d\u2019E.P.<\/p>\n<p>Cada mes es realitza una activitat conjunta per treballar diferents valors i capacitats que considerem molt importants pel desenvolupament personal dels nostres alumnes: el respecte, la generositat, el comprom\u00eds, la responsabilitat i l\u2019autoestima entre d\u2019altres.<\/p>\n<p>Algunes de les activitats que es fan s\u00f3n: manualitats, intercanvi de postals, acompanyament lector, sortida al parc de la Marina, jocs de taula, jocs esportius, celebraci\u00f3 de festes, \u2026[\/vc_column_text][vc_column_text el_id=&#8221;aprenentatge-servei&#8221; el_class=&#8221;sg-title-section&#8221;]<\/p>\n<h3>Aprenentatge Servei<\/h3>\n<p>[\/vc_column_text]<div class=\"eut-element eut-divider\" style=\"padding-bottom: 40px;\"><span class=\"eut-custom-divider eut-bg-primary-2 eut-align-inherit\" style=\"width: 40px;height: 3px;\"><\/span><\/div>[vc_column_text css=&#8221;.vc_custom_1607594565210{margin-bottom: 40px !important;}&#8221;]L\u2019aprenentatge servei \u00e9s una proposta educativa que combina processos d\u2019aprenentatge i de servei a la comunitat en un sol projecte ben articulat en el qual els participants es formen tot treballant sobre necessitats reals de l\u2019entorn amb l\u2019objectiu de millorar-lo. L\u2019aprenentatge servei \u00e9s, doncs, un projecte educatiu amb utilitat social.<\/p>\n<p>La relaci\u00f3 circular que s\u2019estableix entre l\u2019aprenentatge i el servei genera una nova realitat que intensifica els efectes de cada un per separat. L\u2019aprenentatge millora el servei a la comunitat, perqu\u00e8 aquest guanya en qualitat, i el servei d\u00f3na sentit a l\u2019aprenentatge, perqu\u00e8 all\u00f2 que s\u2019apr\u00e8n es pot transferir a la realitat en forma d\u2019acci\u00f3.<\/p>\n<p>S\u2019aplica en \u00e0mbits educatius formals i no formals, a qualsevol edat i en totes les etapes educatives. Conv\u00e9 situar les experi\u00e8ncies dintre de les possibilitats temporals de cada instituci\u00f3. En l\u2019educaci\u00f3 formal es poden col\u00b7locar en: tutories, cr\u00e8dits de s\u00edntesi o de recerca, pivotant en una o diverses mat\u00e8ries, activitats extraescolars, o en un temps destinat espec\u00edficament al tema. Pel que fa a l\u2019educaci\u00f3 no formal, s\u2019ubicaran en: col\u00f2nies, campaments, camps de treball, trobades setmanals i altres.[\/vc_column_text][\/vc_column][\/vc_row]<\/p>\n","protected":false},"excerpt":{"rendered":"<p>[vc_row padding_top_multiplier=&#8221;&#8221;][vc_column][vc_column_text el_id=&#8221;cohesio-social&#8221; el_class=&#8221;sg-title-section&#8221;] Cohesi\u00f3 social [\/vc_column_text][vc_column_text css=&#8221;.vc_custom_1607594487156{margin-bottom: 40px !important;}&#8221;]El nostre projecte parteix d\u2019una visi\u00f3 inclusiva de l\u2019educaci\u00f3. Compartir espais i temps a l\u2019escola facilita la interacci\u00f3 entre els alumnes dels diferents nivells. Les propostes educatives que duem a terme promouen una estreta conviv\u00e8ncia que desperta en els alumnes un clima afectu\u00f3s, marcat per la [&hellip;]<\/p>\n","protected":false},"author":1,"featured_media":0,"parent":173,"menu_order":0,"comment_status":"closed","ping_status":"closed","template":"","meta":{"footnotes":""},"class_list":["post-202","page","type-page","status-publish","hentry"],"_links":{"self":[{"href":"https:\/\/viladecans.gabrielistas.org\/home-2\/wp-json\/wp\/v2\/pages\/202","targetHints":{"allow":["GET"]}}],"collection":[{"href":"https:\/\/viladecans.gabrielistas.org\/home-2\/wp-json\/wp\/v2\/pages"}],"about":[{"href":"https:\/\/viladecans.gabrielistas.org\/home-2\/wp-json\/wp\/v2\/types\/page"}],"author":[{"embeddable":true,"href":"https:\/\/viladecans.gabrielistas.org\/home-2\/wp-json\/wp\/v2\/users\/1"}],"replies":[{"embeddable":true,"href":"https:\/\/viladecans.gabrielistas.org\/home-2\/wp-json\/wp\/v2\/comments?post=202"}],"version-history":[{"count":7,"href":"https:\/\/viladecans.gabrielistas.org\/home-2\/wp-json\/wp\/v2\/pages\/202\/revisions"}],"predecessor-version":[{"id":1841,"href":"https:\/\/viladecans.gabrielistas.org\/home-2\/wp-json\/wp\/v2\/pages\/202\/revisions\/1841"}],"up":[{"embeddable":true,"href":"https:\/\/viladecans.gabrielistas.org\/home-2\/wp-json\/wp\/v2\/pages\/173"}],"wp:attachment":[{"href":"https:\/\/viladecans.gabrielistas.org\/home-2\/wp-json\/wp\/v2\/media?parent=202"}],"curies":[{"name":"wp","href":"https:\/\/api.w.org\/{rel}","templated":true}]}}