{"id":2022,"date":"2024-02-26T11:13:57","date_gmt":"2024-02-26T10:13:57","guid":{"rendered":"http:\/\/viladecans.gabrielistas.org\/home-2\/?page_id=2022"},"modified":"2025-07-14T09:57:46","modified_gmt":"2025-07-14T07:57:46","slug":"programa-salut","status":"publish","type":"page","link":"https:\/\/viladecans.gabrielistas.org\/home-2\/programa-salut\/","title":{"rendered":"Programa salut"},"content":{"rendered":"<p>&nbsp;<\/p>\n<p><img loading=\"lazy\" decoding=\"async\" class=\"aligncenter wp-image-2023 size-full\" src=\"http:\/\/viladecans.gabrielistas.org\/wp-content\/uploads\/2024\/02\/sg-header-20.png\" alt=\"\" width=\"981\" height=\"313\" srcset=\"https:\/\/viladecans.gabrielistas.org\/wp-content\/uploads\/2024\/02\/sg-header-20.png 981w, https:\/\/viladecans.gabrielistas.org\/wp-content\/uploads\/2024\/02\/sg-header-20-300x96.png 300w, https:\/\/viladecans.gabrielistas.org\/wp-content\/uploads\/2024\/02\/sg-header-20-768x245.png 768w\" sizes=\"auto, (max-width: 981px) 100vw, 981px\" \/><\/p>\n<div id=\"programa-salut\" class=\"eut-element eut-text sg-title-section\">\n<h2>Programa salut<\/h2>\n<\/div>\n<div class=\"eut-element eut-divider\"><\/div>\n<div class=\"eut-element eut-text vc_custom_1612973797735\">\n<p>La investigaci\u00f3 en salut p\u00fablica ha assenyalat que les iniciatives de promoci\u00f3 de la salut han de comen\u00e7ar a la inf\u00e0ncia per aconseguir un canvi de comportament durador i efica\u00e7 i que les intervencions escolars s\u00f3n les m\u00e9s efectives.<\/p>\n<p>Amb una visi\u00f3 global de promoci\u00f3 integral de la salut, tenim la voluntat d\u2019incidir en quatre components b\u00e0sics interrelacionats: l\u2019adquisici\u00f3 d\u2019h\u00e0bits d\u2019alimentaci\u00f3 saludable, el desenvolupament d\u2019activitat f\u00edsica, el coneixement del cos i la gesti\u00f3 emocional com a factor de protecci\u00f3 envers les addiccions.<\/p>\n<p>Pretenem proveir el nostre alumnat amb les habilitats i valors necessaris que els permetin actuar positivament en relaci\u00f3 amb la seva pr\u00f2pia salut durant tota la vida.<\/p>\n<p>Posem els alumnes al centre de la intervenci\u00f3, oferim activitats per a l\u2019aula i per a les fam\u00edlies, aix\u00ed com formaci\u00f3 pel professorat i propostes pel foment d\u2019un ambient escolar saludable. Les activitats d\u2019aula es desenvolupen a trav\u00e9s de metodologies globalitzadores.<\/p>\n<p>Els continguts i activitats s\u2019adapten al curr\u00edculum de cada nivell educatiu, a la legislaci\u00f3 educativa i al nivell cognitiu dels infants.<\/p>\n<\/div>\n<div id=\"alimentacio-saludable\" class=\"eut-element eut-text sg-title-section\">\n<h3>Alimentaci\u00f3 Saludable<\/h3>\n<\/div>\n<div class=\"eut-element eut-divider\"><\/div>\n<div class=\"eut-element eut-text vc_custom_1612973842747\">\n<p>Ha quedat \u00e0mpliament demostrat que l\u2019obesitat i altres patologies relacionades com ara la diabetis o la hipertensi\u00f3 s\u00f3n els principals factors de risc cardiovascular. En nombroses ocasions aquestes patologies s\u00f3n causades per la manca d\u2019activitat f\u00edsica o una alimentaci\u00f3 inadequada. Ambd\u00f3s aspectes s\u00f3n h\u00e0bits de vida modificables que, si es milloren, poden aturar l\u2019augment de la prevalen\u00e7a de la malaltia cardiovascular observada a escala internacional aquestes darreres d\u00e8cades.<\/p>\n<p>Donat que les malalties cardiovasculars sovint tenen el seu origen a la inf\u00e0ncia, considerem cabdal implementar programes escolars destinats a promocionar la salut cardiovascular des d\u2019edats primerenques.<\/p>\n<p>D\u2019altra banda, l\u2019evid\u00e8ncia cient\u00edfica recolza l\u2019efic\u00e0cia de les intervencions escolars com el millor vehicle per arribar als nens i nenes i al seu entorn m\u00e9s immediat, especialment quan compten amb una avaluaci\u00f3 s\u00f2lida, com \u00e9s el cas del Programa<strong>\u00a0Salvar vides<\/strong>.<\/p>\n<\/div>\n<div class=\"eut-element eut-text sg-title-section\">\n<h3>Coneixement del cos. Programa Salvar vides<\/h3>\n<\/div>\n<div class=\"eut-element eut-divider\"><\/div>\n<div class=\"eut-element eut-text vc_custom_1612973932747\">\n<p>Una alimentaci\u00f3 adequada durant la inf\u00e0ncia i l\u2019adolesc\u00e8ncia \u00e9s un factor determinant de la salut en l\u2019etapa adulta. Alimentar-se b\u00e9 contribueix a garantir una vida amb energia, vitalitat, bellesa, intel\u00b7lig\u00e8ncia i alegria.<br \/>\n\u00c9s molt important que els nens i nenes tinguin una alimentaci\u00f3 saludable entesa com suficient, equilibrada, variada i satisfact\u00f2ria i que per tant mengin de tot i variat.<\/p>\n<p>A les nostres escoles els men\u00fas estan pensats diet\u00e8ticament i en funci\u00f3 de la temporada i se\u2019n fan an\u00e0lisis peri\u00f2diques, tant dels aliments com dels manipuladors.<\/p>\n<p>Oferim un men\u00fa general, un men\u00fa de dieta per a aquells alumnes que ho necessiten de forma puntual, un men\u00fa per a cel\u00edacs i un men\u00fa adaptat per a les al\u00b7l\u00e8rgies.<\/p>\n<p>De forma puntual, es pot utilitzar el Servei de Menjador, adquirint un tiquet a Secretaria.<\/p>\n<p>El Servei de cuina t\u00e9 un espai a la intranet on hi anem publicant el men\u00fa.<\/p>\n<\/div>\n<div id=\"gestio-emocional\" class=\"eut-element eut-text sg-title-section\">\n<h3>Gesti\u00f3 emocional<\/h3>\n<\/div>\n<div class=\"eut-element eut-divider\"><\/div>\n<div class=\"eut-element eut-text vc_custom_1612974087349\">\n<p>Treballem el coneixement i la consci\u00e8ncia d\u2019un mateix per un desenvolupament personal complet. \u00c9s molt important con\u00e8ixer les nostres pr\u00f2pies emocions i com ens afecten, quines s\u00f3n les nostres virtuts i els nostres punts d\u00e8bils i la manera en qu\u00e8 el nostre estat d\u2019\u00e0nim influeix en el nostre comportament.<\/p>\n<p>Desenvolupem, en el marc de l\u2019acci\u00f3 tutorial, mesures i estrat\u00e8gies per educar emocionalment l\u2019alumnat. Proposem un pla d\u2019intervenci\u00f3 educativa que estableix una vinculaci\u00f3 positiva entre el tutor i l\u2019alumne com a base de la millora dels aprenentatges i de la conviv\u00e8ncia. S\u2019expliquen dos tipus de tutoria, la tutoria grupal i la tutoria individual. En la tutoria grupal es planifiquen din\u00e0miques de grup per practicar l\u2019empatia entre els alumnes i potenciar una conducta assertiva y es potencien els c\u00e0rrecs de responsabilitat.<\/p>\n<p>Entre les tasques del tutor individual s\u2019incideix en la necessitat de promoure una relaci\u00f3 interpersonal amb els seus alumnes per establir un clima de confian\u00e7a i de comunicaci\u00f3.<\/p>\n<p>Es realitzen activitats perqu\u00e8 l\u2019alumnat es responsabilitzi l\u2019alumnat del seu aprenentatge, desenvolupi la consci\u00e8ncia emocional (percebre emocions i sentiments, identificar-los, posar-hi nom, expressar-los, etc.).i gestioni i reguli les seves emocions (preveure estats emocionals negatius, generar emocions positives, autocontrolar-se, etc.).i , desenvolupi la seva .,autoestima i capacitat de resili\u00e8ncia.<\/p>\n<p>Treballar el contingut de contes i dilemes morals amb la metodologia reflexiva. Promoure activitats curriculars que permetin expressar i argumentar opinions, pensaments, emocions i viv\u00e8ncies.<\/p>\n<p>Fer accions de Servei Comunitari com un instrument per desenvolupar la compet\u00e8ncia social i el comprom\u00eds c\u00edvic.<\/p>\n<p>Treballar els elements b\u00e0sics de bona comunicaci\u00f3 (l\u2019escolta i el respecte al torn de paraula, els agra\u00efments, les disculpes, les salutacions, etc.).<\/p>\n<\/div>\n","protected":false},"excerpt":{"rendered":"<p>&nbsp; Programa salut La investigaci\u00f3 en salut p\u00fablica ha assenyalat que les iniciatives de promoci\u00f3 de la salut han de comen\u00e7ar a la inf\u00e0ncia per aconseguir un canvi de comportament durador i efica\u00e7 i que les intervencions escolars s\u00f3n les m\u00e9s efectives. Amb una visi\u00f3 global de promoci\u00f3 integral de la salut, tenim la voluntat [&hellip;]<\/p>\n","protected":false},"author":1,"featured_media":0,"parent":0,"menu_order":0,"comment_status":"closed","ping_status":"closed","template":"","meta":{"footnotes":""},"class_list":["post-2022","page","type-page","status-publish","hentry"],"_links":{"self":[{"href":"https:\/\/viladecans.gabrielistas.org\/home-2\/wp-json\/wp\/v2\/pages\/2022","targetHints":{"allow":["GET"]}}],"collection":[{"href":"https:\/\/viladecans.gabrielistas.org\/home-2\/wp-json\/wp\/v2\/pages"}],"about":[{"href":"https:\/\/viladecans.gabrielistas.org\/home-2\/wp-json\/wp\/v2\/types\/page"}],"author":[{"embeddable":true,"href":"https:\/\/viladecans.gabrielistas.org\/home-2\/wp-json\/wp\/v2\/users\/1"}],"replies":[{"embeddable":true,"href":"https:\/\/viladecans.gabrielistas.org\/home-2\/wp-json\/wp\/v2\/comments?post=2022"}],"version-history":[{"count":1,"href":"https:\/\/viladecans.gabrielistas.org\/home-2\/wp-json\/wp\/v2\/pages\/2022\/revisions"}],"predecessor-version":[{"id":2025,"href":"https:\/\/viladecans.gabrielistas.org\/home-2\/wp-json\/wp\/v2\/pages\/2022\/revisions\/2025"}],"wp:attachment":[{"href":"https:\/\/viladecans.gabrielistas.org\/home-2\/wp-json\/wp\/v2\/media?parent=2022"}],"curies":[{"name":"wp","href":"https:\/\/api.w.org\/{rel}","templated":true}]}}