{"id":204,"date":"2020-12-10T12:00:08","date_gmt":"2020-12-10T11:00:08","guid":{"rendered":"http:\/\/gwzrtit.cluster030.hosting.ovh.net\/?page_id=204"},"modified":"2025-07-14T09:58:07","modified_gmt":"2025-07-14T07:58:07","slug":"sostenibilitat","status":"publish","type":"page","link":"https:\/\/viladecans.gabrielistas.org\/home-2\/projectes\/sostenibilitat\/","title":{"rendered":"Sostenibilitat"},"content":{"rendered":"<p>[vc_row padding_top_multiplier=&#8221;&#8221;][vc_column]<div class=\"eut-element eut-image eut-align-center\" style=\"margin-bottom: 40px;\"><div class=\"eut-image-wrapper eut-popup-item\" style=\"max-width:981px;\"><div class=\"eut-thumbnail-wrapper\"  style=\"max-width: 981px;\"><div class=\"eut-thumbnail\"  style=\"padding-top: 31.906%;\"><img loading=\"lazy\" decoding=\"async\" width=\"981\" height=\"313\" src=\"https:\/\/viladecans.gabrielistas.org\/wp-content\/uploads\/2020\/12\/sg-header-1.png\" class=\"attachment-full size-full\" alt=\"\" data-eutf-filter=\"yes\" srcset=\"https:\/\/viladecans.gabrielistas.org\/wp-content\/uploads\/2020\/12\/sg-header-1.png 981w, https:\/\/viladecans.gabrielistas.org\/wp-content\/uploads\/2020\/12\/sg-header-1-300x96.png 300w, https:\/\/viladecans.gabrielistas.org\/wp-content\/uploads\/2020\/12\/sg-header-1-768x245.png 768w\" sizes=\"auto, (max-width: 981px) 100vw, 981px\" \/><\/div><\/div>  <\/div><\/div>[vc_column_text el_id=&#8221;sostenibilitat&#8221; el_class=&#8221;sg-title-section&#8221;]<\/p>\n<h2>Sostenibilitat<\/h2>\n<p>[\/vc_column_text]<div class=\"eut-element eut-divider\" style=\"padding-bottom: 40px;\"><span class=\"eut-custom-divider eut-bg-primary-2 eut-align-inherit\" style=\"width: 40px;height: 3px;\"><\/span><\/div>[vc_column_text el_id=&#8221;hort&#8221; el_class=&#8221;sg-title-section&#8221;]<\/p>\n<h3>Escola verda<\/h3>\n<p>[\/vc_column_text]<div class=\"eut-element eut-divider\" style=\"padding-bottom: 40px;\"><span class=\"eut-custom-divider eut-bg-primary-2 eut-align-inherit\" style=\"width: 40px;height: 3px;\"><\/span><\/div>[vc_column_text css=&#8221;.vc_custom_1674459734714{margin-bottom: 40px !important;}&#8221;]<strong>Consells senzills que ens ajudaran a reduir la gran quantitat de pl\u00e0stic que generem<\/strong><\/p>\n<p>&nbsp;<\/p>\n<p>La societat actual est\u00e0 immersa en pl\u00e0stic. Volem anar m\u00e9s r\u00e0pid, fer menys esfor\u00e7os i tenir el millor preu, i el pl\u00e0stic \u00e9s un material perfecte per acomplir aquestes necessitats. Se n\u2019est\u00e0 fent un \u00fas completament abusiu, mireu al vostre voltant i comproveu quants objectes de pl\u00e0stic teniu a la vora.<\/p>\n<p><strong><img loading=\"lazy\" decoding=\"async\" class=\"alignnone wp-image-1299 size-full\" src=\"http:\/\/viladecans.gabrielistas.org\/wp-content\/uploads\/2023\/01\/LOGO_ESCOLA_VERDA_05-224x300-1.jpg\" alt=\"\" width=\"224\" height=\"300\" \/><\/strong><\/p>\n<p>Per molt que el separem i el dipositem al contenidor corresponent,\u00a0<strong>en molts casos el pl\u00e0stic no es pot reciclar o nom\u00e9s es pot fer amb un procediment molt\u00a0<\/strong><strong style=\"font-family: inherit; font-size: inherit; font-style: inherit; font-variant-ligatures: inherit; font-variant-caps: inherit;\">cost\u00f3s<\/strong><span style=\"font-family: inherit; font-size: inherit; font-style: inherit; font-variant-ligatures: inherit; font-variant-caps: inherit; font-weight: inherit;\">\u00a0que no surt a compte a les empreses. Per aix\u00f2, se n\u2019acumula una gran quantitat que afecta al nostre medi i que sovint, fa cap al mar afectant tamb\u00e9 altres esp\u00e8cies.<\/span><\/p>\n<p>Les acumulacions de residus als abocadors, les deixalles en plena natura i al mar, perjudiquen la salut de molts animals i plantes. La vegetaci\u00f3 absorbeix les subst\u00e0ncies nocives que es desprenen del pl\u00e0stic, i molts animals l\u2019ingereixen pensant que \u00e9s menjar o hi queden atrapats causant-los-hi fins i tot la mort. Tamb\u00e9 en molts casos \u00e9s perjudicial per nosaltres, ja que cada vegada m\u00e9s estudis demostren que <strong>els aliments envasats sovint contenen part\u00edcules nocives que ens provoquen trastorns i malalties a la llarga.<\/strong><\/p>\n<p>Per exemple, sabem que moltes de les llaunes de conserva i de refrescos que utilitzem, aix\u00ed com molts envasos de pl\u00e0stic, contenen Bisfenol A. Es tracta d\u2019un t\u00f2xic que est\u00e0 relacionat amb problemes del sistema hormonal que poden arribar a ser tant greus com el c\u00e0ncer de mama.<\/p>\n<p>A m\u00e9s, altres problemes socials com l\u2019extracci\u00f3 de petroli indiscriminada es deriven de la fabricaci\u00f3 del pl\u00e0stic. Aix\u00ed doncs, creiem que ens sobren motius per intentar reduir-ne el seu consum excessiu.<\/p>\n<p>\u00c9s molt dif\u00edcil eliminar-lo de les nostres vides ja que en consumim molt i, en alguns casos \u00e9s el material m\u00e9s adequat, per\u00f2 si que podem reduir-ne considerablement l\u2019\u00fas amb accions tant f\u00e0cils com aquestes:<\/p>\n<ol>\n<li><strong>Eliminem de la nostra vida canyetes, coberts, gots i plats de pl\u00e0stic.<\/strong><\/li>\n<li><strong>Sempre que puguem, comprem el menjar a granel.<\/strong>\u00a0Fruites i verdures fresques principalment, per\u00f2 tamb\u00e9 podem comprar els llegums\u00a0i tenir-los en pots de vidre reutilitzables a casa, per exemple.<\/li>\n<li><strong>Utilitzem bosses de compra reutilitzables, a poder ser de tela.<\/strong>\u00a0Intentem portar-ne sempre al cotxe o a la bossa per no haver de comprar-ne mai.<\/li>\n<li><strong>Si un mateix producte es ven en diferents formats, triem sempre el vidre o el paper abans que el pl\u00e0stic.<\/strong>\u00a0Per exemple, els\u00a0sucs de fruites es poden comprar en molts casos en botelles de vidre enlloc de brics.<\/li>\n<li><strong>Escollim sempre els envasos m\u00e9s grans i evitem els formats individuals.<\/strong>\u00a0Hi ha molts productes que es venen envasats en pl\u00e0stic, com per exemple algunes galetes, i que despr\u00e9s tenen un altre env\u00e0s individual per cada una d\u2019elles que \u00e9s totalment innecessari. De la mateixa manera, si podem escollir entre un format de quilo i un de mig, triem sempre el m\u00e9s gran que ens durar\u00e0 m\u00e9s.<\/li>\n<li><strong>Substitu\u00efm el paper d\u2019alumini dels entrepans per una funda de tela, un env\u00e0s de vidre o pl\u00e0stic reutilitzable.<\/strong>\u00a0Els que cada dia portem l\u2019esmorzar a la feina, consumim una gran quantitat de paper d\u2019alumini que no \u00e9s necessari.<\/li>\n<li><strong>Si en tenim l\u2019opci\u00f3, utilitzem envasos reutilitzables.<\/strong>\u00a0Tot i que aquesta pr\u00e0ctica s\u2019ha perdut molt,\u00a0 en algunes localitats s\u2019est\u00e0 recuperant, comprova si ho pots fer a la teva: llet fresca, gasoses, sifons, vins\u2026<\/li>\n<li><strong>Anem canviant\u00a0<\/strong><strong>els estris de cuina de pl\u00e0stic per fusta<\/strong>\u00a0a mesura que es fan malb\u00e9, aix\u00ed com les carmanyoles de pl\u00e0stic per vidre o acer.<\/li>\n<li><strong>Portem la bossa del pa.<\/strong>\u00a0Si cada dia anem a comprar pa al mat\u00ed, utilitzem una bossa de roba i estalviem el pl\u00e0stic o paper del forn que va directe a la brossa.<\/li>\n<li><strong>Intentem substituir l\u2019aigua embotellada per la de l\u2019aixeta.<\/strong> Podem instal\u00b7lar un descalcificador i filtres per consumir l\u2019aigua corrent amb seguretat, i guardar-la en una gerra de vidre a casa i ampolles d\u2019acer per prendre a l\u2019exterior.<\/li>\n<\/ol>\n<p>[\/vc_column_text][vc_column_text el_class=&#8221;sg-title-section&#8221;]<\/p>\n<h3>Hort al col\u00b7legi<\/h3>\n<p>[\/vc_column_text]<div class=\"eut-element eut-divider\" style=\"padding-bottom: 40px;\"><span class=\"eut-custom-divider eut-bg-primary-2 eut-align-inherit\" style=\"width: 40px;height: 3px;\"><\/span><\/div>[vc_column_text css=&#8221;.vc_custom_1674805069400{margin-bottom: 40px !important;}&#8221;]Un dels projectes que continuem impulsant a l\u00b4escola \u00e9s l\u00b4hort urb\u00e0-escolar. Considerem que aquest projecte \u00e9s profit\u00f3s pel nostre col\u00b7legi i a m\u00e9s, \u00e9s un dels punts del pla triennal d\u2019Escola Verda. Com escola verda tenim en funcionament un hort que utilitzem durant el curs com un recurs m\u00e9s de l\u2019aprenentatge.<\/p>\n<p>L\u2019hort \u00e9s una eina molt adient per poder experimentar de primera m\u00e0, manipulant i observant directament tots els canvis i els processos que es produeixen a les plantes. El projecte de l\u00b4hort est\u00e0 integrat al Curr\u00edculum en les etapes educatives del centre. El treball a l\u00b4hort fa possible, entre altres coses, l\u2019arrelament en els nostres alumnes d\u00b4una consci\u00e8ncia mediambiental oberta a accions positives cap a la conservaci\u00f3 del nostre entorn.<\/p>\n<p>L\u00b4hort s\u00b4ubica a la terrassa de Prim\u00e0ria (primera planta de l\u00b4escola). Es van construir uns contenidors de fusta (tipus taules de conreu o jardineres grans) utilitzant fusta reciclada de palets.[\/vc_column_text][\/vc_column][\/vc_row]<\/p>\n","protected":false},"excerpt":{"rendered":"<p>[vc_row padding_top_multiplier=&#8221;&#8221;][vc_column][vc_column_text el_id=&#8221;sostenibilitat&#8221; el_class=&#8221;sg-title-section&#8221;] Sostenibilitat [\/vc_column_text][vc_column_text el_id=&#8221;hort&#8221; el_class=&#8221;sg-title-section&#8221;] Escola verda [\/vc_column_text][vc_column_text css=&#8221;.vc_custom_1674459734714{margin-bottom: 40px !important;}&#8221;]Consells senzills que ens ajudaran a reduir la gran quantitat de pl\u00e0stic que generem &nbsp; La societat actual est\u00e0 immersa en pl\u00e0stic. Volem anar m\u00e9s r\u00e0pid, fer menys esfor\u00e7os i tenir el millor preu, i el pl\u00e0stic \u00e9s un material perfecte per [&hellip;]<\/p>\n","protected":false},"author":1,"featured_media":0,"parent":173,"menu_order":0,"comment_status":"closed","ping_status":"closed","template":"","meta":{"footnotes":""},"class_list":["post-204","page","type-page","status-publish","hentry"],"_links":{"self":[{"href":"https:\/\/viladecans.gabrielistas.org\/home-2\/wp-json\/wp\/v2\/pages\/204","targetHints":{"allow":["GET"]}}],"collection":[{"href":"https:\/\/viladecans.gabrielistas.org\/home-2\/wp-json\/wp\/v2\/pages"}],"about":[{"href":"https:\/\/viladecans.gabrielistas.org\/home-2\/wp-json\/wp\/v2\/types\/page"}],"author":[{"embeddable":true,"href":"https:\/\/viladecans.gabrielistas.org\/home-2\/wp-json\/wp\/v2\/users\/1"}],"replies":[{"embeddable":true,"href":"https:\/\/viladecans.gabrielistas.org\/home-2\/wp-json\/wp\/v2\/comments?post=204"}],"version-history":[{"count":10,"href":"https:\/\/viladecans.gabrielistas.org\/home-2\/wp-json\/wp\/v2\/pages\/204\/revisions"}],"predecessor-version":[{"id":1316,"href":"https:\/\/viladecans.gabrielistas.org\/home-2\/wp-json\/wp\/v2\/pages\/204\/revisions\/1316"}],"up":[{"embeddable":true,"href":"https:\/\/viladecans.gabrielistas.org\/home-2\/wp-json\/wp\/v2\/pages\/173"}],"wp:attachment":[{"href":"https:\/\/viladecans.gabrielistas.org\/home-2\/wp-json\/wp\/v2\/media?parent=204"}],"curies":[{"name":"wp","href":"https:\/\/api.w.org\/{rel}","templated":true}]}}