{"id":2040,"date":"2024-03-03T18:20:49","date_gmt":"2024-03-03T17:20:49","guid":{"rendered":"http:\/\/viladecans.gabrielistas.org\/home-2\/?page_id=2040"},"modified":"2026-03-04T08:00:54","modified_gmt":"2026-03-04T07:00:54","slug":"preinscripcio-e-infantil-i-e-primaria-curs-26-27","status":"publish","type":"page","link":"https:\/\/viladecans.gabrielistas.org\/home-2\/preinscripcio-e-infantil-i-e-primaria-curs-26-27\/","title":{"rendered":"Preinscripci\u00f3 E. Infantil i E. Prim\u00e0ria 26-27"},"content":{"rendered":"<table>\n<tbody>\n<tr>\n<td>\n<h2><a href=\"https:\/\/preinscripcio.gencat.cat\/ca\/estudis\/infantil-3-6\/inici\/\" target=\"_blank\" rel=\"noopener\">Tota la informaci\u00f3 Educaci\u00f3 Infantil<\/a><\/h2>\n<\/td>\n<td>\n<h2><a href=\"https:\/\/preinscripcio.gencat.cat\/ca\/estudis\/primaria\/inici\/\" target=\"_blank\" rel=\"noopener\">Tota la informaci\u00f3 Educaci\u00f3 Prim\u00e0ria<\/a><\/h2>\n<\/td>\n<\/tr>\n<\/tbody>\n<\/table>\n<p>&nbsp;<\/p>\n<h2><strong>Calendari de les fases de la preinscripci\u00f3<\/strong><\/h2>\n<p>&nbsp;<\/p>\n<table border=\"2\">\n<tbody>\n<tr>\n<td>\n<h4><strong><a href=\"https:\/\/viladecans.gabrielistas.org\/wp-content\/uploads\/2026\/03\/OFERTA-OBLIGATORIA-26-27.pdf\" target=\"_blank\" rel=\"noopener\">Oferta inicial de places<\/a><\/strong><\/h4>\n<\/td>\n<td>\n<h4><strong>3 de mar\u00e7<\/strong><\/h4>\n<\/td>\n<td><img decoding=\"async\" src=\"http:\/\/viladecans.gabrielistas.org\/wp-content\/uploads\/2024\/03\/Visto_Bueno.png\" width=\"80px\" \/><\/td>\n<\/tr>\n<tr>\n<td>\n<h4><a href=\"https:\/\/tramits.gencat.cat\/ca\/tramits\/tramits-temes\/perinscripcio-obligatoris?moda=1\" target=\"_blank\" rel=\"noopener\"><strong>Presentaci\u00f3 i\/o modificaci\u00f3 de sol\u00b7licituds E. Infantil<\/strong><\/a><\/h4>\n<h4><a href=\"https:\/\/tramits.gencat.cat\/ca\/tramits\/tramits-temes\/perinscripcio-obligatoris?moda=2\" target=\"_blank\" rel=\"noopener\"><strong>Presentaci\u00f3 i\/o modificaci\u00f3 de sol\u00b7licituds E. Prim\u00e0ria<\/strong><\/a><\/h4>\n<\/td>\n<td>\n<h4><strong>Del 4 al 18 de mar\u00e7<\/strong><\/h4>\n<\/td>\n<td><img decoding=\"async\" src=\"http:\/\/viladecans.gabrielistas.org\/wp-content\/uploads\/2024\/03\/Visto_Bueno.png\" width=\"80px\" \/><\/td>\n<\/tr>\n<tr>\n<td>\n<h4><strong>Llista de sol\u00b7licituds amb la puntuaci\u00f3 provisional<\/strong><\/h4>\n<\/td>\n<td>\n<h4><strong>15 d&#8217;abril<\/strong><\/h4>\n<\/td>\n<td><\/td>\n<\/tr>\n<tr>\n<td>\n<h4><strong>Presentaci\u00f3 de reclamacions<\/strong><\/h4>\n<\/td>\n<td>\n<h4><strong>Del 15 al 20 d&#8217;abril<\/strong><\/h4>\n<\/td>\n<td><\/td>\n<\/tr>\n<tr>\n<td>\n<h4><strong>Llista amb la puntuaci\u00f3, resoltes les reclamacions<\/strong><\/h4>\n<\/td>\n<td>\n<h4><strong>23 d&#8217;abril<\/strong><\/h4>\n<\/td>\n<td><\/td>\n<\/tr>\n<tr>\n<td>\n<h4><strong>N\u00famero de desempat<\/strong><\/h4>\n<\/td>\n<td>\n<h4><strong>28 d&#8217;abril<\/strong><\/h4>\n<\/td>\n<td><\/td>\n<\/tr>\n<tr>\n<td>\n<h4><strong>Llista de sol\u00b7licituds ordenades per puntuaci\u00f3<\/strong><\/h4>\n<\/td>\n<td>\n<h4><strong>29 d&#8217;abril<\/strong><\/h4>\n<\/td>\n<td><\/td>\n<\/tr>\n<tr>\n<td>\n<h4><strong>Llista definitiva d&#8217;alumnes preinscrits<\/strong><\/h4>\n<h4><strong>Llista d&#8217;alumnes assignats<\/strong><\/h4>\n<h4><strong>Llista d&#8217;espera<\/strong><\/h4>\n<\/td>\n<td>\n<h4><\/h4>\n<h4><strong>10 de juny<\/strong><\/h4>\n<\/td>\n<td><\/td>\n<\/tr>\n<tr>\n<td>\n<h4><strong>Matr\u00edcula<\/strong><\/h4>\n<\/td>\n<td>\n<h4><strong>Del 22 al 30 de juny<\/strong><\/h4>\n<\/td>\n<td><\/td>\n<\/tr>\n<\/tbody>\n<\/table>\n","protected":false},"excerpt":{"rendered":"<p>Tota la informaci\u00f3 Educaci\u00f3 Infantil Tota la informaci\u00f3 Educaci\u00f3 Prim\u00e0ria &nbsp; Calendari de les fases de la preinscripci\u00f3 &nbsp; Oferta inicial de places 3 de mar\u00e7 Presentaci\u00f3 i\/o modificaci\u00f3 de sol\u00b7licituds E. Infantil Presentaci\u00f3 i\/o modificaci\u00f3 de sol\u00b7licituds E. Prim\u00e0ria Del 4 al 18 de mar\u00e7 Llista de sol\u00b7licituds amb la puntuaci\u00f3 provisional 15 d&#8217;abril [&hellip;]<\/p>\n","protected":false},"author":1,"featured_media":0,"parent":0,"menu_order":0,"comment_status":"closed","ping_status":"closed","template":"","meta":{"footnotes":""},"class_list":["post-2040","page","type-page","status-publish","hentry"],"_links":{"self":[{"href":"https:\/\/viladecans.gabrielistas.org\/home-2\/wp-json\/wp\/v2\/pages\/2040","targetHints":{"allow":["GET"]}}],"collection":[{"href":"https:\/\/viladecans.gabrielistas.org\/home-2\/wp-json\/wp\/v2\/pages"}],"about":[{"href":"https:\/\/viladecans.gabrielistas.org\/home-2\/wp-json\/wp\/v2\/types\/page"}],"author":[{"embeddable":true,"href":"https:\/\/viladecans.gabrielistas.org\/home-2\/wp-json\/wp\/v2\/users\/1"}],"replies":[{"embeddable":true,"href":"https:\/\/viladecans.gabrielistas.org\/home-2\/wp-json\/wp\/v2\/comments?post=2040"}],"version-history":[{"count":42,"href":"https:\/\/viladecans.gabrielistas.org\/home-2\/wp-json\/wp\/v2\/pages\/2040\/revisions"}],"predecessor-version":[{"id":3565,"href":"https:\/\/viladecans.gabrielistas.org\/home-2\/wp-json\/wp\/v2\/pages\/2040\/revisions\/3565"}],"wp:attachment":[{"href":"https:\/\/viladecans.gabrielistas.org\/home-2\/wp-json\/wp\/v2\/media?parent=2040"}],"curies":[{"name":"wp","href":"https:\/\/api.w.org\/{rel}","templated":true}]}}