{"id":2165,"date":"2024-05-05T11:15:35","date_gmt":"2024-05-05T09:15:35","guid":{"rendered":"http:\/\/viladecans.gabrielistas.org\/home-2\/?page_id=2165"},"modified":"2026-04-13T08:45:05","modified_gmt":"2026-04-13T06:45:05","slug":"preinscripcio-cfgm-26-27","status":"publish","type":"page","link":"https:\/\/viladecans.gabrielistas.org\/home-2\/preinscripcio-cfgm-26-27\/","title":{"rendered":"Preinscripci\u00f3 CFGS &#8217;26-&#8217;27"},"content":{"rendered":"<p>&nbsp;<\/p>\n<h2><a href=\"https:\/\/preinscripcio.gencat.cat\/ca\/estudis\/fp-grau-mitja\/inici\/\" target=\"_blank\" rel=\"noopener\">Tota la informaci\u00f3 oficial Cicles Formatius Grau Mitj\u00e0<\/a><\/h2>\n<h4>Canal oficial de <em>Whatsapp<\/em> per resoldre dubtes [pendent]<\/h4>\n<h2 style=\"text-align: left;\">v\u00eddeo explicatiu del proc\u00e9s de matriculaci\u00f3 [pendent]<\/h2>\n<p>&nbsp;<\/p>\n<hr \/>\n<h2><strong>Calendari de les fases de la preinscripci\u00f3 i matr\u00edcula<\/strong><\/h2>\n<p>&nbsp;<\/p>\n<p>&nbsp;<\/p>\n<table border=\"2\">\n<tbody>\n<tr>\n<td>\n<h4><strong>Oferta inicial<\/strong><\/h4>\n<\/td>\n<td>22 de maig<\/td>\n<td><\/td>\n<\/tr>\n<tr>\n<td>\n<h4><strong>Presentaci\u00f3 i\/o modificaci\u00f3 de sol\u00b7licituds<\/strong><\/h4>\n<\/td>\n<td>del 26 de maig a l&#8217;1 de juny<\/td>\n<td><\/td>\n<\/tr>\n<tr>\n<td>\n<h4><strong>Presentaci\u00f3 de la documentaci\u00f3<\/strong><\/h4>\n<\/td>\n<td>2 de juny<\/td>\n<td><\/td>\n<\/tr>\n<tr>\n<td>\n<h4><strong>Llista de sol\u00b7licituds amb la puntuaci\u00f3 provisional<\/strong><\/h4>\n<\/td>\n<td>29 de juny<\/td>\n<td><\/td>\n<\/tr>\n<tr>\n<td>\n<h4><strong>Presentaci\u00f3 de reclamacions<\/strong><\/h4>\n<\/td>\n<td>del 29 de juny al 2 de juliol<\/td>\n<td><\/td>\n<\/tr>\n<tr>\n<td>\n<h4><strong>N\u00famero de desempat<\/strong><\/h4>\n<\/td>\n<td>6 de juliol<\/td>\n<td><\/td>\n<\/tr>\n<tr>\n<td>\n<h4><strong>Llistat amb la puntuaci\u00f3, resoltes les reclamacions<\/strong><\/h4>\n<\/td>\n<td>7 de juliol<\/td>\n<td><\/td>\n<\/tr>\n<tr>\n<td>\n<h4><strong>Llista primera tanda d&#8217;assignacions<\/strong><\/h4>\n<\/td>\n<td>10 de juliol<\/td>\n<td><\/td>\n<\/tr>\n<tr>\n<td>\n<h4><strong>Confirmaci\u00f3 <em>online<\/em> de la matr\u00edcula pels alumnes assignats en primera tanda<\/strong><\/h4>\n<h4><strong>Tamb\u00e9 caldr\u00e0 completar la matr\u00edcula al Centre<\/strong><\/h4>\n<\/td>\n<td>del 10 al 14 de juliol<\/td>\n<td><\/td>\n<\/tr>\n<tr>\n<td>\n<h4><strong>Completar la matr\u00edcula al centre alumnes assignats en primera tanda<\/strong><\/h4>\n<\/td>\n<td>del 10 al 16 de juliol<\/td>\n<td><\/td>\n<\/tr>\n<tr>\n<td>\n<h4><strong>Llista d&#8217;alumnes assignats al centre en segona tanda<\/strong><strong>Assignacions de centres en segona tanda per alumnes\u00a0 preinscrits al centre<\/strong><\/h4>\n<\/td>\n<td>24 de juliol<\/td>\n<td><\/td>\n<\/tr>\n<tr>\n<td>\n<h4><strong>Confirmaci\u00f3 <em>online<\/em> de la matr\u00edcula pels alumnes assignats en segona tanda i assignaci\u00f3 d&#8217;ofici<\/strong><\/h4>\n<h4><strong>Tamb\u00e9 caldr\u00e0 completar la matr\u00edcula al Centre<\/strong><\/h4>\n<\/td>\n<td>del 24 al 28 de juliol<\/td>\n<td><\/td>\n<\/tr>\n<tr>\n<td>\n<h4><strong>Completar la matr\u00edcula al centre alumnes assignats en segona tanda i assignaci\u00f3 d&#8217;ofici<\/strong><\/h4>\n<\/td>\n<td>del 24 al 28 de juliol i de l&#8217;1 al 3 de setembre<\/td>\n<td><\/td>\n<\/tr>\n<\/tbody>\n<\/table>\n","protected":false},"excerpt":{"rendered":"<p>&nbsp; Tota la informaci\u00f3 oficial Cicles Formatius Grau Mitj\u00e0 Canal oficial de Whatsapp per resoldre dubtes [pendent] v\u00eddeo explicatiu del proc\u00e9s de matriculaci\u00f3 [pendent] &nbsp; Calendari de les fases de la preinscripci\u00f3 i matr\u00edcula &nbsp; &nbsp; Oferta inicial 22 de maig Presentaci\u00f3 i\/o modificaci\u00f3 de sol\u00b7licituds del 26 de maig a l&#8217;1 de juny Presentaci\u00f3 [&hellip;]<\/p>\n","protected":false},"author":1,"featured_media":0,"parent":0,"menu_order":0,"comment_status":"closed","ping_status":"closed","template":"","meta":{"footnotes":""},"class_list":["post-2165","page","type-page","status-publish","hentry"],"_links":{"self":[{"href":"https:\/\/viladecans.gabrielistas.org\/home-2\/wp-json\/wp\/v2\/pages\/2165","targetHints":{"allow":["GET"]}}],"collection":[{"href":"https:\/\/viladecans.gabrielistas.org\/home-2\/wp-json\/wp\/v2\/pages"}],"about":[{"href":"https:\/\/viladecans.gabrielistas.org\/home-2\/wp-json\/wp\/v2\/types\/page"}],"author":[{"embeddable":true,"href":"https:\/\/viladecans.gabrielistas.org\/home-2\/wp-json\/wp\/v2\/users\/1"}],"replies":[{"embeddable":true,"href":"https:\/\/viladecans.gabrielistas.org\/home-2\/wp-json\/wp\/v2\/comments?post=2165"}],"version-history":[{"count":65,"href":"https:\/\/viladecans.gabrielistas.org\/home-2\/wp-json\/wp\/v2\/pages\/2165\/revisions"}],"predecessor-version":[{"id":3644,"href":"https:\/\/viladecans.gabrielistas.org\/home-2\/wp-json\/wp\/v2\/pages\/2165\/revisions\/3644"}],"wp:attachment":[{"href":"https:\/\/viladecans.gabrielistas.org\/home-2\/wp-json\/wp\/v2\/media?parent=2165"}],"curies":[{"name":"wp","href":"https:\/\/api.w.org\/{rel}","templated":true}]}}