{"id":2171,"date":"2024-05-05T18:25:13","date_gmt":"2024-05-05T16:25:13","guid":{"rendered":"http:\/\/viladecans.gabrielistas.org\/home-2\/?page_id=2171"},"modified":"2026-03-03T08:39:02","modified_gmt":"2026-03-03T07:39:02","slug":"preinscripcio-cfgs-26-27","status":"publish","type":"page","link":"https:\/\/viladecans.gabrielistas.org\/home-2\/preinscripcio-cfgs-26-27\/","title":{"rendered":"Preinscripci\u00f3 CFGS &#8217;26-&#8217;27"},"content":{"rendered":"<p>&nbsp;<\/p>\n<h2><a href=\"https:\/\/preinscripcio.gencat.cat\/ca\/estudis\/fp-grau-superior\/inici\/\" target=\"_blank\" rel=\"noopener\">Tota la informaci\u00f3 oficial Cicles Formatius Grau Superior<\/a><\/h2>\n<h4>Canal oficial de <em>Whatsapp<\/em> per resoldre dubtes [pendent]<\/h4>\n<h2 style=\"text-align: left;\">v\u00eddeo explicatiu del proc\u00e9s de matriculaci\u00f3 [pendent]<\/h2>\n<p>&nbsp;<\/p>\n<hr \/>\n<h2><strong>Calendari de les fases de la preinscripci\u00f3 i matr\u00edcula [pendent]<\/strong><\/h2>\n<p>&nbsp;<\/p>\n<table border=\"2\">\n<tbody>\n<tr>\n<td>\n<h4><strong>Oferta inicial<\/strong><\/h4>\n<\/td>\n<td>\n<h4><\/h4>\n<\/td>\n<td><\/td>\n<\/tr>\n<tr>\n<td>\n<h4><strong>Presentaci\u00f3 i\/o modificaci\u00f3 de sol\u00b7licituds<\/strong><\/h4>\n<\/td>\n<td>\n<h4><\/h4>\n<\/td>\n<td><\/td>\n<\/tr>\n<tr>\n<td>\n<h4><strong>Presentaci\u00f3 de la documentaci\u00f3<\/strong><\/h4>\n<\/td>\n<td>\n<h4><\/h4>\n<\/td>\n<td><\/td>\n<\/tr>\n<tr>\n<td>\n<h4><strong>Llista de sol\u00b7licituds amb la puntuaci\u00f3 provisional<\/strong><\/h4>\n<\/td>\n<td>\n<h4><\/h4>\n<\/td>\n<td><\/td>\n<\/tr>\n<tr>\n<td>\n<h4><strong>Presentaci\u00f3 de reclamacions<\/strong><\/h4>\n<\/td>\n<td>\n<h4><\/h4>\n<\/td>\n<td>\n<h4 style=\"font-style: normal; font-variant-ligatures: normal; font-variant-caps: normal; font-family: Georgia, 'Times New Roman', 'Bitstream Charter', Times, serif;\"><\/h4>\n<\/td>\n<\/tr>\n<tr>\n<td>\n<h4><strong>N\u00famero de desempat<\/strong><\/h4>\n<\/td>\n<td>\n<h4><\/h4>\n<\/td>\n<td><\/td>\n<\/tr>\n<tr>\n<td>\n<h4><strong>Llistat amb la puntuaci\u00f3, resoltes les reclamacions<\/strong><\/h4>\n<\/td>\n<td>\n<h4><\/h4>\n<\/td>\n<td><\/td>\n<\/tr>\n<tr>\n<td>\n<h4><strong>Llista primera tanda d&#8217;assignacions<\/strong><\/h4>\n<\/td>\n<td>\n<h4><\/h4>\n<\/td>\n<td><\/td>\n<\/tr>\n<tr>\n<td>\n<h3><strong>Confirmaci\u00f3 <em>online<\/em> de la matr\u00edcula pels alumnes assignats en primera tanda<\/strong><\/h3>\n<h3><strong>Tamb\u00e9 caldr\u00e0 completar la matr\u00edcula al Centre<\/strong><\/h3>\n<\/td>\n<td>\n<h4><\/h4>\n<\/td>\n<td><\/td>\n<\/tr>\n<tr>\n<td>\n<h4><strong>Completar la matr\u00edcula al centre alumnes assignats en primera tanda<\/strong><\/h4>\n<\/td>\n<td>\n<h4><\/h4>\n<\/td>\n<td><\/td>\n<\/tr>\n<tr>\n<td>\n<h4><strong>Llista d\u2019alumnes assignats al centre en segona tanda<\/strong><br \/>\n<strong>Assignacions de centres en segona tanda per alumnes preinscrits al centre<\/strong><\/h4>\n<\/td>\n<td>\n<h4><\/h4>\n<\/td>\n<td><\/td>\n<\/tr>\n<tr>\n<td>\n<h3><strong>Confirmaci\u00f3 <em>online<\/em> de la matr\u00edcula pels alumnes assignats en segona tanda<\/strong><\/h3>\n<h3><strong>Tamb\u00e9 caldr\u00e0 completar la matr\u00edcula al Centre<\/strong><\/h3>\n<\/td>\n<td>\n<h4><\/h4>\n<\/td>\n<td><\/td>\n<\/tr>\n<tr>\n<td>\n<h4><strong>Completar la matr\u00edcula al centre alumnes assignats en segona tanda<\/strong><\/h4>\n<\/td>\n<td>\n<h4><\/h4>\n<\/td>\n<td><\/td>\n<\/tr>\n<tr>\n<td>\n<h4><strong>Llista d\u2019alumnes assignats al centre en tercera tanda<\/strong><\/h4>\n<\/td>\n<td>\n<h4><\/h4>\n<\/td>\n<td><\/td>\n<\/tr>\n<tr>\n<td>\n<h3><strong>Confirmaci\u00f3 <em>online<\/em> de la matr\u00edcula pels alumnes assignats en tercera tanda<\/strong><\/h3>\n<h3><strong>Tamb\u00e9 caldr\u00e0 completar la matr\u00edcula al Centre<\/strong><\/h3>\n<\/td>\n<td>\n<h4><\/h4>\n<\/td>\n<td>\n<h4><\/h4>\n<\/td>\n<\/tr>\n<tr>\n<td>\n<h4><strong>Completar la matr\u00edcula al centre alumnes assignats en tercera tanda<\/strong><\/h4>\n<\/td>\n<td>\n<h4><\/h4>\n<\/td>\n<td>\n<h4><\/h4>\n<\/td>\n<\/tr>\n<\/tbody>\n<\/table>\n","protected":false},"excerpt":{"rendered":"<p>&nbsp; Tota la informaci\u00f3 oficial Cicles Formatius Grau Superior Canal oficial de Whatsapp per resoldre dubtes [pendent] v\u00eddeo explicatiu del proc\u00e9s de matriculaci\u00f3 [pendent] &nbsp; Calendari de les fases de la preinscripci\u00f3 i matr\u00edcula [pendent] &nbsp; Oferta inicial Presentaci\u00f3 i\/o modificaci\u00f3 de sol\u00b7licituds Presentaci\u00f3 de la documentaci\u00f3 Llista de sol\u00b7licituds amb la puntuaci\u00f3 provisional Presentaci\u00f3 [&hellip;]<\/p>\n","protected":false},"author":1,"featured_media":0,"parent":0,"menu_order":0,"comment_status":"closed","ping_status":"closed","template":"","meta":{"footnotes":""},"class_list":["post-2171","page","type-page","status-publish","hentry"],"_links":{"self":[{"href":"https:\/\/viladecans.gabrielistas.org\/home-2\/wp-json\/wp\/v2\/pages\/2171","targetHints":{"allow":["GET"]}}],"collection":[{"href":"https:\/\/viladecans.gabrielistas.org\/home-2\/wp-json\/wp\/v2\/pages"}],"about":[{"href":"https:\/\/viladecans.gabrielistas.org\/home-2\/wp-json\/wp\/v2\/types\/page"}],"author":[{"embeddable":true,"href":"https:\/\/viladecans.gabrielistas.org\/home-2\/wp-json\/wp\/v2\/users\/1"}],"replies":[{"embeddable":true,"href":"https:\/\/viladecans.gabrielistas.org\/home-2\/wp-json\/wp\/v2\/comments?post=2171"}],"version-history":[{"count":52,"href":"https:\/\/viladecans.gabrielistas.org\/home-2\/wp-json\/wp\/v2\/pages\/2171\/revisions"}],"predecessor-version":[{"id":3555,"href":"https:\/\/viladecans.gabrielistas.org\/home-2\/wp-json\/wp\/v2\/pages\/2171\/revisions\/3555"}],"wp:attachment":[{"href":"https:\/\/viladecans.gabrielistas.org\/home-2\/wp-json\/wp\/v2\/media?parent=2171"}],"curies":[{"name":"wp","href":"https:\/\/api.w.org\/{rel}","templated":true}]}}