{"id":3265,"date":"2025-10-10T08:53:56","date_gmt":"2025-10-10T06:53:56","guid":{"rendered":"https:\/\/viladecans.gabrielistas.org\/home-2\/?page_id=3265"},"modified":"2025-10-10T08:53:56","modified_gmt":"2025-10-10T06:53:56","slug":"etica-i-compliment-normatiu","status":"publish","type":"page","link":"https:\/\/viladecans.gabrielistas.org\/home-2\/etica-i-compliment-normatiu\/","title":{"rendered":"\u00c8tica i compliment normatiu"},"content":{"rendered":"<p data-start=\"0\" data-end=\"13\"><strong data-start=\"0\" data-end=\"13\">COMPROM\u00cdS<\/strong><\/p>\n<p data-start=\"15\" data-end=\"491\"><strong data-start=\"15\" data-end=\"42\">GERMANS DE SANT GABRIEL<\/strong> (d\u2019ara endavant, l\u2019\u201cEntitat\u201d) t\u00e9 el m\u00e9s alt comprom\u00eds i voluntat de comportament \u00e8tic, responsable i sostenible, aix\u00ed com del degut compliment dels marcs normatius i disposicions legals que ens s\u00f3n aplicables en totes les nostres activitats i operacions.<br data-start=\"297\" data-end=\"300\" \/>Aquest comprom\u00eds requereix la participaci\u00f3 activa de tots els empleats, directius, col\u00b7laboradors, prove\u00efdors, clients i, en general, de qualsevol persona i entitat relacionada amb nosaltres.<\/p>\n<p data-start=\"493\" data-end=\"514\"><strong data-start=\"493\" data-end=\"514\">CODIS I PROTOCOLS<\/strong><\/p>\n<p data-start=\"516\" data-end=\"656\">Per tot aix\u00f2, i com a mesura per facilitar el seguiment i l\u2019aplicaci\u00f3 d\u2019aquest comprom\u00eds, l\u2019Entitat t\u00e9 implementades les mesures seg\u00fcents:<\/p>\n<ol data-start=\"657\" data-end=\"885\">\n<li data-start=\"657\" data-end=\"695\">\n<p data-start=\"660\" data-end=\"695\"><a href=\"https:\/\/torroella.gabrielistas.org\/wp-content\/uploads\/2025\/10\/Protocolo-Proteccion-del-Menor-28.04.2025.pdf\"><strong data-start=\"660\" data-end=\"674\">Codi \u00c8tic<\/strong><\/a><\/p>\n<\/li>\n<li data-start=\"696\" data-end=\"767\">\n<p data-start=\"699\" data-end=\"767\"><a href=\"https:\/\/torroella.gabrielistas.org\/wp-content\/uploads\/2025\/10\/Protocolo-Proteccion-del-Menor-28.04.2025.pdf\"><strong data-start=\"699\" data-end=\"742\">Protocol de Prevenci\u00f3 de l\u2019Assetjament<\/strong><\/a><\/p>\n<\/li>\n<li data-start=\"768\" data-end=\"885\">\n<p data-start=\"771\" data-end=\"885\"><a href=\"https:\/\/torroella.gabrielistas.org\/wp-content\/uploads\/2025\/10\/Protocolo-LGTBI-11.05.2025.pdf\"><strong data-start=\"771\" data-end=\"857\">Protocol d\u2019Actuaci\u00f3 davant l\u2019Assetjament i la Viol\u00e8ncia contra les Persones LGTBI<\/strong><\/a><\/p>\n<\/li>\n<\/ol>\n<p data-start=\"887\" data-end=\"926\"><strong data-start=\"887\" data-end=\"926\">RESPONSABLES DE CONTROL I SEGUIMENT<\/strong><\/p>\n<p data-start=\"928\" data-end=\"1471\">Amb l\u2019objectiu de dotar d\u2019efic\u00e0cia tot l\u2019anterior, l\u2019Entitat ha designat <strong data-start=\"1001\" data-end=\"1027\">figures de responsable<\/strong> per a cadascuna de les \u00e0rees de compliment normatiu, amb el suport d\u2019experts externs especialitzats, per assegurar el degut seguiment del nostre comprom\u00eds d\u2019actuaci\u00f3 \u00e8tica, responsable i sostenible, aix\u00ed com per donar suport a totes les persones i entitats implicades en el seu compliment.<br data-start=\"1317\" data-end=\"1320\" \/>Us podeu adre\u00e7ar a aquestes figures de responsabilitat a trav\u00e9s dels mitjans de comunicaci\u00f3 facilitats en els documents esmentats a l\u2019apartat anterior.<\/p>\n<p data-start=\"1473\" data-end=\"1504\"><strong data-start=\"1473\" data-end=\"1504\">SISTEMA INTERN D\u2019INFORMACI\u00d3<\/strong><\/p>\n<p data-start=\"1506\" data-end=\"2092\">Com a garantia de rigor i d\u2019adequada aplicaci\u00f3 del nostre comprom\u00eds, s\u2019ha habilitat un <strong data-start=\"1593\" data-end=\"1624\">Sistema Intern d\u2019Informaci\u00f3<\/strong> perqu\u00e8 qualsevol persona o entitat pugui notificar possibles accions o conductes contr\u00e0ries al nostre comprom\u00eds, als esmentats Codis i Pol\u00edtiques, i al degut seguiment del <strong data-start=\"1797\" data-end=\"1814\">marc normatiu<\/strong> que ens \u00e9s aplicable. Tot aix\u00f2 amb les garanties i requisits de <strong data-start=\"1879\" data-end=\"1899\">confidencialitat<\/strong>, <strong data-start=\"1901\" data-end=\"1923\">protecci\u00f3 de dades<\/strong>, <strong data-start=\"1925\" data-end=\"1942\">independ\u00e8ncia<\/strong> i <strong data-start=\"1945\" data-end=\"1973\">protecci\u00f3 de l\u2019informant<\/strong> que estableix el marc normatiu per a aquest tipus de canals. Podeu accedir al Sistema a trav\u00e9s dels enlla\u00e7os seg\u00fcents:<\/p>\n<p data-start=\"2094\" data-end=\"2260\">\u2022 <strong data-start=\"2096\" data-end=\"2120\">Canal Multinormatiu:<\/strong> <a class=\"decorated-link\" href=\"https:\/\/corporate-line.com\/ecnormativo-gabrielistas\" target=\"_new\" rel=\"noopener\" data-start=\"2121\" data-end=\"2172\">https:\/\/corporate-line.com\/ecnormativo-gabrielistas<\/a><br data-start=\"2172\" data-end=\"2175\" \/>\u2022 <strong data-start=\"2177\" data-end=\"2210\">Canal de Protecci\u00f3 del Menor:<\/strong> <a class=\"decorated-link\" href=\"https:\/\/corporate-line.com\/epmenores-gabrielistas\" target=\"_new\" rel=\"noopener\" data-start=\"2211\" data-end=\"2260\">https:\/\/corporate-line.com\/epmenores-gabrielistas<\/a><\/p>\n<p data-start=\"2262\" data-end=\"2284\"><strong data-start=\"2262\" data-end=\"2284\">AGRA\u00cfMENT I SUPORT<\/strong><\/p>\n<p data-start=\"2286\" data-end=\"2697\" data-is-last-node=\"\" data-is-only-node=\"\">Agra\u00efm la col\u00b7laboraci\u00f3 i el suport de totes les persones implicades en el nostre comprom\u00eds, com a mecanisme perqu\u00e8 la nostra Entitat sigui part activa i contribueixi a la <strong data-start=\"2458\" data-end=\"2476\">sostenibilitat<\/strong> i a l\u2019<strong data-start=\"2483\" data-end=\"2515\">actuaci\u00f3 \u00e8tica i responsable<\/strong> a trav\u00e9s de les seves activitats i operacions. Us animem i us demanem que, davant de qualsevol necessitat de suport o guia d\u2019actuaci\u00f3, <strong data-start=\"2651\" data-end=\"2696\">contacteu amb el nostre equip responsable<\/strong>.<\/p>\n","protected":false},"excerpt":{"rendered":"<p>COMPROM\u00cdS GERMANS DE SANT GABRIEL (d\u2019ara endavant, l\u2019\u201cEntitat\u201d) t\u00e9 el m\u00e9s alt comprom\u00eds i voluntat de comportament \u00e8tic, responsable i sostenible, aix\u00ed com del degut compliment dels marcs normatius i disposicions legals que ens s\u00f3n aplicables en totes les nostres activitats i operacions.Aquest comprom\u00eds requereix la participaci\u00f3 activa de tots els empleats, directius, col\u00b7laboradors, prove\u00efdors, [&hellip;]<\/p>\n","protected":false},"author":1,"featured_media":0,"parent":0,"menu_order":0,"comment_status":"closed","ping_status":"closed","template":"","meta":{"footnotes":""},"class_list":["post-3265","page","type-page","status-publish","hentry"],"_links":{"self":[{"href":"https:\/\/viladecans.gabrielistas.org\/home-2\/wp-json\/wp\/v2\/pages\/3265","targetHints":{"allow":["GET"]}}],"collection":[{"href":"https:\/\/viladecans.gabrielistas.org\/home-2\/wp-json\/wp\/v2\/pages"}],"about":[{"href":"https:\/\/viladecans.gabrielistas.org\/home-2\/wp-json\/wp\/v2\/types\/page"}],"author":[{"embeddable":true,"href":"https:\/\/viladecans.gabrielistas.org\/home-2\/wp-json\/wp\/v2\/users\/1"}],"replies":[{"embeddable":true,"href":"https:\/\/viladecans.gabrielistas.org\/home-2\/wp-json\/wp\/v2\/comments?post=3265"}],"version-history":[{"count":1,"href":"https:\/\/viladecans.gabrielistas.org\/home-2\/wp-json\/wp\/v2\/pages\/3265\/revisions"}],"predecessor-version":[{"id":3267,"href":"https:\/\/viladecans.gabrielistas.org\/home-2\/wp-json\/wp\/v2\/pages\/3265\/revisions\/3267"}],"wp:attachment":[{"href":"https:\/\/viladecans.gabrielistas.org\/home-2\/wp-json\/wp\/v2\/media?parent=3265"}],"curies":[{"name":"wp","href":"https:\/\/api.w.org\/{rel}","templated":true}]}}