{"id":327,"date":"2020-12-11T10:18:15","date_gmt":"2020-12-11T09:18:15","guid":{"rendered":"http:\/\/gwzrtit.cluster030.hosting.ovh.net\/?page_id=327"},"modified":"2025-07-14T09:57:25","modified_gmt":"2025-07-14T07:57:25","slug":"avis-legal","status":"publish","type":"page","link":"https:\/\/viladecans.gabrielistas.org\/home-2\/avis-legal\/","title":{"rendered":"Av\u00eds legal"},"content":{"rendered":"<h1><strong><span style=\"color: #0000ff;\">Av\u00eds legal<\/span><\/strong><\/h1>\n<h3><span style=\"color: #0000ff;\">Titularitat de la web i les dades de contacte<\/span><\/h3>\n<p><a href=\"http:\/\/www.viladecans.gabrielistas.org%20\">www.viladecans.gabrielistas.org <\/a>\u00a0\u00a0\u00a0\u00e9s un domini d&#8217;internet que t\u00e9 com a propietari COL.LEGI SANT GABRIEL DE VILADECANS amb CIF\/NIF R5800434B i domiciliada a\u00a0 AVINGUDA DELS GERMANS GABRIELISTES 22, 08840 Viladecans\u00a0 (BARCELONA).<\/p>\n<p>La finalitat de la web \u00e9s presentar els serveis que oferim a la nostra escola.<\/p>\n<p>Pot contactar amb el propietari d&#8217;aquesta web a:<\/p>\n<ul>\n<li>Telef\u00f2nicament, al n\u00famero 93 658 17 50<\/li>\n<li>Per correu electr\u00f2nic, dirigint-se a <a href=\"mailto:titular@sgviladecans.org\">titular@sgviladecans.org<\/a><\/li>\n<li>Per correu ordinari, dirigint-se a AVINGUDA DELS GERMANS GABRIELISTES 22, 08840 Viladecans (BARCELONA).<\/li>\n<\/ul>\n<h3><span style=\"color: #0000ff;\">Condicions d&#8217;\u00fas de la web<\/span><\/h3>\n<p>Les presents condicions d&#8217;\u00fas regulen l&#8217;acc\u00e9s a aquesta web per part dels clients de COL.LEGI SANT GABRIEL DE VILADECANS\u00a0 i altres usuaris d&#8217;Internet. Per navegar a aquesta web, l&#8217;usuari manifesta la seva acceptaci\u00f3 sense excepcions de les presents condicions d&#8217;\u00fas.<\/p>\n<p>S\u2019entendr\u00e0 com a usuari a la persona que accedeix i faci servir aquest website. L\u2019usuari pel sol fet de ser-ho accepta aquestes condicions d\u2019\u00fas.<br \/>\nL\u2019usuari assumeix la responsabilitat de l\u2019\u00fas que pugui fer d\u2019aquesta web. Aquesta responsabilitat s\u2019est\u00e9n al registre que fos necessari per accedir a determinats serveis o continguts. L\u2019usuari ser\u00e0 responsable d\u2019aportar informaci\u00f3 vera\u00e7 i l\u00edcita en el proc\u00e9s de registre.<br \/>\nL\u2019USUARI es compromet a fer un \u00fas adequat dels continguts i serveis que Col\u00b7legi Sant Gabriel de Viladecans ofereix a trav\u00e9s d\u2019aquesta web i amb car\u00e0cter enunciatiu per\u00f2 no limitador, a no fer-los servir per a:<\/p>\n<ol>\n<li>Provocar danys en els sistemes f\u00edsics i l\u00f2gics de Col\u00b7legi Sant Gabriel de Viladecans, dels seus prove\u00efdors o de terceres persones, introduir o difondre a la xarxa virus inform\u00e0tics o qualsevol altres sistemes f\u00edsics o l\u00f2gics que siguin susceptibles de provocar els danys anteriorment esmentats.<\/li>\n<li>Intentar accedir i, si escau, fer servir els comptes de correu electr\u00f2nic d\u2019altres usuaris i modificar o manipular els seus missatges.<br \/>\nQueda prohibida la publicaci\u00f3 en els nostres espais web de continguts que atemptin contra els principis enumerats a continuaci\u00f3, reservant-se el titular del domini l\u2019exercici de quantes accions siguin procedents en dret contra els responsables de la seva publicaci\u00f3:<\/p>\n<ol>\n<li>La salvaguarda de l\u2019ordre p\u00fablic, la investigaci\u00f3 penal, seguretat p\u00fablica i defensa nacional.<\/li>\n<li>La protecci\u00f3 de la salut p\u00fablica o de les persones f\u00edsiques que tinguin la condici\u00f3 de consumidors o usuaris.<\/li>\n<li>El respecte a la dignitat de la persona i al principi de no discriminaci\u00f3 per motius de ra\u00e7a, sexe, opini\u00f3, nacionalitat, discapacitat o qualsevol altra circumst\u00e0ncia personal o social.<\/li>\n<li>La protecci\u00f3 de la joventut i de la inf\u00e0ncia.<\/li>\n<li>El respecte a l\u2019autonomia de la voluntat de l\u2019afectat.<\/li>\n<li>El respecte a la propietat intel\u00b7lectual del publicat.<\/li>\n<li>En general, el respecte a la legalitat vigent<br \/>\nCol\u00b7legi Sant Gabriel de Viladecans es reserva el dret de retirar tots aquells comentaris i<br \/>\naportacions que vulnerin el respecte a la dignitat de la persona, que siguin discriminatoris,<br \/>\nxen\u00f2fobs, racistes, pornogr\u00e0fics, que atemptin contra la joventut o la inf\u00e0ncia, l\u2019ordre o la<br \/>\nseguretat p\u00fablica o que, al seu judici, no fossin adequats per a la seva publicaci\u00f3.<br \/>\nEn qualsevol cas, el titular del domini no ser\u00e0 responsable de les opinions abocades pels<br \/>\nusuaris a trav\u00e9s dels f\u00f2rums, xats, o altres eines de participaci\u00f3 que es puguin incorporar a aquesta web.<\/li>\n<\/ol>\n<\/li>\n<\/ol>\n<p>COL.LEGI SANT GABRIEL DE VILADECANS es reserva el dret unilateral de modificar les presents condicions d&#8217;acc\u00e9s a la web, aix\u00ed com els continguts inclosos.<\/p>\n<h3><span style=\"color: #0000ff;\">Limitaci\u00f3 i exclusi\u00f3 de responsabilitat<\/span><\/h3>\n<p>El contingut d&#8217;aquesta web \u00e9s de car\u00e0cter general i t\u00e9 una finalitat i efectes exclusivament informatius.\u00a0 COL.LEGI SANT GABRIEL DE VILADECANS no accepta responsabilitat sobre qualsevol informaci\u00f3 no elaborada per ella o publicada al seu nom sense la seva autoritzaci\u00f3, aix\u00ed com responsabilitat derivada de la mala utilitzaci\u00f3 per tercers dels continguts.<\/p>\n<p>L&#8217;usuari eximeix COL.LEGI SANT GABRIEL DE VILADECANS de qualsevol responsabilitat que pogu\u00e9s derivar-se de les interrupcions de disponibilitat de la p\u00e0gina web, ja sigui per mal funcionament del servidor web o de les aplicacions, de les infraestructures de comunicacions o del software i hardware utilitzats per a la navegaci\u00f3.<\/p>\n<p>En cas d&#8217;incloure enlla\u00e7os a d&#8217;altres p\u00e0gines web, declina qualsevol responsabilitat relacionada amb els accessos als mateixos.<\/p>\n<h3><span style=\"color: #0000ff;\">Propietat intel\u00b7lectual i industrial<\/span><\/h3>\n<p>La totalitat d&#8217;aquesta web est\u00e0 protegida per les lleis de propietat Intel\u00b7lectual i Industrial. Tret que s&#8217;indiqui el contrari, els drets de propietat intel\u00b7lectual respecte dels continguts corresponen en exclusiva al COL.LEGI SANT GABRIEL DE VILADECANS\u00a0 . L&#8217;usuari reconeix que l&#8217;\u00fas dels continguts es limitar\u00e0 estrictament a finalitats particulars del propi usuari i que la reproducci\u00f3, distribuci\u00f3, comunicaci\u00f3 o transformaci\u00f3 no expressament autoritzada dels continguts mencionats constituiria una infracci\u00f3 dels drets de propietat intel\u00b7lectual.<\/p>\n<p>Aix\u00ed mateix, l&#8217;usuari s&#8217;abstindr\u00e0 d&#8217;aplicar els continguts i principalment la informaci\u00f3 de qualsevol tipus obtinguda mitjan\u00e7ant aquesta web per remetre publicitat o comunicacions amb finalitats de venda directa o de car\u00e0cter comercial; missatges no sol\u00b7licitats dirigits a una pluralitat de persones amb independ\u00e8ncia de la seva finalitat. Tamb\u00e9 s&#8217;abstindr\u00e0 de divulgar de qualsevol manera aquesta informaci\u00f3.<\/p>\n<p><a href=\"http:\/\/www.viladecans.gabrielistas.org\">www.viladecans.gabrielistas.org<\/a>\u00a0 \u00a0 \u00e9s un domini de COL.LEGI SANT GABRIEL DE VILADECANS. No pot ser utilitzat, tret autoritzaci\u00f3 pr\u00e8via i expressa, en connexi\u00f3 amb altres productes o serveis que no siguin propietat de cap manera que pugui causar confusi\u00f3 entre els nostres clients o descr\u00e8dit de COL.LEGI SANT GABRIEL DE VILADECANS.<\/p>\n<h3><span style=\"color: #0000ff;\">Pol\u00edtica per a enlla\u00e7ar a aquesta web<\/span><\/h3>\n<p>Si qualsevol usuari, entitat o p\u00e0gina web desitg\u00e9s establir algun tipus d&#8217;enlla\u00e7 amb destinaci\u00f3 a aquesta web haur\u00e0 de sol\u00b7licitar autoritzaci\u00f3 pr\u00e8via a la realitzaci\u00f3 de l&#8217;enlla\u00e7 i per escrit.<\/p>\n<p>A m\u00e9s, nom\u00e9s es permet enlla\u00e7ar a la p\u00e0gina d&#8217;inici de la web. L&#8217;enlla\u00e7 ha de ser en la seva totalitat i complet, \u00e9s a dir, ha de portar a l&#8217;usuari a la pr\u00f2pia adre\u00e7a de abarcant completament l&#8217;extensi\u00f3 de la pantalla de la p\u00e0gina que cont\u00e9 l&#8217;enlla\u00e7. En cap cas, excepte autoritzaci\u00f3 expressa i per escrit de COL.LEGI SANT GABRIEL DE VILADECANS , la p\u00e0gina que en realitzi l&#8217;enlla\u00e7 en cap moment podr\u00e0 reproduir la web , ni incloure-la com a part del seu web ni dins d&#8217;un dels seus marcs sobre qualsevol de les p\u00e0gines o continguts de la present web.<\/p>\n<p>No s&#8217;inclour\u00e0 cap manifestaci\u00f3 falsa, inexacta o incorrecta sobre les p\u00e0gines d&#8217;aquesta web o els serveis que en ella s&#8217;ofereixen.<\/p>\n<p>L&#8217;enlla\u00e7 no contindr\u00e0 cap marca, nom comercial, r\u00e8tol d&#8217;establiment, denominaci\u00f3, logotip, esl\u00f2gan o altres signes distintius pertanyents a COL.LEGI SANT GABRIEL DE VILADECANS<\/p>\n<p>En cap circumst\u00e0ncia COL.LEGI SANT GABRIEL DE VILADECANS no ser\u00e0 responsable dels continguts o serveis posats a la disposici\u00f3 del p\u00fablic a la p\u00e0gina web des de la qual es realitzi l&#8217;enlla\u00e7 ni de les informacions o manifestacions incloses en les mateixes.<\/p>\n<h3><span style=\"color: #0000ff;\">Protecci\u00f3 de dades personals<\/span><\/h3>\n<p>La utilitzaci\u00f3 d&#8217;aquesta web i dels seus formularis requereix l&#8217;acceptaci\u00f3 del tractament de les dades de l&#8217;usuari, essent responsable del tractament COL.LEGI SANT GABRIEL DE VILADECANS, per a finalitats que inclouen la provisi\u00f3 de la web, la recopilaci\u00f3 de dades d&#8217;acc\u00e9s i l&#8217;enviament d&#8217;informaci\u00f3 comercial per via electr\u00f2nica, en determinats casos.<\/p>\n<p>Llegeixi detingudament la <u>pol\u00edtica de privacitat<\/u> per a informaci\u00f3 addicional i detallada, incloent com utilitzem les dades dels usuaris i com exercir els drets d&#8217;acc\u00e9s, rectificaci\u00f3, supressi\u00f3, oposici\u00f3, i altres drets de protecci\u00f3 de dades.<\/p>\n<h3><span style=\"color: #0000ff;\">Cookies<\/span><\/h3>\n<p>Aquesta web utilitza cookies pr\u00f2pies i de tercers per a diverses finalitats incloent anal\u00edtiques i publicit\u00e0ries adaptades als interessos de l&#8217;usuari. Pots configurar les teves prefer\u00e8ncies en qualsevol moment mitjan\u00e7ant el sistema de configuraci\u00f3 de cookies integrat en aquest lloc web, podr\u00e0s activar \/ desactivar l&#8217;\u00fas de cookies segons les teves finalitats.<\/p>\n<p>Llegeixi detingudament la nostra pol\u00edtica de cookies per con\u00e8ixer les tipologies de cookies emprades, i com bloquejar-les o esborrar-les al seu navegador.<\/p>\n<h3><span style=\"color: #0000ff;\">Legislaci\u00f3 i Jurisdicci\u00f3 aplicable<\/span><\/h3>\n<p>El present Av\u00eds Legal aix\u00ed com les relacions entre i els usuaris es regiran per la normativa espanyola vigent i qualsevol controv\u00e8rsia se sotmetr\u00e0 als Jutjats i Tribunals de\u00a0 BARCELONA, excepte en el cas de consumidors i usuaris on s&#8217;aplicar\u00e0 el fur imperatiu dels jutjats que corresponguin al seu domicili.<\/p>\n<p><strong>\u00a9 COL.LEGI SANT GABRIEL DE VILADECANS<\/strong><\/p>\n","protected":false},"excerpt":{"rendered":"<p>Av\u00eds legal Titularitat de la web i les dades de contacte www.viladecans.gabrielistas.org \u00a0\u00a0\u00a0\u00e9s un domini d&#8217;internet que t\u00e9 com a propietari COL.LEGI SANT GABRIEL DE VILADECANS amb CIF\/NIF R5800434B i domiciliada a\u00a0 AVINGUDA DELS GERMANS GABRIELISTES 22, 08840 Viladecans\u00a0 (BARCELONA). La finalitat de la web \u00e9s presentar els serveis que oferim a la nostra escola. [&hellip;]<\/p>\n","protected":false},"author":1,"featured_media":0,"parent":0,"menu_order":0,"comment_status":"closed","ping_status":"closed","template":"","meta":{"footnotes":""},"class_list":["post-327","page","type-page","status-publish","hentry"],"_links":{"self":[{"href":"https:\/\/viladecans.gabrielistas.org\/home-2\/wp-json\/wp\/v2\/pages\/327","targetHints":{"allow":["GET"]}}],"collection":[{"href":"https:\/\/viladecans.gabrielistas.org\/home-2\/wp-json\/wp\/v2\/pages"}],"about":[{"href":"https:\/\/viladecans.gabrielistas.org\/home-2\/wp-json\/wp\/v2\/types\/page"}],"author":[{"embeddable":true,"href":"https:\/\/viladecans.gabrielistas.org\/home-2\/wp-json\/wp\/v2\/users\/1"}],"replies":[{"embeddable":true,"href":"https:\/\/viladecans.gabrielistas.org\/home-2\/wp-json\/wp\/v2\/comments?post=327"}],"version-history":[{"count":6,"href":"https:\/\/viladecans.gabrielistas.org\/home-2\/wp-json\/wp\/v2\/pages\/327\/revisions"}],"predecessor-version":[{"id":2763,"href":"https:\/\/viladecans.gabrielistas.org\/home-2\/wp-json\/wp\/v2\/pages\/327\/revisions\/2763"}],"wp:attachment":[{"href":"https:\/\/viladecans.gabrielistas.org\/home-2\/wp-json\/wp\/v2\/media?parent=327"}],"curies":[{"name":"wp","href":"https:\/\/api.w.org\/{rel}","templated":true}]}}