{"id":329,"date":"2020-12-11T10:20:23","date_gmt":"2020-12-11T09:20:23","guid":{"rendered":"http:\/\/gwzrtit.cluster030.hosting.ovh.net\/?page_id=329"},"modified":"2025-07-14T09:57:46","modified_gmt":"2025-07-14T07:57:46","slug":"politica-de-cookies","status":"publish","type":"page","link":"https:\/\/viladecans.gabrielistas.org\/home-2\/politica-de-cookies\/","title":{"rendered":"Pol\u00edtica de cookies"},"content":{"rendered":"<h2><span style=\"color: #0000ff;\">Pol\u00edtica de cookies i emmagatzematge local<\/span><\/h2>\n<p>Navegar per aquest web amb les cookies i mecanismes d\u2019emmagatzematge local activats, comporta de manera imprescindible l\u2019acceptaci\u00f3 de l\u2019\u00fas dels mateixos segons la present pol\u00edtica. Cas de no acceptar, \u00e9s possible configurar el navegador per impedir el seu \u00fas.<\/p>\n<p>Les cookies i l\u2019emmagatzematge local formen part de la tecnologia necess\u00e0ria pel funcionament del web i no s\u00f3n inherentment perjudicials, per\u00f2 \u00e9s important que les implicacions que comporten a la teva privacitat.<\/p>\n<p>Aquesta pol\u00edtica forma part de la nostra pol\u00edtica de privacitat i inclou lo seg\u00fcent:<\/p>\n<ul>\n<li>Qu\u00e8 s\u00f3n les cookies?<\/li>\n<li>Per qu\u00e8 es fan servir les cookies?<\/li>\n<li>Qu\u00e8 \u00e9s l\u2019emmagatzematge local?<\/li>\n<li>Qu\u00e8 s\u00f3n les cookies de tercers?<\/li>\n<li>\u00das de navegadors amb funci\u00f3 de navegaci\u00f3 privada<\/li>\n<li>Com impedir l\u2019\u00fas de cookies i com esborrar-les?<\/li>\n<\/ul>\n<h3><span style=\"color: #0000ff;\">Qu\u00e8 s\u00f3n les cookies?<\/span><\/h3>\n<p>Les \u201ccookies\u201d s\u00f3n petits fitxers temporals que es creen al teu dispositiu de navegaci\u00f3 (ordinador, tel\u00e8fon, tauleta, etc) quan visites una web, i que permeten a la mateixa emmagatzemar informaci\u00f3, per exemple per recordar les teves prefer\u00e8ncies d\u2019\u00fas o per recon\u00e8ixer-te en successives visites.<\/p>\n<p>Quan un web crea una cookie al teu dispositiu, s\u2019emmagatzema lo seg\u00fcent:<\/p>\n<ul>\n<li>Adre\u00e7a\/domini de la web que ha creat la cookie.<\/li>\n<li>Durada de la cookie, que pot anar de nom\u00e9s minuts a anys.<\/li>\n<li>El contingut de la cookie.<\/li>\n<\/ul>\n<p>En tot moment pots configurar el teu programa de navegaci\u00f3 per tal <u>d\u2019impedir<\/u> (bloquejar) l\u2019\u00fas de cookies per part de determinades webs, aix\u00ed com <u>esborrar<\/u> les cookies emmagatzemades pr\u00e8viament.<\/p>\n<h3><span style=\"color: #0000ff;\">Per qu\u00e8 es fan servir les cookies?<\/span><\/h3>\n<ul>\n<li><strong>Cookies t\u00e8cniques essencials<\/strong>. S\u00f3n cookies t\u00e8cniques necess\u00e0ries per gestionar el flux de navegaci\u00f3 a la web o per mantenir-te connectat a la mateixa. Si les deshabilites, es possible que algun apartat del web no funcioni correctament.<\/li>\n<li><strong>Cookies de personalitzaci\u00f3<\/strong>. Necess\u00e0ries per recordar determinades prefer\u00e8ncies de l\u2019usuari, que es perden en cas que les esborris.<\/li>\n<li><strong>Cookies anal\u00edtiques.<\/strong> Ens ajuden a nosaltres i a tercers a recopilar informaci\u00f3 de la proced\u00e8ncia dels usuaris i la seva navegaci\u00f3 dins del web, a efectes de fer una an\u00e0lisis estad\u00edstica que ens ajudi a millorar l\u2019estructura i continguts del web.<\/li>\n<li><strong>Cookies publicit\u00e0ries<\/strong>. Es fan servir per gestionar els anuncis que apareixen a la web, decidint el contingut i la freq\u00fc\u00e8ncia dels mateixos.<\/li>\n<li><strong>Cookies publicit\u00e0ries de comportament.<\/strong> Ajuden a recopilar els teus h\u00e0bits de navegaci\u00f3 per tal de crear un perfil d\u2019interessos que serveix per mostrar-te anuncis m\u00e9s rellevants per tu.<\/li>\n<li><strong>Cookies per compartici\u00f3 social.<\/strong> Aquestes cookies s\u00f3n necess\u00e0ries per identificar-te en les xarxes socials i aix\u00ed permetre la compartici\u00f3 de continguts.<\/li>\n<\/ul>\n<h3><span style=\"color: #0000ff;\">Qu\u00e8 \u00e9s l&#8217;emmagatzematge local?<\/span><\/h3>\n<p>Per emmagatzematge local entenem qualsevol fitxer creat pel web al teu dispositiu de navegaci\u00f3. Les cookies s\u00f3n una forma d\u2019emmagatzematge local, per\u00f2 hi ha d\u2019altres. \u00c9s important que les coneguis per que puguis impedir el seu \u00fas o b\u00e9 esborrar la informaci\u00f3 emmagatzemada al teu dispositiu.<\/p>\n<ul>\n<li>L\u2019emmagatzematge local del navegador. Algunes webs fan servir emmagatzematges locals anomenats \u201csessionStorage\u201d i \u201clocalStorage\u201d per guardar informaci\u00f3; \u201csessionStorage\u201d s\u2019esborra autom\u00e0ticament quan tanques el navegador per\u00f2 per esborrar el \u201clocalStorage\u201d cal esborrar l\u2019historial de navegaci\u00f3.<\/li>\n<li>L\u2019emmagatzematge local de Flash (\u201cFlash Local Shared Objects\u201d). Flash \u00e9s un complement del navegador que permet incorporar elements interactius i multim\u00e8dia en un web. Flash tamb\u00e9 permet emmagatzemar fitxers al teu dispositiu.<\/li>\n<li>L\u2019emmagatzematge local de Silverlight (\u201cIsolated Objects\u201d). Silverlight \u00e9s un complement del navegador que permet incorporar elements interactius i multim\u00e8dia en un web. Silverlight tamb\u00e9 permet emmagatzemar fitxers al teu dispositiu.<\/li>\n<li>El web beacon \u00e9s una t\u00e8cnica habitual de rastreig que consisteix en col\u00b7locar al web o a un correu una imatge allotjada a un servidor d\u2019Internet de manera que quan el teu navegador o programa de correu es connecti a aquest servidor per descarregar aquesta imatge, quedi registrat el teu acc\u00e9s. De vegades aquestes imatges s\u00f3n molt petites o transparents de manera que resulten invisibles per l\u2019usuari.<\/li>\n<\/ul>\n<h3><span style=\"color: #0000ff;\">Qu\u00e8 s\u00f3n les cookies de tercers?<\/span><\/h3>\n<p>Moltes webs incorporen funcions i caracter\u00edstiques proporcionades por tercers, com per exemple:<\/p>\n<ul>\n<li>Anal\u00edtiques d\u2019acc\u00e9s i \u00fas de les planes.<\/li>\n<li>Mapes interactius.<\/li>\n<li>V\u00eddeos i elements multim\u00e8dia.<\/li>\n<li>Botons socials.<\/li>\n<li>Publicitat.<\/li>\n<\/ul>\n<p>El prove\u00efdor d\u2019una funci\u00f3 o caracter\u00edstica pot fer \u00fas de cookies i altres sistemes d\u2019emmagatzematge local en base als seus propis criteris i objectius. Alguns prove\u00efdors fan servir cookies i altres tecnologies de rastreig per recollir informaci\u00f3 sobre els teus h\u00e0bits de navegaci\u00f3 amb l\u2019objectiu de mostrar publicitat adaptada als teus interessos.<\/p>\n<p>Navegar per aquest web amb les cookies i mecanismes d\u2019emmagatzematge local activats, comporta de manera imprescindible l\u2019acceptaci\u00f3 de l\u2019\u00fas dels mateixos segons les pol\u00edtiques de privacitat dels prove\u00efdors de les seg\u00fcents funcions o caracter\u00edstiques:<\/p>\n<table width=\"567\">\n<tbody>\n<tr>\n<td width=\"189\">\n<h4><span style=\"color: #0000ff;\">Funci\u00f3 o caracter\u00edstica<\/span><\/h4>\n<\/td>\n<td width=\"189\">\n<h4><span style=\"color: #0000ff;\">Tercer prove\u00efdor de la funci\u00f3 o caracter\u00edstica<\/span><\/h4>\n<\/td>\n<td width=\"189\">\n<h4><span style=\"color: #0000ff;\">Pol\u00edtica de privacitat del tercer prove\u00efdor de la funci\u00f3<\/span><\/h4>\n<\/td>\n<\/tr>\n<tr>\n<td width=\"189\">Google Analytics<\/td>\n<td width=\"189\">Google, Inc<\/td>\n<td width=\"189\">https:\/\/www.google.com\/analytics\/learn\/privacy.html?hl=ca<\/td>\n<\/tr>\n<tr>\n<td width=\"189\">Funcions de Google<\/td>\n<td width=\"189\">Google, Inc<\/td>\n<td width=\"189\">http:\/\/www.google.com\/intl\/es_es\/policies\/privacy\/<\/td>\n<\/tr>\n<\/tbody>\n<\/table>\n<p>Algunes d\u2019aquestes funcions poden rastrejar la teva activitat de navegaci\u00f3 per con\u00e8ixer els teus interessos amb l\u2019objectiu de mostrar publicitat que sigui interessant per tu. Les cookies i l\u2019emmagatzematge local s\u00f3n eines que ajuden a recopilar els teus h\u00e0bits de navegaci\u00f3.<\/p>\n<h3>\u00das de navegadors amb funci\u00f3 de navegaci\u00f3 privada<\/h3>\n<p>Cas que desitgis navegar per aquest web amb un major grau de privacitat i limitant que les cookies quedin emmagatzemades per terminis llargs de temps, et recomanem que facis servir un navegador web que disposi d\u2019una opci\u00f3 de navegaci\u00f3 \u201cprivada\u201d. Pots obtenir informaci\u00f3 sobre aquesta possibilitat a les p\u00e0gines d\u2019ajuda dels principals navegadors:<\/p>\n<table width=\"567\">\n<tbody>\n<tr>\n<td width=\"104\">\n<h4><span style=\"color: #0000ff;\">Navegador<\/span><\/h4>\n<\/td>\n<td width=\"113\">\n<h4><span style=\"color: #0000ff;\">Nom de la funci\u00f3 per navegaci\u00f3 privada<\/span><\/h4>\n<\/td>\n<td width=\"350\">\n<h4><span style=\"color: #0000ff;\">Obtenir m\u00e9s informaci\u00f3<\/span><\/h4>\n<\/td>\n<\/tr>\n<tr>\n<td width=\"104\">Internet Explorer 8 i superior<\/p>\n<p>Microsoft Edge<\/td>\n<td width=\"113\">InPrivate<\/td>\n<td width=\"350\">https:\/\/support.microsoft.com\/ca-es\/products\/internet-explorer (Explorer)<\/p>\n<p>https:\/\/support.microsoft.com\/es-es\/instantanswers\/34b9a3a6-68bc-510b-2a9e-833107495ee5\/browse-inprivate-in-microsoft-edge (Microsoft Edge)<\/td>\n<\/tr>\n<tr>\n<td width=\"104\">Safari 2 i superior<\/td>\n<td width=\"113\">Navegaci\u00f3 privada<\/td>\n<td width=\"350\">https:\/\/support.apple.com\/es-es\/HT203036<\/td>\n<\/tr>\n<tr>\n<td width=\"104\">Opera 10.5 i superior<\/td>\n<td width=\"113\">Navegaci\u00f3 privada<\/td>\n<td width=\"350\">http:\/\/help.opera.com\/Windows\/12.00\/es-ES\/private.html<\/td>\n<\/tr>\n<tr>\n<td width=\"104\">FireFox 3.5 i superior<\/td>\n<td width=\"113\">Navegaci\u00f3 privada<\/td>\n<td width=\"350\">https:\/\/support.mozilla.org\/es\/kb\/navegacion-privada-Firefox-no-guardar-historial-navegacion<\/td>\n<\/tr>\n<tr>\n<td width=\"104\">Google Chrome 10 i superior<\/td>\n<td width=\"113\">Mode inc\u00f2gnit<\/td>\n<td width=\"350\">https:\/\/support.google.com\/chrome\/answer\/7005900?rd=1<\/td>\n<\/tr>\n<\/tbody>\n<\/table>\n<h3><span style=\"color: #0000ff;\">Com puc impedir l&#8217;\u00fas de cookies i com puc esborrar-les?<\/span><\/h3>\n<p>Pots configurar les teves prefer\u00e8ncies en qualsevol moment mitjan\u00e7ant el sistema de configuraci\u00f3 de cookies integrat en aquest lloc web, podr\u00e0s activar \/ desactivar l&#8217;\u00fas de cookies segons les teves finalitats.<\/p>\n<p>La majoria de navegadors et permeten desactivar globalment l\u2019\u00fas de cookies. Molts navegadors tamb\u00e9 et permeten bloquejar i esborrar les cookies associades a webs\/dominis concrets. Per con\u00e8ixer les opcions de privacitat del teu navegador consulta el seu apartat d\u2019ajuda.<\/p>\n<p>Tamb\u00e9 pots trobar informaci\u00f3 a la p\u00e0gina d\u2019ajuda dels navegadors:<\/p>\n<ul>\n<li>Chrome: https:\/\/support.google.com\/chrome\/answer\/95647?hl=ca<\/li>\n<li>Explorer: https:\/\/support.microsoft.com\/es-es\/help\/17442\/windows-internet-explorer-delete-manage-cookies<\/li>\n<li>Mictosoft Edge: https:\/\/privacy.microsoft.com\/es-ES\/windows-10-microsoft-edge-and-privacy<\/li>\n<li>Firefox: http:\/\/support.mozilla.org\/en-US\/kb\/enable-and-disable-cookies-website-preferences<\/li>\n<li>Safari: https:\/\/support.apple.com\/kb\/PH17191?viewlocale=en_US&amp;locale=es_ES<\/li>\n<li>Safari for IOS: https:\/\/support.apple.com\/en-us\/HT201265<\/li>\n<li>Opera: http:\/\/www.opera.com\/help\/tutorials\/security\/cookies\/<\/li>\n<\/ul>\n<p>Part de la informaci\u00f3 pot quedar a l\u2019emmagatzematge local del navegador o a l\u2019emmagatzematge de Flash:<\/p>\n<ul>\n<li>Per esborrar les dades guardades a l\u2019emmagatzematge local del navegador, esborra l\u2019historial de navegaci\u00f3. Per saber com fer-ho consulta l\u2019ajuda del navegador.<\/li>\n<li>Per esborrar l\u2019emmagatzematge local de Flash o limitar la quantitat d\u2019espai perm\u00e8s, consulta les planes d\u2019ajuda de l\u2019empresa Adobe: http:\/\/www.macromedia.com\/support\/documentation\/en\/flashplayer\/help\/settings_manager07.html<\/li>\n<\/ul>\n<p>Per bloquejar l&#8217;\u00fas de Google Analytics i les seves cookies:<\/p>\n<ul>\n<li>Complement d&#8217;inhabilitaci\u00f3 per navegadors de Google Analytics es pot descarregar a https:\/\/tools.google.com\/dlpage\/gaoptout?hl=es<\/li>\n<\/ul>\n<p>Per bloquejar el rastreig de la teva navegaci\u00f3 per part del complent AddThis:<\/p>\n<ul>\n<li>Pots fer-ho al seg\u00fcent enlla\u00e7 http:\/\/www.addthis.com\/privacy\/opt-out<\/li>\n<\/ul>\n<p>Per bloquejar el rastreig de la teva navegaci\u00f3 per part del complent ShareThis:<\/p>\n<ul>\n<li>Pots fer-ho al seg\u00fcent enlla\u00e7 amb l&#8217;opci\u00f3 \u201cOPT OUT\u201d http:\/\/www.sharethis.com\/legal\/privacy\/<\/li>\n<\/ul>\n<p>Per altres navegadors aix\u00ed com qualsevol aclariment o pregunta sobre les cookies d&#8217;aquest web, pots contactar amb nosaltres per correu electr\u00f2nic a<\/p>\n<p>Av\u00eds important: cas de bloquejar les cookies o l\u2019emmagatzematge local determinats serveis o funcionalitats del web podrien no funcionar correctament.<\/p>\n<p>Amb l\u2019objectiu d\u2019ajudar-te a esborrar o bloquejar les cookies, oferim una llista dels dominis i cookies que s\u2019activen quan visites aquest web. Recorda que la major part dels navegadors permeten bloquejar les cookies per webs\/dominis espec\u00edfics.<\/p>\n<table width=\"567\">\n<tbody>\n<tr>\n<td width=\"108\">Funci\u00f3 o caracter\u00edstica i qui \u00e9s el prove\u00efdor<\/td>\n<td width=\"122\">Tipus de cookies<\/td>\n<td width=\"153\">Domini<\/td>\n<td width=\"89\">Persist\u00e8ncia<\/td>\n<td width=\"94\">Finalitat<\/td>\n<\/tr>\n<tr>\n<td width=\"108\">Cookies pr\u00f2pies necess\u00e0ries pel funcionament del web o per recordar determinades prefer\u00e8ncies de l&#8217;usuari<\/td>\n<td width=\"122\">Cookies temporals i persistents<\/td>\n<td width=\"153\"><\/td>\n<td width=\"89\">Setmanes<\/td>\n<td width=\"94\">Cookies t\u00e8qniques essencials<\/p>\n<p>Cookies de personaliztaci\u00f3<\/td>\n<\/tr>\n<tr>\n<td width=\"108\">Google Analytics (Google, Inc.)<\/td>\n<td width=\"122\">Cookies temporals i persistents (_ga, _gid, tk_or, tk_r3d, tk_lr, tk_tc, _gat)<\/td>\n<td width=\"153\"><\/td>\n<td width=\"89\">Anys<\/td>\n<td width=\"94\">Anal\u00edtiques web<\/p>\n<p>Transfer\u00e8ncia de dades fora de la UE<\/td>\n<\/tr>\n<tr>\n<td width=\"108\">Funcions de Google<\/td>\n<td width=\"122\">Cookies temporals i persistents (AEC, APISID, CONSENT, DV, HSID, NID, SAPISID, SIDCC, SID, SID, SSID).<\/p>\n<p>Emmagatzematge local del navegador.<\/p>\n<p>Emmagatzematge local de Flash.<\/td>\n<td width=\"153\">googleusercontent.com, google.es, google.com,<\/td>\n<td width=\"89\">Anys<\/td>\n<td width=\"94\">Anal\u00edtiques web<\/p>\n<p>T\u00e8cniques<\/p>\n<p>Autenticaci\u00f3<\/p>\n<p>Prefer\u00e8ncies<\/p>\n<p>Rastreig<\/p>\n<p>Publicitat<\/p>\n<p>Localitzaci\u00f3<\/p>\n<p>Seguretat<\/p>\n<p>Transfer\u00e8ncia de dades fora de la UE<\/td>\n<\/tr>\n<\/tbody>\n<\/table>\n<p>NOTA: la informaci\u00f3 mostrada \u00e9s de data 27\/12\/2023. Informem que amb el pas del temps pot quedar incompleta tot i que peri\u00f2dicament revisem la present pol\u00edtica.<\/p>\n","protected":false},"excerpt":{"rendered":"<p>Pol\u00edtica de cookies i emmagatzematge local Navegar per aquest web amb les cookies i mecanismes d\u2019emmagatzematge local activats, comporta de manera imprescindible l\u2019acceptaci\u00f3 de l\u2019\u00fas dels mateixos segons la present pol\u00edtica. Cas de no acceptar, \u00e9s possible configurar el navegador per impedir el seu \u00fas. Les cookies i l\u2019emmagatzematge local formen part de la tecnologia [&hellip;]<\/p>\n","protected":false},"author":1,"featured_media":0,"parent":0,"menu_order":0,"comment_status":"closed","ping_status":"closed","template":"","meta":{"footnotes":""},"class_list":["post-329","page","type-page","status-publish","hentry"],"_links":{"self":[{"href":"https:\/\/viladecans.gabrielistas.org\/home-2\/wp-json\/wp\/v2\/pages\/329","targetHints":{"allow":["GET"]}}],"collection":[{"href":"https:\/\/viladecans.gabrielistas.org\/home-2\/wp-json\/wp\/v2\/pages"}],"about":[{"href":"https:\/\/viladecans.gabrielistas.org\/home-2\/wp-json\/wp\/v2\/types\/page"}],"author":[{"embeddable":true,"href":"https:\/\/viladecans.gabrielistas.org\/home-2\/wp-json\/wp\/v2\/users\/1"}],"replies":[{"embeddable":true,"href":"https:\/\/viladecans.gabrielistas.org\/home-2\/wp-json\/wp\/v2\/comments?post=329"}],"version-history":[{"count":6,"href":"https:\/\/viladecans.gabrielistas.org\/home-2\/wp-json\/wp\/v2\/pages\/329\/revisions"}],"predecessor-version":[{"id":2759,"href":"https:\/\/viladecans.gabrielistas.org\/home-2\/wp-json\/wp\/v2\/pages\/329\/revisions\/2759"}],"wp:attachment":[{"href":"https:\/\/viladecans.gabrielistas.org\/home-2\/wp-json\/wp\/v2\/media?parent=329"}],"curies":[{"name":"wp","href":"https:\/\/api.w.org\/{rel}","templated":true}]}}