{"id":3319,"date":"2025-11-18T15:48:44","date_gmt":"2025-11-18T14:48:44","guid":{"rendered":"https:\/\/viladecans.gabrielistas.org\/home-2\/?page_id=3319"},"modified":"2025-11-18T16:59:15","modified_gmt":"2025-11-18T15:59:15","slug":"escola-4-0","status":"publish","type":"page","link":"https:\/\/viladecans.gabrielistas.org\/home-2\/projectes\/escola-4-0\/","title":{"rendered":"Escola 4.0"},"content":{"rendered":"<p>[vc_row][vc_column][vc_column_text]<\/p>\n<h5><strong>Subvenci\u00f3 \u201cC\u00f3digo Escuela 4.0\u201d<\/strong><\/h5>\n<p>El Departament porta a terme una s\u00e8rie d\u2019actuacions amb l\u2019objectiu de refor\u00e7ar la digitalitzaci\u00f3 del sistema educatiu i d\u2019implantar el nou Marc de refer\u00e8ncia de la compet\u00e8ncia digital docent (MRCDD), perqu\u00e8 serveixi com a palanca per a la innovaci\u00f3 en els centres educatius de Catalunya.<\/p>\n<p>La finalitat \u00e9s facilitar, al professorat i l\u2019alumnat dels centres educatius finan\u00e7ats amb fons p\u00fablics, el desenvolupament de les compet\u00e8ncies digitals relacionades amb el pensament computacional i la programaci\u00f3.<\/p>\n<p>Les actuacions s\u2019emmarquen en el programa \u201cC\u00f3digo Escuela 4.0\u201d del Ministeri d\u2019Educaci\u00f3, Formaci\u00f3 Professional i Esports. Aquest Programa pret\u00e9n articular una resposta integral per:<\/p>\n<ol>\n<li>Capacitar i actualitzar el professorat amb accions formatives concretes, que inclouen:<\/li>\n<\/ol>\n<ul>\n<li style=\"list-style-type: none;\">\n<ul>\n<li>Acompanyar el docent dins de l\u2019aula.<\/li>\n<li>Facilitar recursos educatius oberts espec\u00edfics que es puguin portar a terme f\u00e0cilment dins l\u2019aula.<\/li>\n<\/ul>\n<\/li>\n<\/ul>\n<ol start=\"2\">\n<li>Dotar els centres educatius amb:<\/li>\n<\/ol>\n<ul>\n<li style=\"list-style-type: none;\">\n<ul>\n<li>Recursos necessaris per treballar la programaci\u00f3 a les aules.<\/li>\n<li>Equipaments de rob\u00f2tica educativa.<\/li>\n<\/ul>\n<\/li>\n<\/ul>\n<p style=\"padding-left: 80px;\"><strong>\u00a0<\/strong><strong>Expedient: EDU171\/24\/000263<br \/>\nIMPORT SUBVENCI\u00d3: 25000\u20ac<\/strong><\/p>\n<p>[\/vc_column_text][\/vc_column][\/vc_row][vc_row][vc_column width=&#8221;1\/3&#8243;][vc_column_text]<img loading=\"lazy\" decoding=\"async\" class=\"aligncenter wp-image-3323\" src=\"https:\/\/viladecans.gabrielistas.org\/wp-content\/uploads\/2025\/11\/Generalitat-300x87.png\" alt=\"\" width=\"345\" height=\"100\" srcset=\"https:\/\/viladecans.gabrielistas.org\/wp-content\/uploads\/2025\/11\/Generalitat-300x87.png 300w, https:\/\/viladecans.gabrielistas.org\/wp-content\/uploads\/2025\/11\/Generalitat.png 417w\" sizes=\"auto, (max-width: 345px) 100vw, 345px\" \/>[\/vc_column_text][\/vc_column][vc_column width=&#8221;1\/3&#8243;][vc_column_text]<img loading=\"lazy\" decoding=\"async\" class=\"aligncenter wp-image-3322\" src=\"https:\/\/viladecans.gabrielistas.org\/wp-content\/uploads\/2025\/11\/Ministerio-Educacion-300x73.png\" alt=\"\" width=\"413\" height=\"100\" srcset=\"https:\/\/viladecans.gabrielistas.org\/wp-content\/uploads\/2025\/11\/Ministerio-Educacion-300x73.png 300w, https:\/\/viladecans.gabrielistas.org\/wp-content\/uploads\/2025\/11\/Ministerio-Educacion-768x186.png 768w, https:\/\/viladecans.gabrielistas.org\/wp-content\/uploads\/2025\/11\/Ministerio-Educacion.png 900w\" sizes=\"auto, (max-width: 413px) 100vw, 413px\" \/>[\/vc_column_text][\/vc_column][vc_column width=&#8221;1\/3&#8243;][vc_column_text]<img loading=\"lazy\" decoding=\"async\" class=\"aligncenter wp-image-3321\" src=\"https:\/\/viladecans.gabrielistas.org\/wp-content\/uploads\/2025\/11\/Codigo-escuela-4.0.png\" alt=\"\" width=\"227\" height=\"100\" \/>[\/vc_column_text][\/vc_column][\/vc_row]<\/p>\n","protected":false},"excerpt":{"rendered":"<p>[vc_row][vc_column][vc_column_text] Subvenci\u00f3 \u201cC\u00f3digo Escuela 4.0\u201d El Departament porta a terme una s\u00e8rie d\u2019actuacions amb l\u2019objectiu de refor\u00e7ar la digitalitzaci\u00f3 del sistema educatiu i d\u2019implantar el nou Marc de refer\u00e8ncia de la compet\u00e8ncia digital docent (MRCDD), perqu\u00e8 serveixi com a palanca per a la innovaci\u00f3 en els centres educatius de Catalunya. La finalitat \u00e9s facilitar, al [&hellip;]<\/p>\n","protected":false},"author":3,"featured_media":0,"parent":173,"menu_order":0,"comment_status":"closed","ping_status":"closed","template":"","meta":{"footnotes":""},"class_list":["post-3319","page","type-page","status-publish","hentry"],"_links":{"self":[{"href":"https:\/\/viladecans.gabrielistas.org\/home-2\/wp-json\/wp\/v2\/pages\/3319","targetHints":{"allow":["GET"]}}],"collection":[{"href":"https:\/\/viladecans.gabrielistas.org\/home-2\/wp-json\/wp\/v2\/pages"}],"about":[{"href":"https:\/\/viladecans.gabrielistas.org\/home-2\/wp-json\/wp\/v2\/types\/page"}],"author":[{"embeddable":true,"href":"https:\/\/viladecans.gabrielistas.org\/home-2\/wp-json\/wp\/v2\/users\/3"}],"replies":[{"embeddable":true,"href":"https:\/\/viladecans.gabrielistas.org\/home-2\/wp-json\/wp\/v2\/comments?post=3319"}],"version-history":[{"count":7,"href":"https:\/\/viladecans.gabrielistas.org\/home-2\/wp-json\/wp\/v2\/pages\/3319\/revisions"}],"predecessor-version":[{"id":3331,"href":"https:\/\/viladecans.gabrielistas.org\/home-2\/wp-json\/wp\/v2\/pages\/3319\/revisions\/3331"}],"up":[{"embeddable":true,"href":"https:\/\/viladecans.gabrielistas.org\/home-2\/wp-json\/wp\/v2\/pages\/173"}],"wp:attachment":[{"href":"https:\/\/viladecans.gabrielistas.org\/home-2\/wp-json\/wp\/v2\/media?parent=3319"}],"curies":[{"name":"wp","href":"https:\/\/api.w.org\/{rel}","templated":true}]}}