{"id":465,"date":"2021-02-10T17:35:23","date_gmt":"2021-02-10T16:35:23","guid":{"rendered":"http:\/\/gwzrtit.cluster030.hosting.ovh.net\/?page_id=465"},"modified":"2025-07-14T09:57:25","modified_gmt":"2025-07-14T07:57:25","slug":"activitats","status":"publish","type":"page","link":"https:\/\/viladecans.gabrielistas.org\/home-2\/activitats\/","title":{"rendered":"Activitats"},"content":{"rendered":"<p>[vc_row padding_top_multiplier=&#8221;&#8221;][vc_column]<div class=\"eut-element eut-image eut-align-center\" style=\"margin-bottom: 40px;\"><div class=\"eut-image-wrapper eut-popup-item\" style=\"max-width:981px;\"><div class=\"eut-thumbnail-wrapper\"  style=\"max-width: 981px;\"><div class=\"eut-thumbnail\"  style=\"padding-top: 31.906%;\"><img loading=\"lazy\" decoding=\"async\" width=\"981\" height=\"313\" src=\"https:\/\/viladecans.gabrielistas.org\/wp-content\/uploads\/2020\/12\/sg-header-6.png\" class=\"attachment-full size-full\" alt=\"\" data-eutf-filter=\"yes\" srcset=\"https:\/\/viladecans.gabrielistas.org\/wp-content\/uploads\/2020\/12\/sg-header-6.png 981w, https:\/\/viladecans.gabrielistas.org\/wp-content\/uploads\/2020\/12\/sg-header-6-300x96.png 300w, https:\/\/viladecans.gabrielistas.org\/wp-content\/uploads\/2020\/12\/sg-header-6-768x245.png 768w\" sizes=\"auto, (max-width: 981px) 100vw, 981px\" \/><\/div><\/div>  <\/div><\/div>[vc_column_text el_id=&#8221;activitats-extraescolars&#8221; el_class=&#8221;sg-title-section&#8221;]<\/p>\n<h3>Activitats extraescolars<\/h3>\n<p>[\/vc_column_text][vc_row_inner padding_top_multiplier=&#8221;&#8221; padding_bottom_multiplier=&#8221;&#8221;][vc_column_inner width=&#8221;1\/2&#8243;][vc_column_text css=&#8221;.vc_custom_1675255172370{margin-bottom: 40px !important;}&#8221;]<\/p>\n<h4>Programaci\u00f3 i Rob\u00f2tica<\/h4>\n<p>&nbsp;<\/p>\n<h4>Teatre<\/h4>\n<p>&nbsp;<\/p>\n<h4>MiniM\u00fasics<\/h4>\n<p>[\/vc_column_text][vc_column_text css=&#8221;.vc_custom_1675254653993{margin-bottom: 40px !important;}&#8221;][\/vc_column_text][vc_column_text css=&#8221;.vc_custom_1675254662881{margin-bottom: 40px !important;}&#8221;][\/vc_column_text][\/vc_column_inner][vc_column_inner width=&#8221;1\/2&#8243;][vc_column_text css=&#8221;.vc_custom_1675255314487{margin-bottom: 40px !important;}&#8221;]<\/p>\n<h4>Angl\u00e9s<\/h4>\n<p>&nbsp;<\/p>\n<h4>Guitarra<\/h4>\n<p>&nbsp;<\/p>\n<h4>Activitats esportives (Taekwondo, P\u00e0del, Nataci\u00f3, Patinatge, Dance)<\/h4>\n<p>[\/vc_column_text][vc_column_text css=&#8221;.vc_custom_1675254684429{margin-bottom: 40px !important;}&#8221;][\/vc_column_text][vc_column_text css=&#8221;.vc_custom_1675254696313{margin-bottom: 40px !important;}&#8221;][\/vc_column_text][\/vc_column_inner][\/vc_row_inner]<div class=\"eut-element eut-divider\" style=\"padding-bottom: 40px;\"><span class=\"eut-custom-divider eut-bg-primary-2 eut-align-inherit\" style=\"width: 40px;height: 3px;\"><\/span><\/div>[vc_column_text el_class=&#8221;sg-title-section&#8221;]<\/p>\n<h3>Casal d&#8217;estiu<\/h3>\n<p>[\/vc_column_text][vc_row_inner padding_top_multiplier=&#8221;&#8221; padding_bottom_multiplier=&#8221;&#8221;][vc_column_inner][vc_column_text css=&#8221;.vc_custom_1634242593531{margin-bottom: 40px !important;}&#8221;]Les activitats del Casal d\u2019estiu del Col\u00b7legi Sant Gabriel estan dissenyades per fomentar la participaci\u00f3, col\u00b7laboraci\u00f3 i no exclusi\u00f3 de ning\u00fa per cap motiu. Els grups de treball i les activitats estan estructurats i dissenyats en base a l\u2019edat dels participants.<del><br \/>\n<\/del>[\/vc_column_text][\/vc_column_inner][\/vc_row_inner]<div class=\"eut-element eut-divider\" style=\"padding-bottom: 40px;\"><span class=\"eut-custom-divider eut-bg-primary-2 eut-align-inherit\" style=\"width: 40px;height: 3px;\"><\/span><\/div>[vc_column_text el_id=&#8221;activitats-de-lleure&#8221; el_class=&#8221;sg-title-section&#8221;]<\/p>\n<h3>Campaments Gabrielistes<\/h3>\n<p>[\/vc_column_text][vc_column_text css=&#8221;.vc_custom_1634242611365{margin-bottom: 40px !important;}&#8221;]<\/p>\n<h4>Campaments Gabrielistes &#8211; Aranda de Duero<\/h4>\n<p>Estan adre\u00e7ats a nois i noies des de 6\u00e8 EP fins a 3r d\u2019ESO. Es realitzen a les instal\u00b7laciones del Col\u00b7legi San Gabriel de Aranda de Duero. L\u2019objectiu principal \u00e9s construir un grup d\u2019amistat on es visqui l\u2019alegria de la unitat i l\u2019acceptaci\u00f3 de tots. Es conviu en acampada amb nois i noies d\u2019Espanya que junts desenvolupen projectes pedag\u00f2gics i l\u00fadics a trav\u00e9s de tallers, activitats i excursions, marxes i sortides culturals. <del><br \/>\n<\/del>[\/vc_column_text][\/vc_column][\/vc_row]<\/p>\n","protected":false},"excerpt":{"rendered":"<p>[vc_row padding_top_multiplier=&#8221;&#8221;][vc_column][vc_column_text el_id=&#8221;activitats-extraescolars&#8221; el_class=&#8221;sg-title-section&#8221;] Activitats extraescolars [\/vc_column_text][vc_row_inner padding_top_multiplier=&#8221;&#8221; padding_bottom_multiplier=&#8221;&#8221;][vc_column_inner width=&#8221;1\/2&#8243;][vc_column_text css=&#8221;.vc_custom_1675255172370{margin-bottom: 40px !important;}&#8221;] Programaci\u00f3 i Rob\u00f2tica &nbsp; Teatre &nbsp; MiniM\u00fasics [\/vc_column_text][vc_column_text css=&#8221;.vc_custom_1675254653993{margin-bottom: 40px !important;}&#8221;][\/vc_column_text][vc_column_text css=&#8221;.vc_custom_1675254662881{margin-bottom: 40px !important;}&#8221;][\/vc_column_text][\/vc_column_inner][vc_column_inner width=&#8221;1\/2&#8243;][vc_column_text css=&#8221;.vc_custom_1675255314487{margin-bottom: 40px !important;}&#8221;] Angl\u00e9s &nbsp; Guitarra &nbsp; Activitats esportives (Taekwondo, P\u00e0del, Nataci\u00f3, Patinatge, Dance) [\/vc_column_text][vc_column_text css=&#8221;.vc_custom_1675254684429{margin-bottom: 40px !important;}&#8221;][\/vc_column_text][vc_column_text css=&#8221;.vc_custom_1675254696313{margin-bottom: 40px !important;}&#8221;][\/vc_column_text][\/vc_column_inner][\/vc_row_inner][vc_column_text el_class=&#8221;sg-title-section&#8221;] Casal d&#8217;estiu [\/vc_column_text][vc_row_inner padding_top_multiplier=&#8221;&#8221; padding_bottom_multiplier=&#8221;&#8221;][vc_column_inner][vc_column_text [&hellip;]<\/p>\n","protected":false},"author":1,"featured_media":0,"parent":0,"menu_order":0,"comment_status":"closed","ping_status":"closed","template":"","meta":{"footnotes":""},"class_list":["post-465","page","type-page","status-publish","hentry"],"_links":{"self":[{"href":"https:\/\/viladecans.gabrielistas.org\/home-2\/wp-json\/wp\/v2\/pages\/465","targetHints":{"allow":["GET"]}}],"collection":[{"href":"https:\/\/viladecans.gabrielistas.org\/home-2\/wp-json\/wp\/v2\/pages"}],"about":[{"href":"https:\/\/viladecans.gabrielistas.org\/home-2\/wp-json\/wp\/v2\/types\/page"}],"author":[{"embeddable":true,"href":"https:\/\/viladecans.gabrielistas.org\/home-2\/wp-json\/wp\/v2\/users\/1"}],"replies":[{"embeddable":true,"href":"https:\/\/viladecans.gabrielistas.org\/home-2\/wp-json\/wp\/v2\/comments?post=465"}],"version-history":[{"count":16,"href":"https:\/\/viladecans.gabrielistas.org\/home-2\/wp-json\/wp\/v2\/pages\/465\/revisions"}],"predecessor-version":[{"id":1343,"href":"https:\/\/viladecans.gabrielistas.org\/home-2\/wp-json\/wp\/v2\/pages\/465\/revisions\/1343"}],"wp:attachment":[{"href":"https:\/\/viladecans.gabrielistas.org\/home-2\/wp-json\/wp\/v2\/media?parent=465"}],"curies":[{"name":"wp","href":"https:\/\/api.w.org\/{rel}","templated":true}]}}