{"id":473,"date":"2021-02-10T17:49:35","date_gmt":"2021-02-10T16:49:35","guid":{"rendered":"http:\/\/gwzrtit.cluster030.hosting.ovh.net\/?page_id=473"},"modified":"2025-07-14T09:58:07","modified_gmt":"2025-07-14T07:58:07","slug":"serveis","status":"publish","type":"page","link":"https:\/\/viladecans.gabrielistas.org\/home-2\/serveis\/","title":{"rendered":"Serveis"},"content":{"rendered":"<p>[vc_row padding_top_multiplier=&#8221;&#8221;][vc_column]<div class=\"eut-element eut-image eut-align-center\" style=\"margin-bottom: 40px;\"><div class=\"eut-image-wrapper eut-popup-item\" style=\"max-width:981px;\"><div class=\"eut-thumbnail-wrapper\"  style=\"max-width: 981px;\"><div class=\"eut-thumbnail\"  style=\"padding-top: 31.906%;\"><img loading=\"lazy\" decoding=\"async\" width=\"981\" height=\"313\" src=\"https:\/\/viladecans.gabrielistas.org\/wp-content\/uploads\/2020\/12\/sg-header-4.png\" class=\"attachment-full size-full\" alt=\"\" data-eutf-filter=\"yes\" srcset=\"https:\/\/viladecans.gabrielistas.org\/wp-content\/uploads\/2020\/12\/sg-header-4.png 981w, https:\/\/viladecans.gabrielistas.org\/wp-content\/uploads\/2020\/12\/sg-header-4-300x96.png 300w, https:\/\/viladecans.gabrielistas.org\/wp-content\/uploads\/2020\/12\/sg-header-4-768x245.png 768w\" sizes=\"auto, (max-width: 981px) 100vw, 981px\" \/><\/div><\/div>  <\/div><\/div>[vc_column_text el_id=&#8221;acollida-matinal&#8221; el_class=&#8221;sg-title-section&#8221;]<\/p>\n<h3>Acollida matinal (SAM)<\/h3>\n<p>[\/vc_column_text]<div class=\"eut-element eut-divider\" style=\"padding-bottom: 40px;\"><span class=\"eut-custom-divider eut-bg-primary-2 eut-align-inherit\" style=\"width: 40px;height: 3px;\"><\/span><\/div>[vc_column_text css=&#8221;.vc_custom_1665917581384{margin-bottom: 40px !important;}&#8221;]El Centre ofereix un servei d\u2019acollida matinal pels alumnes m\u00e9s petits i aix\u00ed facilitar que els pares i les mares puguin complir amb el seu horari laboral.<\/p>\n<p>L\u2019horari d\u2019aquest servei \u00e9s:<\/p>\n<ul>\n<li>Educaci\u00f3 Infantil: de 8:00 a 9:00<\/li>\n<li>Educaci\u00f3 Prim\u00e0ria de 7:45 a 8:45<\/li>\n<\/ul>\n<p>Els alumnes hi poden estar abonats per a tot el mes o b\u00e9 s\u2019hi poden quedar dies a\u00efllats, segons les necessitats familiars. Podeu consultar els preus a la secretaria del Col\u00b7legi.[\/vc_column_text][vc_column_text el_id=&#8221;menjador-escolar&#8221; el_class=&#8221;sg-title-section&#8221;]<\/p>\n<h3>Menjador escolar<\/h3>\n<p>[\/vc_column_text]<div class=\"eut-element eut-divider\" style=\"padding-bottom: 40px;\"><span class=\"eut-custom-divider eut-bg-primary-2 eut-align-inherit\" style=\"width: 40px;height: 3px;\"><\/span><\/div>[vc_column_text css=&#8221;.vc_custom_1665917645102{margin-bottom: 40px !important;}&#8221;]Disposem de\u00a0<strong>cuina pr\u00f2pia<\/strong>\u00a0i oferim men\u00fas especials per l\u2019alumnat amb intoler\u00e0ncies aliment\u00e0ries.<\/p>\n<p>El menjador est\u00e0 gestionat per l\u2019empresa\u00a0<a href=\"https:\/\/scolarest.es\/\">Scolarest<\/a>.<\/p>\n<ul>\n<li><a href=\"https:\/\/scolarest.es\/presencia-local\/\"><strong>Prove\u00efdors locals i productes de proximitat<\/strong><\/a>: apostem per la compra en origen, directament al productor, \u00e9s a dir, el 70% dels nostres productes s\u2019adquireixen a Catalunya. Entre aquests destaquem que el 82% de fruites i verdures s\u00f3n de prove\u00efdors catalans i gaireb\u00e9 un 80% de la carn es compra a Catalunya.<\/li>\n<\/ul>\n<p>&nbsp;<\/p>\n<ul>\n<li><a href=\"http:\/\/www.joanpelegri.cat\/wp-content\/uploads\/2020\/01\/El-prove%C3%8Fdors-Catalunya_prodEco.pdf\"><strong>Productes ecol\u00f2gics<\/strong><\/a>: es tracta d\u2019una selecci\u00f3 de productes sense herbicides, fungicides, insecticides ni additius de cap classe que tenen el segell ecol\u00f2gic oficial segons la seva proced\u00e8ncia.<\/li>\n<\/ul>\n<p>&nbsp;<\/p>\n<ul>\n<li><a href=\"http:\/\/www.joanpelegri.cat\/wp-content\/uploads\/2020\/01\/El-prove%C3%8Fdors-Catalunya_comer%C3%A7Just.pdf\"><strong>Productes de comer\u00e7 just i solidari<\/strong><\/a>: adquirim productes que donen suport a projectes socials i contribueixen a la integraci\u00f3 social de col\u00b7lectius desfavorits.<\/li>\n<\/ul>\n<p>El servei de menjador disposa de men\u00fas mensuals, tots elaborats per l\u2019equip de dietistes d\u2019Scolarest i on es prioritzen q\u00fcestions com la varietat i l\u2019equilibri.<\/p>\n<p>Els dies de<strong>\u00a0sortides o excursions<\/strong>\u00a0hi ha p\u00edcnic per a tot l\u2019alumnat fix al servei o per a aquells que no siguin fixos i ho demanin amb tres dies d\u2019antelaci\u00f3.<\/p>\n<p>En cas que un alumne\/a hagi de menjar una dieta especial:<\/p>\n<p>Per un dia: Ho haur\u00e0 d\u2019avisar el mateix dia, entregant al tutor\/a una nota escrita i signada pels pares.<\/p>\n<p>Permanent: Per a tots aquells casos d\u2019incompatibilitat alimentaria i\/o r\u00e8gims a llarg termini, cal un justificant m\u00e8dic, que s\u2019ha de fer arribar al coordinador del servei.<\/p>\n<p>Podeu consultar els diferents men\u00fas en aquesta web.[\/vc_column_text][vc_column_text el_id=&#8221;departament-orientacio&#8221; el_class=&#8221;sg-title-section&#8221;]<\/p>\n<h3>Departament d&#8217;orientaci\u00f3<\/h3>\n<p>[\/vc_column_text]<div class=\"eut-element eut-divider\" style=\"padding-bottom: 40px;\"><span class=\"eut-custom-divider eut-bg-primary-2 eut-align-inherit\" style=\"width: 40px;height: 3px;\"><\/span><\/div>[vc_column_text css=&#8221;.vc_custom_1613489213040{margin-bottom: 40px !important;}&#8221;]L\u2019orientaci\u00f3 educativa, en les seves dimensions personal, social, acad\u00e8mica i professional, compr\u00e8n les accions de centre que promouen l\u2019acompanyament personalitzat de l\u2019alumne i guia el treball professional i d&#8217;equip del professorat al servei de l&#8217;\u00e8xit escolar de l&#8217;alumne.<\/p>\n<p>La tasca del Departament d\u2019orientaci\u00f3 inclou:<\/p>\n<ul>\n<li>Orientaci\u00f3 de l\u2019acci\u00f3 educativa a les fam\u00edlies, a l\u2019alumnat i al professorat.<\/li>\n<li>Acompanyament del professorat en l\u2019exercici de la doc\u00e8ncia i de la funci\u00f3 tutorial tant a nivell grupal, individual i familiar.<\/li>\n<li>Atenci\u00f3 a la diversitat i a les caracter\u00edstiques individuals dels alumnes.<\/li>\n<li>Coordinaci\u00f3 d\u2019equips (interns i externs al centre): Once, EAP, Serveis Socials, Psic\u00f2legs, Logopedes etc\u2026 per treballar de manera conjunta.<\/li>\n<li>Col\u00b7laboraci\u00f3 amb els tutors\/es acompanyant l\u2019alumnat en la seva orientaci\u00f3 professional.<\/li>\n<\/ul>\n<p>[\/vc_column_text][vc_column_text el_id=&#8221;oxford-test-of-english&#8221; el_class=&#8221;sg-title-section&#8221;]<\/p>\n<h3>Oxford Test of English<\/h3>\n<p>[\/vc_column_text]<div class=\"eut-element eut-divider\" style=\"padding-bottom: 40px;\"><span class=\"eut-custom-divider eut-bg-primary-2 eut-align-inherit\" style=\"width: 40px;height: 3px;\"><\/span><\/div>[vc_column_text css=&#8221;.vc_custom_1747730414981{margin-bottom: 40px !important;}&#8221;]<b><strong><em>Oxford Test of English<br \/>\n<\/em><\/strong><\/b><\/p>\n<h2>Som Centre Examinador de<\/h2>\n<h2>l\u2019<em>Oxford Test of English<\/em><\/h2>\n<h3>The Oxford Test of English is an online general English proficiency test certified by the University of Oxford.<\/h3>\n<p>&nbsp;<\/p>\n<p><b><strong>Vols certificar els teu nivell d\u2019angl\u00e8s?<\/strong><\/b><\/p>\n<p><b><strong>Coneixes l\u2019Oxford Test of English?<\/strong><\/b><\/p>\n<ul>\n<li>\u00c9s un examen 100% online<\/li>\n<li>El pots realitzar a l\u2019aula d\u2019inform\u00e0tica del nostre Centre<\/li>\n<li>\u00c9s un examen de capacitaci\u00f3 dels nivells A2, B1 o B2.<\/li>\n<li>\u00c9s un examen\u00a0adaptatiu. S\u2019adapta a mesura que es va responent<\/li>\n<li>Et permet examinar la teva compet\u00e8ncia en Reading, Writing, Listening and Speaking<\/li>\n<li>\u00c9s un examen que compleix amb el Marc\u00a0Com\u00fa\u00a0de\u00a0Refer\u00e8ncia\u00a0Europeo\u00a0(MCER)<\/li>\n<\/ul>\n<p><b><strong>Tindr\u00e0s els resultats disponibles en nom\u00e9s 14 dies.<\/strong><\/b><\/p>\n<p>Encara no ho veus clar? Visita\u00a0<b><strong><a href=\"https:\/\/www.youtube.com\/redirect?q=http%3A%2F%2Fwww.oxfordtestofenglish.es%2F&amp;redir_token=zbqLJ62QHxT6Y1TtE7gOTqiBS9x8MTUyNzg4MjIzM0AxNTI3Nzk1ODMz&amp;v=XcjUkjD5W0Q&amp;event=video_description\" data-sessionlink=\"itct=CC8Q6TgYACITCKvazP_asNsCFYuVFgod5PgPRyj4HUjEtuWHo5K15F0\" data-target-new-window=\"True\" data-url=\"\/redirect?q=http%3A%2F%2Fwww.oxfordtestofenglish.es%2F&amp;redir_token=zbqLJ62QHxT6Y1TtE7gOTqiBS9x8MTUyNzg4MjIzM0AxNTI3Nzk1ODMz&amp;v=XcjUkjD5W0Q&amp;event=video_description\">http:\/\/www.oxfordtestofenglish.es\/<\/a>\u00a0<\/strong><\/b>per a m\u00e9s informaci\u00f3.<\/p>\n<p>Pots fer una DEMO de l\u2019examen <a href=\"http:\/\/fdslive.oup.com\/www.oup.com\/elt\/general_content\/global\/ote_demo\/#module\/all\">fent clic aqu\u00ed<\/a><\/p>\n<p>Aquesta DEMO est\u00e0 dissenyada per ajudar-te a familiaritzar-te en l\u2019entorn i con\u00e8ixer l\u2019interf\u00edcie que fa servir\u00a0 Oxford Test of English.<\/p>\n<p>Aquesta demo\u00a0<b><strong>no certifica el nivell\u00a0<\/strong><\/b>i es pot tancar en qualsevol moment.[\/vc_column_text][vc_column_text el_class=&#8221;sg-title-section&#8221; el_id=&#8221;Salut-i-escola&#8221;]<\/p>\n<h3><a href=\"http:\/\/viladecans.gabrielistas.org\/wp-content\/uploads\/2022\/10\/VideoconsultaFamiliar-1.pdf\">Salut i fam\u00edlia<\/a><\/h3>\n<p>[\/vc_column_text]<div class=\"eut-element eut-divider\" style=\"padding-bottom: 40px;\"><span class=\"eut-custom-divider eut-bg-primary-2 eut-align-inherit\" style=\"width: 40px;height: 3px;\"><\/span><\/div>[\/vc_column][\/vc_row]<\/p>\n","protected":false},"excerpt":{"rendered":"<p>[vc_row padding_top_multiplier=&#8221;&#8221;][vc_column][vc_column_text el_id=&#8221;acollida-matinal&#8221; el_class=&#8221;sg-title-section&#8221;] Acollida matinal (SAM) [\/vc_column_text][vc_column_text css=&#8221;.vc_custom_1665917581384{margin-bottom: 40px !important;}&#8221;]El Centre ofereix un servei d\u2019acollida matinal pels alumnes m\u00e9s petits i aix\u00ed facilitar que els pares i les mares puguin complir amb el seu horari laboral. L\u2019horari d\u2019aquest servei \u00e9s: Educaci\u00f3 Infantil: de 8:00 a 9:00 Educaci\u00f3 Prim\u00e0ria de 7:45 a 8:45 Els alumnes [&hellip;]<\/p>\n","protected":false},"author":1,"featured_media":0,"parent":0,"menu_order":0,"comment_status":"closed","ping_status":"closed","template":"","meta":{"footnotes":""},"class_list":["post-473","page","type-page","status-publish","hentry"],"_links":{"self":[{"href":"https:\/\/viladecans.gabrielistas.org\/home-2\/wp-json\/wp\/v2\/pages\/473","targetHints":{"allow":["GET"]}}],"collection":[{"href":"https:\/\/viladecans.gabrielistas.org\/home-2\/wp-json\/wp\/v2\/pages"}],"about":[{"href":"https:\/\/viladecans.gabrielistas.org\/home-2\/wp-json\/wp\/v2\/types\/page"}],"author":[{"embeddable":true,"href":"https:\/\/viladecans.gabrielistas.org\/home-2\/wp-json\/wp\/v2\/users\/1"}],"replies":[{"embeddable":true,"href":"https:\/\/viladecans.gabrielistas.org\/home-2\/wp-json\/wp\/v2\/comments?post=473"}],"version-history":[{"count":14,"href":"https:\/\/viladecans.gabrielistas.org\/home-2\/wp-json\/wp\/v2\/pages\/473\/revisions"}],"predecessor-version":[{"id":2921,"href":"https:\/\/viladecans.gabrielistas.org\/home-2\/wp-json\/wp\/v2\/pages\/473\/revisions\/2921"}],"wp:attachment":[{"href":"https:\/\/viladecans.gabrielistas.org\/home-2\/wp-json\/wp\/v2\/media?parent=473"}],"curies":[{"name":"wp","href":"https:\/\/api.w.org\/{rel}","templated":true}]}}