{"id":601,"date":"2021-02-18T15:29:55","date_gmt":"2021-02-18T14:29:55","guid":{"rendered":"http:\/\/gwzrtit.cluster030.hosting.ovh.net\/?page_id=601"},"modified":"2026-03-28T17:29:57","modified_gmt":"2026-03-28T16:29:57","slug":"secretaria","status":"publish","type":"page","link":"https:\/\/viladecans.gabrielistas.org\/home-2\/secretaria\/","title":{"rendered":"Secretaria"},"content":{"rendered":"<p>[vc_row padding_top_multiplier=&#8221;&#8221;][vc_column]<div class=\"eut-element eut-image eut-align-center\" style=\"margin-bottom: 40px;\"><div class=\"eut-image-wrapper eut-popup-item\" style=\"max-width:981px;\"><div class=\"eut-thumbnail-wrapper\"  style=\"max-width: 981px;\"><div class=\"eut-thumbnail\"  style=\"padding-top: 31.906%;\"><img loading=\"lazy\" decoding=\"async\" width=\"981\" height=\"313\" src=\"https:\/\/viladecans.gabrielistas.org\/wp-content\/uploads\/2020\/12\/sg-header-16.png\" class=\"attachment-full size-full\" alt=\"\" data-eutf-filter=\"yes\" srcset=\"https:\/\/viladecans.gabrielistas.org\/wp-content\/uploads\/2020\/12\/sg-header-16.png 981w, https:\/\/viladecans.gabrielistas.org\/wp-content\/uploads\/2020\/12\/sg-header-16-300x96.png 300w, https:\/\/viladecans.gabrielistas.org\/wp-content\/uploads\/2020\/12\/sg-header-16-768x245.png 768w\" sizes=\"auto, (max-width: 981px) 100vw, 981px\" \/><\/div><\/div>  <\/div><\/div>[vc_column_text el_id=&#8221;calendari&#8221; el_class=&#8221;sg-title-section&#8221;]<\/p>\n<h3>Calendari<\/h3>\n<p>[\/vc_column_text]<div class=\"eut-element eut-divider\" style=\"padding-bottom: 40px;\"><span class=\"eut-custom-divider eut-bg-primary-2 eut-align-inherit\" style=\"width: 40px;height: 3px;\"><\/span><\/div>[vc_raw_html css=&#8221;.vc_custom_1666608225301{padding-bottom: 20px !important;}&#8221;]JTNDaWZyYW1lJTIwc3R5bGUlM0QlMjJib3JkZXItd2lkdGglM0ElMjAwJTNCJTIyJTIwc3JjJTNEJTIyaHR0cHMlM0ElMkYlMkZjYWxlbmRhci5nb29nbGUuY29tJTJGY2FsZW5kYXIlMkZlbWJlZCUzRmhlaWdodCUzRDYwMCUyNmFtcCUzQndrc3QlM0QyJTI2YW1wJTNCYmdjb2xvciUzRCUyNTIzZmZmZmZmJTI2YW1wJTNCY3R6JTNERXVyb3BlJTI1MkZQYXJpcyUyNmFtcCUzQnNyYyUzRGMyZDJhV3hoWkdWallXNXpMbTl5WjE5bk0zQm5hSE5uYnpaa01UZHBhakpuTnpOck9XOWpOblp3WTBCbmNtOTFjQzVqWVd4bGJtUmhjaTVuYjI5bmJHVXVZMjl0JTI2YW1wJTNCc3JjJTNEYzJkMmFXeGhaR1ZqWVc1ekxtOXlaMTkwYTIxMk9HTXdjbXB3YkdobWNHdGhiVFZwY1dZNWFURTBPRUJuY205MWNDNWpZV3hsYm1SaGNpNW5iMjluYkdVdVkyOXQlMjZhbXAlM0JzcmMlM0RjMmQyYVd4aFpHVmpZVzV6TG05eVoxOWlNek5yTm01ME9EY3lOMkowTUhBeGRqRTROM1l4WkRVd1kwQm5jbTkxY0M1allXeGxibVJoY2k1bmIyOW5iR1V1WTI5dCUyNmFtcCUzQnNyYyUzRGMyZDJhV3hoWkdWallXNXpMbTl5WjE5a1ptZHVOakp1TnprMmEyMWxkR1J5TjNWMWRXWXpkWFkxTkVCbmNtOTFjQzVqWVd4bGJtUmhjaTVuYjI5bmJHVXVZMjl0JTI2YW1wJTNCc3JjJTNEYzJkMmFXeGhaR1ZqWVc1ekxtOXlaMTh6WTJrNFl6aGhjRFkzTVdZNVpYWnNaVEJyYURObE1XOXBjMEJuY205MWNDNWpZV3hsYm1SaGNpNW5iMjluYkdVdVkyOXQlMjZhbXAlM0JzcmMlM0RjMmQyYVd4aFpHVmpZVzV6TG05eVoxOXVZakp5ZEdWMmRITnhiRzlxY0Rsa1pUUm9kREJ5ZEdKa01FQm5jbTkxY0M1allXeGxibVJoY2k1bmIyOW5iR1V1WTI5dCUyNmFtcCUzQmNvbG9yJTNEJTI1MjNFNEM0NDElMjZhbXAlM0Jjb2xvciUzRCUyNTIzMEI4MDQzJTI2YW1wJTNCY29sb3IlM0QlMjUyMzQyODVGNCUyNmFtcCUzQmNvbG9yJTNEJTI1MjM4RTI0QUElMjZhbXAlM0Jjb2xvciUzRCUyNTIzRDUwMDAwJTI2YW1wJTNCY29sb3IlM0QlMjUyMzYxNjE2MSUyNmFtcCUzQnNob3dUeiUzRDAlMjIlMjB3aWR0aCUzRCUyMjEyODAlMjIlMjBoZWlnaHQlM0QlMjI2MDAlMjIlMjBmcmFtZWJvcmRlciUzRCUyMjAlMjIlMjBzY3JvbGxpbmclM0QlMjJubyUyMiUzRSUzQyUyRmlmcmFtZSUzRQ==[\/vc_raw_html][vc_column_text el_id=&#8221;horari&#8221; el_class=&#8221;sg-title-section&#8221;]<\/p>\n<h3>Horari<\/h3>\n<p>[\/vc_column_text]<div class=\"eut-element eut-divider\" style=\"padding-bottom: 40px;\"><span class=\"eut-custom-divider eut-bg-primary-2 eut-align-inherit\" style=\"width: 40px;height: 3px;\"><\/span><\/div>[vc_column_text css=&#8221;.vc_custom_1773406939595{margin-bottom: 40px !important;}&#8221;]<\/p>\n<h4>Secretaria<\/h4>\n<p><strong>Atenci\u00f3 al p\u00fablic:<\/strong> de dilluns a divendres, de 9:00 a 13:30 i de 15:00 a 17:00<\/p>\n<h4>Administraci\u00f3<\/h4>\n<p><strong>Atenci\u00f3 al p\u00fablic amb cita pr\u00e8via:<\/strong><br \/>\ndilluns, dimarts i dijous, de 09:00 a 13:00 i de 15:00 a 17:00<br \/>\ndimecres i divendres, de 09:00 a 09:30 i de 16:30 a 17:00<\/p>\n<h4>SAM (Servei d&#8217;acollida matinal)<\/h4>\n<ul>\n<li>Educaci\u00f3 Infantil: de dilluns a divendres, de 8:00 a 9:00<\/li>\n<li>Educaci\u00f3 Prim\u00e0ria: de dilluns a divendres, de 7:45 a 8:45<\/li>\n<\/ul>\n<h4><strong>Etapes:<\/strong><\/h4>\n<h4>Infantil<\/h4>\n<p>de dilluns a divendres, de 9:00 a 13:00 i de 15:00 a 17:00<\/p>\n<h4>Prim\u00e0ria<\/h4>\n<p>de dilluns a divendres, de 8:45 a 12:50 i de 14:50 a 16:50<\/p>\n<h4>ESO<\/h4>\n<p>dilluns, dimarts i dijous, de 8:00 a 13:30 i de 15:00 a 17:00<br \/>\ndimecres i divendres, de 8:00 a 14:30<\/p>\n<h4>Batxillerats<\/h4>\n<p>de dilluns a divendres, de 8:00 a 14:30<\/p>\n<h4>Cicles formatius de grau mitj\u00e0<\/h4>\n<p>de dilluns a divendres, de 8:00 a 14:30<\/p>\n<h4>Cicles formatius de grau superior<\/h4>\n<p>de dilluns a divendres, de 8:00 a 14:30[\/vc_column_text][vc_column_text el_id=&#8221;menu-escolar&#8221; el_class=&#8221;sg-title-section&#8221;]<\/p>\n<h3>Men\u00fa escolar<\/h3>\n<p>[\/vc_column_text]<div class=\"eut-element eut-divider\" style=\"padding-bottom: 40px;\"><span class=\"eut-custom-divider eut-bg-primary-2 eut-align-inherit\" style=\"width: 40px;height: 3px;\"><\/span><\/div>[vc_column_text css=&#8221;.vc_custom_1774715385246{margin-bottom: 40px !important;}&#8221;]<\/p>\n<h2><strong>Abril 2026<\/strong><\/h2>\n<p><a href=\"https:\/\/viladecans.gabrielistas.org\/wp-content\/uploads\/2026\/03\/909700_SANT-GABRIEL-VILADECANS_2206_202604.pdf\" target=\"_blank\" rel=\"noopener\">Men\u00fa general<\/a><br \/>\n<a href=\"https:\/\/viladecans.gabrielistas.org\/wp-content\/uploads\/2026\/03\/909700_SANT-GABRIEL-VILADECANS__LACTOVEGETARIANO_899_202604.pdf\" target=\"_blank\" rel=\"noopener\">Men\u00fa lactovegetari\u00e0<\/a><br \/>\n<a href=\"https:\/\/viladecans.gabrielistas.org\/wp-content\/uploads\/2026\/03\/909700_SANT-GABRIEL-VILADECANS__SENSE-ALBERGINIA_899_202604.pdf\" target=\"_blank\" rel=\"noopener\">Men\u00fa sense alberg\u00ednia<\/a><br \/>\n<a href=\"https:\/\/viladecans.gabrielistas.org\/wp-content\/uploads\/2026\/03\/909700_SANT-GABRIEL-VILADECANS__SENSE-CARN_899_202604.pdf\" target=\"_blank\" rel=\"noopener\">Men\u00fa sense carn<\/a><br \/>\n<a href=\"https:\/\/viladecans.gabrielistas.org\/wp-content\/uploads\/2026\/03\/909700_SANT-GABRIEL-VILADECANS__SENSE-LLUC_899_202604.pdf\" target=\"_blank\" rel=\"noopener\">Men\u00fa sense llu\u00e7<\/a><br \/>\n<a href=\"https:\/\/viladecans.gabrielistas.org\/wp-content\/uploads\/2026\/03\/909700_SANT-GABRIEL-VILADECANS__SENSE-PORC_899_202604.pdf\" target=\"_blank\" rel=\"noopener\">Men\u00fa sense porc<\/a><br \/>\nRecomanaci\u00f3 de sopars<\/p>\n<p><strong>Men\u00fas d&#8217;al\u00b7l\u00e8rgies<\/strong><br \/>\n<a href=\"https:\/\/viladecans.gabrielistas.org\/wp-content\/uploads\/2026\/03\/909700_SANT-GABRIEL-VILADECANS__SENSE-FRUITS-SECS_899_202604.pdf\" target=\"_blank\" rel=\"noopener\">Fruits secs<\/a><br \/>\n<a href=\"https:\/\/viladecans.gabrielistas.org\/wp-content\/uploads\/2026\/03\/909700_SANT-GABRIEL-VILADECANS__SENSE-FS-I-AL\u252cALERGIC-AL-LTP_899_202604.pdf\" target=\"_blank\" rel=\"noopener\">Fruits secs i LTP<\/a><br \/>\n<a href=\"https:\/\/viladecans.gabrielistas.org\/wp-content\/uploads\/2026\/03\/909700_SANT-GABRIEL-VILADECANS__LTP-SENSE-FRUIT-SECS-NI-LLEGUMS_899_202604.pdf\" target=\"_blank\" rel=\"noopener\">Fruits secs, llegums i LTP<\/a><br \/>\n<a href=\"https:\/\/viladecans.gabrielistas.org\/wp-content\/uploads\/2026\/03\/909700_SANT-GABRIEL-VILADECANS__SENSE-FRUITS-SECS-PEIX-NI-ANISAKIS_899_202604.pdf\" target=\"_blank\" rel=\"noopener\">Fruits secs, peix, anisakis<\/a><br \/>\n<a href=\"https:\/\/viladecans.gabrielistas.org\/wp-content\/uploads\/2026\/03\/909700_SANT-GABRIEL-VILADECANS__SENSE-LLEGUMS_899_202604.pdf\" target=\"_blank\" rel=\"noopener\">Llegums<\/a><br \/>\n<a href=\"https:\/\/viladecans.gabrielistas.org\/wp-content\/uploads\/2026\/03\/909700_SANT-GABRIEL-VILADECANS__SENSE-MARISC_899_202604.pdf\" target=\"_blank\" rel=\"noopener\">Marisc<\/a><br \/>\n<a href=\"https:\/\/viladecans.gabrielistas.org\/wp-content\/uploads\/2026\/03\/909700_SANT-GABRIEL-VILADECANS__SENSE-MELO_899_202604.pdf\" target=\"_blank\" rel=\"noopener\">Mel\u00f3<\/a><br \/>\n<a href=\"https:\/\/viladecans.gabrielistas.org\/wp-content\/uploads\/2026\/03\/909700_SANT-GABRIEL-VILADECANS__SENSE-OU_899_202604.pdf\" target=\"_blank\" rel=\"noopener\">Ou<\/a><br \/>\n<a href=\"https:\/\/viladecans.gabrielistas.org\/wp-content\/uploads\/2026\/03\/909700_SANT-GABRIEL-VILADECANS__SENSE-PEIX_899_202604.pdf\" target=\"_blank\" rel=\"noopener\">Peix<\/a><br \/>\n<a href=\"https:\/\/viladecans.gabrielistas.org\/wp-content\/uploads\/2026\/03\/909700_SANT-GABRIEL-VILADECANS__SENSE-PEIX-NI-MARISC_899_202604.pdf\" target=\"_blank\" rel=\"noopener\">Peix i marisc<\/a><br \/>\n<a href=\"https:\/\/viladecans.gabrielistas.org\/wp-content\/uploads\/2026\/03\/909700_SANT-GABRIEL-VILADECANS__SENSE-PLV-SOJA-SALMO-NI-LLEGUMS_899_202604.pdf\" target=\"_blank\" rel=\"noopener\">PLV, soja, salm\u00f3, llegums<\/a><\/p>\n<p><strong>Men\u00fas d&#8217;intoler\u00e0ncies<\/strong><\/p>\n<p><a href=\"https:\/\/viladecans.gabrielistas.org\/wp-content\/uploads\/2026\/03\/909700_SANT-GABRIEL-VILADECANS__SENSE-FRUCTOSA-NI-SORBITOL_899_202604.pdf\" target=\"_blank\" rel=\"noopener\">Fructosa i sorbitol<\/a><br \/>\n<a href=\"https:\/\/viladecans.gabrielistas.org\/wp-content\/uploads\/2026\/03\/909700_SANT-GABRIEL-VILADECANS__SENSE-GLUTEN_899_202604.pdf\" target=\"_blank\" rel=\"noopener\">Gluten<\/a><br \/>\n<a href=\"https:\/\/viladecans.gabrielistas.org\/wp-content\/uploads\/2026\/03\/909700_SANT-GABRIEL-VILADECANS__SENSE-GLUTEN-NI-LACTOSA_899_202604.pdf\" target=\"_blank\" rel=\"noopener\">Gluten i lactosa<\/a><br \/>\n<a href=\"https:\/\/viladecans.gabrielistas.org\/wp-content\/uploads\/2026\/03\/909700_SANT-GABRIEL-VILADECANS__SENSE-LACTOSA_899_202604.pdf\" target=\"_blank\" rel=\"noopener\">Lactosa<\/a><\/p>\n<h2><strong>Recull fotogr\u00e0fic<\/strong><\/h2>\n<h3><a href=\"https:\/\/drive.google.com\/drive\/folders\/118v3yvKL46MfASG8rg9A7adJoPQJ7aY5?usp=sharing\" target=\"_blank\" rel=\"noopener\">Fotografies men\u00fas diaris<\/a><\/h3>\n<h3><a href=\"https:\/\/viladecans.gabrielistas.org\/wp-content\/uploads\/2026\/03\/activitats-2n-trimestre-SANT-GABRIEL.pdf\" target=\"_blank\" rel=\"noopener\">Activitas al menjador segon trimestre<\/a><\/h3>\n<p>&nbsp;<\/p>\n<hr \/>\n<p>[\/vc_column_text][vc_column_text el_id=&#8221;llibres-de-text&#8221; el_class=&#8221;sg-title-section&#8221;]<\/p>\n<h3>Llibres de text<\/h3>\n<p>[\/vc_column_text][vc_column_text css=&#8221;.vc_custom_1750850014805{margin-bottom: 40px !important;}&#8221;]<a href=\"https:\/\/viladecans.gabrielistas.org\/wp-content\/uploads\/2024\/07\/Tutorial-botiga-online-Alexia.pdf\">Tutorial botiga online d&#8217;Alexia<\/a><\/p>\n<p><a href=\"https:\/\/viladecans.gabrielistas.org\/home-2\/llibres-de-text-25-26\/\"><strong>Llistat dels llibres i material escolar per etapes pel curs 25-26<\/strong><\/a>[\/vc_column_text][\/vc_column][\/vc_row]<\/p>\n","protected":false},"excerpt":{"rendered":"<p>[vc_row padding_top_multiplier=&#8221;&#8221;][vc_column][vc_column_text el_id=&#8221;calendari&#8221; el_class=&#8221;sg-title-section&#8221;] Calendari [\/vc_column_text][vc_raw_html css=&#8221;.vc_custom_1666608225301{padding-bottom: 20px !important;}&#8221;]JTNDaWZyYW1lJTIwc3R5bGUlM0QlMjJib3JkZXItd2lkdGglM0ElMjAwJTNCJTIyJTIwc3JjJTNEJTIyaHR0cHMlM0ElMkYlMkZjYWxlbmRhci5nb29nbGUuY29tJTJGY2FsZW5kYXIlMkZlbWJlZCUzRmhlaWdodCUzRDYwMCUyNmFtcCUzQndrc3QlM0QyJTI2YW1wJTNCYmdjb2xvciUzRCUyNTIzZmZmZmZmJTI2YW1wJTNCY3R6JTNERXVyb3BlJTI1MkZQYXJpcyUyNmFtcCUzQnNyYyUzRGMyZDJhV3hoWkdWallXNXpMbTl5WjE5bk0zQm5hSE5uYnpaa01UZHBhakpuTnpOck9XOWpOblp3WTBCbmNtOTFjQzVqWVd4bGJtUmhjaTVuYjI5bmJHVXVZMjl0JTI2YW1wJTNCc3JjJTNEYzJkMmFXeGhaR1ZqWVc1ekxtOXlaMTkwYTIxMk9HTXdjbXB3YkdobWNHdGhiVFZwY1dZNWFURTBPRUJuY205MWNDNWpZV3hsYm1SaGNpNW5iMjluYkdVdVkyOXQlMjZhbXAlM0JzcmMlM0RjMmQyYVd4aFpHVmpZVzV6TG05eVoxOWlNek5yTm01ME9EY3lOMkowTUhBeGRqRTROM1l4WkRVd1kwQm5jbTkxY0M1allXeGxibVJoY2k1bmIyOW5iR1V1WTI5dCUyNmFtcCUzQnNyYyUzRGMyZDJhV3hoWkdWallXNXpMbTl5WjE5a1ptZHVOakp1TnprMmEyMWxkR1J5TjNWMWRXWXpkWFkxTkVCbmNtOTFjQzVqWVd4bGJtUmhjaTVuYjI5bmJHVXVZMjl0JTI2YW1wJTNCc3JjJTNEYzJkMmFXeGhaR1ZqWVc1ekxtOXlaMTh6WTJrNFl6aGhjRFkzTVdZNVpYWnNaVEJyYURObE1XOXBjMEJuY205MWNDNWpZV3hsYm1SaGNpNW5iMjluYkdVdVkyOXQlMjZhbXAlM0JzcmMlM0RjMmQyYVd4aFpHVmpZVzV6TG05eVoxOXVZakp5ZEdWMmRITnhiRzlxY0Rsa1pUUm9kREJ5ZEdKa01FQm5jbTkxY0M1allXeGxibVJoY2k1bmIyOW5iR1V1WTI5dCUyNmFtcCUzQmNvbG9yJTNEJTI1MjNFNEM0NDElMjZhbXAlM0Jjb2xvciUzRCUyNTIzMEI4MDQzJTI2YW1wJTNCY29sb3IlM0QlMjUyMzQyODVGNCUyNmFtcCUzQmNvbG9yJTNEJTI1MjM4RTI0QUElMjZhbXAlM0Jjb2xvciUzRCUyNTIzRDUwMDAwJTI2YW1wJTNCY29sb3IlM0QlMjUyMzYxNjE2MSUyNmFtcCUzQnNob3dUeiUzRDAlMjIlMjB3aWR0aCUzRCUyMjEyODAlMjIlMjBoZWlnaHQlM0QlMjI2MDAlMjIlMjBmcmFtZWJvcmRlciUzRCUyMjAlMjIlMjBzY3JvbGxpbmclM0QlMjJubyUyMiUzRSUzQyUyRmlmcmFtZSUzRQ==[\/vc_raw_html][vc_column_text el_id=&#8221;horari&#8221; el_class=&#8221;sg-title-section&#8221;] Horari [\/vc_column_text][vc_column_text css=&#8221;.vc_custom_1773406939595{margin-bottom: 40px !important;}&#8221;] Secretaria Atenci\u00f3 al p\u00fablic: de dilluns a divendres, de 9:00 a 13:30 i de 15:00 a 17:00 Administraci\u00f3 Atenci\u00f3 al p\u00fablic amb cita pr\u00e8via: dilluns, dimarts i dijous, de 09:00 a 13:00 i de 15:00 a 17:00 dimecres i [&hellip;]<\/p>\n","protected":false},"author":1,"featured_media":0,"parent":0,"menu_order":0,"comment_status":"closed","ping_status":"closed","template":"","meta":{"footnotes":""},"class_list":["post-601","page","type-page","status-publish","hentry"],"_links":{"self":[{"href":"https:\/\/viladecans.gabrielistas.org\/home-2\/wp-json\/wp\/v2\/pages\/601","targetHints":{"allow":["GET"]}}],"collection":[{"href":"https:\/\/viladecans.gabrielistas.org\/home-2\/wp-json\/wp\/v2\/pages"}],"about":[{"href":"https:\/\/viladecans.gabrielistas.org\/home-2\/wp-json\/wp\/v2\/types\/page"}],"author":[{"embeddable":true,"href":"https:\/\/viladecans.gabrielistas.org\/home-2\/wp-json\/wp\/v2\/users\/1"}],"replies":[{"embeddable":true,"href":"https:\/\/viladecans.gabrielistas.org\/home-2\/wp-json\/wp\/v2\/comments?post=601"}],"version-history":[{"count":133,"href":"https:\/\/viladecans.gabrielistas.org\/home-2\/wp-json\/wp\/v2\/pages\/601\/revisions"}],"predecessor-version":[{"id":3631,"href":"https:\/\/viladecans.gabrielistas.org\/home-2\/wp-json\/wp\/v2\/pages\/601\/revisions\/3631"}],"wp:attachment":[{"href":"https:\/\/viladecans.gabrielistas.org\/home-2\/wp-json\/wp\/v2\/media?parent=601"}],"curies":[{"name":"wp","href":"https:\/\/api.w.org\/{rel}","templated":true}]}}