{"id":64,"date":"2020-11-12T17:48:15","date_gmt":"2020-11-12T16:48:15","guid":{"rendered":"http:\/\/gwzrtit.cluster030.hosting.ovh.net\/?page_id=64"},"modified":"2025-07-14T09:57:25","modified_gmt":"2025-07-14T07:57:25","slug":"qui-som","status":"publish","type":"page","link":"https:\/\/viladecans.gabrielistas.org\/home-2\/el-collegi\/qui-som\/","title":{"rendered":"Som Gabrielistes"},"content":{"rendered":"<p>[vc_row padding_top_multiplier=&#8221;&#8221; tablet_sm_visibility=&#8221;hide&#8221; mobile_visibility=&#8221;hide&#8221;][vc_column]<div class=\"eut-element eut-image eut-align-center\" style=\"margin-bottom: 40px;\"><div class=\"eut-image-wrapper eut-popup-item\" style=\"max-width:981px;\"><div class=\"eut-thumbnail-wrapper\"  style=\"max-width: 981px;\"><div class=\"eut-thumbnail\"  style=\"padding-top: 31.906%;\"><img loading=\"lazy\" decoding=\"async\" width=\"981\" height=\"313\" src=\"https:\/\/viladecans.gabrielistas.org\/wp-content\/uploads\/2020\/12\/sg-header-21.png\" class=\"attachment-full size-full\" alt=\"\" data-eutf-filter=\"yes\" srcset=\"https:\/\/viladecans.gabrielistas.org\/wp-content\/uploads\/2020\/12\/sg-header-21.png 981w, https:\/\/viladecans.gabrielistas.org\/wp-content\/uploads\/2020\/12\/sg-header-21-300x96.png 300w, https:\/\/viladecans.gabrielistas.org\/wp-content\/uploads\/2020\/12\/sg-header-21-768x245.png 768w\" sizes=\"auto, (max-width: 981px) 100vw, 981px\" \/><\/div><\/div>  <\/div><\/div>[vc_column_text el_id=&#8221;institucio-germans-de-sant-gabriel&#8221; el_class=&#8221;sg-title-section&#8221;]<\/p>\n<h3>Germans de Sant Gabriel<\/h3>\n<p>[\/vc_column_text]<div class=\"eut-element eut-divider\" style=\"padding-top: 0px;padding-bottom: 40px;\"><span class=\"eut-custom-divider eut-bg-primary-2 eut-align-inherit\" style=\"width: 40px;height: 3px;\"><\/span><\/div>[vc_column_text]La Instituci\u00f3 dels Germans de Sant Gabriel s\u00f3n titulars a Espanya dels col\u00b7legis d&#8217;<strong>Aranda, Barcelona, Madrid, Ripollet, Roa, Sant Adri\u00e0 de Bes\u00f2s, Torroella de Montgr\u00ed i Viladecans<\/strong>. Defineixen la seva identitat a partir del model educatiu basat en la inspiraci\u00f3 educativa rebuda de Sant Llu\u00eds M\u00aa Grignon de Montfort, que va promoure la creaci\u00f3 de les escoles gabrielistes fa m\u00e9s de 300 anys. La congregaci\u00f3 s\u2019origina a l\u2019escola de caritat fundada per<strong>\u00a0Montfort<\/strong> cap al juny de 1715 a Saint-Laurent-sur-S\u00e8vre, a la Bretanya Francesa. Aquesta iniciativa desenvolupada a partir de P. Gabriel Deshayes ha impulsat una clara voluntat d\u2019excel\u00b7l\u00e8ncia educativa en els nostres centres.<\/p>\n<p>Els gabrielistes es dediquen a l\u2019<strong>educaci\u00f3 i ensenyament dels joves<\/strong> i a l\u2019apostolat missioner. Tenen escoles per a cecs i sordmuts. S\u00f3n presents a Europa (B\u00e8lgica, Fran\u00e7a, Pol\u00f2nia, It\u00e0lia, Regne Unit, Espanya), a Am\u00e8rica (Brasil, Canad\u00e0, Col\u00f2mbia, Hait\u00ed, Per\u00fa), a \u00c0frica (Camerun, Rep\u00fablica Centreafricana, Rep\u00fablica del Congo, Rep\u00fablica Democr\u00e0tica del Congo, Gabon, Guinea, Madagascar, Maurici, Ruanda,Senegal, Tanz\u00e0nia), a \u00c0sia (Filipines, \u00cdndia, Mal\u00e0sia, Singapur, Tail\u00e0ndia) i a Oceania (Fidji, Papua-Nova Guinea, Tonga); la seu general \u00e9s a Roma.<\/p>\n<p><a href=\"https:\/\/gabrielistas.org\">Veure m\u00e9s informaci\u00f3 al web de la instituci\u00f3<\/a>[\/vc_column_text][vc_column_text el_class=&#8221;sg-title-section&#8221; el_id=&#8221;marca-gabrielista&#8221;]<\/p>\n<h3>Marca Gabrielista<\/h3>\n<p>[\/vc_column_text]<div class=\"eut-element eut-divider\" style=\"padding-bottom: 40px;\"><span class=\"eut-custom-divider eut-bg-primary-2 eut-align-inherit\" style=\"width: 40px;height: 3px;\"><\/span><\/div><div class=\"eut-element eut-image eut-align-center\" style=\"margin-bottom: 40px;\"><div class=\"eut-image-wrapper eut-popup-item\" style=\"max-width:2000px;\"><div class=\"eut-thumbnail-wrapper\"  style=\"max-width: 2000px;\"><div class=\"eut-thumbnail\"  style=\"padding-top: 70.7%;\"><img loading=\"lazy\" decoding=\"async\" width=\"2000\" height=\"1414\" src=\"https:\/\/viladecans.gabrielistas.org\/wp-content\/uploads\/2021\/09\/Marca-G-web-1.png\" class=\"attachment-full size-full\" alt=\"\" data-eutf-filter=\"yes\" srcset=\"https:\/\/viladecans.gabrielistas.org\/wp-content\/uploads\/2021\/09\/Marca-G-web-1.png 2000w, https:\/\/viladecans.gabrielistas.org\/wp-content\/uploads\/2021\/09\/Marca-G-web-1-300x212.png 300w, https:\/\/viladecans.gabrielistas.org\/wp-content\/uploads\/2021\/09\/Marca-G-web-1-1024x724.png 1024w, https:\/\/viladecans.gabrielistas.org\/wp-content\/uploads\/2021\/09\/Marca-G-web-1-768x543.png 768w, https:\/\/viladecans.gabrielistas.org\/wp-content\/uploads\/2021\/09\/Marca-G-web-1-1536x1086.png 1536w, https:\/\/viladecans.gabrielistas.org\/wp-content\/uploads\/2021\/09\/Marca-G-web-1-1920x1357.png 1920w\" sizes=\"auto, (max-width: 2000px) 100vw, 2000px\" \/><\/div><\/div>  <\/div><\/div>[\/vc_column][\/vc_row][vc_row padding_top_multiplier=&#8221;&#8221; desktop_visibility=&#8221;hide&#8221; tablet_visibility=&#8221;hide&#8221;][vc_column]<div class=\"eut-element eut-image eut-align-center\" style=\"margin-bottom: 40px;\"><div class=\"eut-image-wrapper eut-popup-item\" style=\"max-width:981px;\"><div class=\"eut-thumbnail-wrapper\"  style=\"max-width: 981px;\"><div class=\"eut-thumbnail\"  style=\"padding-top: 31.906%;\"><img loading=\"lazy\" decoding=\"async\" width=\"981\" height=\"313\" src=\"https:\/\/viladecans.gabrielistas.org\/wp-content\/uploads\/2020\/12\/sg-header-21.png\" class=\"attachment-full size-full\" alt=\"\" data-eutf-filter=\"yes\" srcset=\"https:\/\/viladecans.gabrielistas.org\/wp-content\/uploads\/2020\/12\/sg-header-21.png 981w, https:\/\/viladecans.gabrielistas.org\/wp-content\/uploads\/2020\/12\/sg-header-21-300x96.png 300w, https:\/\/viladecans.gabrielistas.org\/wp-content\/uploads\/2020\/12\/sg-header-21-768x245.png 768w\" sizes=\"auto, (max-width: 981px) 100vw, 981px\" \/><\/div><\/div>  <\/div><\/div>[vc_column_text el_class=&#8221;sg-title-section&#8221;]<\/p>\n<h3>Instituci\u00f3 Germans de Sant Gabriel<\/h3>\n<p>[\/vc_column_text]<div class=\"eut-element eut-divider\" style=\"padding-top: 0px;padding-bottom: 40px;\"><span class=\"eut-custom-divider eut-bg-primary-2 eut-align-inherit\" style=\"width: 40px;height: 3px;\"><\/span><\/div>[vc_column_text]La Instituci\u00f3 dels Germans de Sant Gabriel s\u00f3n titulars a Espanya dels col\u00b7legis de <strong>La Aguilera, Barcelona, Madrid, Ripollet, Roa, Sant Adri\u00e0, Torroella i Viladecans<\/strong>. Defineixen la seva identitat a partir del model educatiu basat en la inspiraci\u00f3 educativa rebuda de Sant Llu\u00eds M\u00aa Grignon de Montfort, que va inspirar la creaci\u00f3 de les escoles gabrielistes fa m\u00e9s de 300 anys. Aquesta iniciativa desenvolupada a partir de P. Gabriel Deshayes ha impulsat una clara voluntat d\u2019excel\u00b7l\u00e8ncia educativa en els nostres centres.<\/p>\n<p>La congregaci\u00f3 s\u2019origina a l\u2019escola de caritat fundada per <strong>Louis-Marie Grignion de Montfort<\/strong> cap al juny de 1715 a Saint-Laurent-sur-S\u00e8vre, dirigida per professors laics o \u201cgermans\u201d de la Companyia de Maria Montfortiana i anomenats Germans de l\u2019Esperit Sant. De fet, formaven part de la mateixa Companyia de Maria i depenien del seu superior.<\/p>\n<p>Gabriel Deshayes (1767-1841) fou elegit superior general de la Companyia de Maria el 1821 i volgu\u00e9 revifar la comunitat d\u2019ensenyants, la branca masculina dels quals estava a punt de desapar\u00e8ixer. El 1815, Deshayes havia institu\u00eft a Auray una fraternitat similar, que fou confiada a Jean-Marie de La Mennais i acab\u00e0 formant els Germans de la Instrucci\u00f3 Cristiana de Plo\u00ebrmel. L\u2019actuaci\u00f3 del superior va fer que la comunitat masculina torn\u00e9s a cr\u00e9ixer i es decid\u00ed de formar-ne dues branques separades, una dedicada a la pastoral i al sacerdoci i l\u2019altra, a l\u2019ensenyament.<\/p>\n<p>El 15 d\u2019octubre de 1853 els Germans de l\u2019Esperit Sant van tenir una casa aut\u00f2noma i es constitu\u00efren en congregaci\u00f3 independent, amb constitucions pr\u00f2pies. En honor de Deshayes, el nou institut es dedic\u00e0 a Sant Gabriel arc\u00e0ngel i prengu\u00e9 el nom d\u2019Institut dels Germans de la Instrucci\u00f3 Cristiana de Sant Gabriel. Fou reconegut pel govern de Napole\u00f3 III el 3 de mar\u00e7 de 1853 -obtenint el perm\u00eds per ensenyar a tot Fran\u00e7a- i per la Santa Seu, el 19 de febrer de 1910.<\/p>\n<p>Els gabrielistes es dediquen a l\u2019<strong>educaci\u00f3 i ensenyament dels joves<\/strong> i a l\u2019apostolat missioner. Tenen escoles per a cecs i sordmuts. S\u00f3n presents a Europa (B\u00e8lgica, Fran\u00e7a, Pol\u00f2nia, It\u00e0lia, Regne Unit, Espanya), a Am\u00e8rica (Brasil, Canad\u00e0, Col\u00f2mbia, Hait\u00ed, Per\u00fa), a \u00c0frica (Camerun, Rep\u00fablica Centreafricana, Rep\u00fablica del Congo, Rep\u00fablica Democr\u00e0tica del Congo, Gabon, Guinea, Madagascar, Maurici, Ruanda,Senegal, Tanz\u00e0nia), a \u00c0sia (Filipines, \u00cdndia, Mal\u00e0sia, Singapur, Tail\u00e0ndia) i a Oceania (Fidji, Papua-Nova Guinea, Tonga); la seu general \u00e9s a Roma.<\/p>\n<p><a href=\"https:\/\/gabrielistas.org\">Veure m\u00e9s informaci\u00f3 al web de la instituci\u00f3<\/a>[\/vc_column_text][vc_column_text el_class=&#8221;sg-title-section&#8221;]<\/p>\n<h3>Marca Gabrielista<\/h3>\n<p>[\/vc_column_text]<div class=\"eut-element eut-divider\" style=\"padding-bottom: 40px;\"><span class=\"eut-custom-divider eut-bg-primary-2 eut-align-inherit\" style=\"width: 40px;height: 3px;\"><\/span><\/div><div class=\"eut-element eut-image eut-align-center\" style=\"margin-bottom: 40px;\"><div class=\"eut-image-wrapper eut-popup-item\" style=\"max-width:2000px;\"><div class=\"eut-thumbnail-wrapper\"  style=\"max-width: 2000px;\"><div class=\"eut-thumbnail\"  style=\"padding-top: 70.7%;\"><img loading=\"lazy\" decoding=\"async\" width=\"2000\" height=\"1414\" src=\"https:\/\/viladecans.gabrielistas.org\/wp-content\/uploads\/2021\/09\/Marca-G-web-1.png\" class=\"attachment-full size-full\" alt=\"\" data-eutf-filter=\"yes\" srcset=\"https:\/\/viladecans.gabrielistas.org\/wp-content\/uploads\/2021\/09\/Marca-G-web-1.png 2000w, https:\/\/viladecans.gabrielistas.org\/wp-content\/uploads\/2021\/09\/Marca-G-web-1-300x212.png 300w, https:\/\/viladecans.gabrielistas.org\/wp-content\/uploads\/2021\/09\/Marca-G-web-1-1024x724.png 1024w, https:\/\/viladecans.gabrielistas.org\/wp-content\/uploads\/2021\/09\/Marca-G-web-1-768x543.png 768w, https:\/\/viladecans.gabrielistas.org\/wp-content\/uploads\/2021\/09\/Marca-G-web-1-1536x1086.png 1536w, https:\/\/viladecans.gabrielistas.org\/wp-content\/uploads\/2021\/09\/Marca-G-web-1-1920x1357.png 1920w\" sizes=\"auto, (max-width: 2000px) 100vw, 2000px\" \/><\/div><\/div>  <\/div><\/div>[\/vc_column][\/vc_row]<\/p>\n","protected":false},"excerpt":{"rendered":"<p>[vc_row padding_top_multiplier=&#8221;&#8221; tablet_sm_visibility=&#8221;hide&#8221; mobile_visibility=&#8221;hide&#8221;][vc_column][vc_column_text el_id=&#8221;institucio-germans-de-sant-gabriel&#8221; el_class=&#8221;sg-title-section&#8221;] Germans de Sant Gabriel [\/vc_column_text][vc_column_text]La Instituci\u00f3 dels Germans de Sant Gabriel s\u00f3n titulars a Espanya dels col\u00b7legis d&#8217;Aranda, Barcelona, Madrid, Ripollet, Roa, Sant Adri\u00e0 de Bes\u00f2s, Torroella de Montgr\u00ed i Viladecans. Defineixen la seva identitat a partir del model educatiu basat en la inspiraci\u00f3 educativa rebuda de Sant Llu\u00eds [&hellip;]<\/p>\n","protected":false},"author":1,"featured_media":0,"parent":72,"menu_order":0,"comment_status":"closed","ping_status":"closed","template":"","meta":{"footnotes":""},"class_list":["post-64","page","type-page","status-publish","hentry"],"_links":{"self":[{"href":"https:\/\/viladecans.gabrielistas.org\/home-2\/wp-json\/wp\/v2\/pages\/64","targetHints":{"allow":["GET"]}}],"collection":[{"href":"https:\/\/viladecans.gabrielistas.org\/home-2\/wp-json\/wp\/v2\/pages"}],"about":[{"href":"https:\/\/viladecans.gabrielistas.org\/home-2\/wp-json\/wp\/v2\/types\/page"}],"author":[{"embeddable":true,"href":"https:\/\/viladecans.gabrielistas.org\/home-2\/wp-json\/wp\/v2\/users\/1"}],"replies":[{"embeddable":true,"href":"https:\/\/viladecans.gabrielistas.org\/home-2\/wp-json\/wp\/v2\/comments?post=64"}],"version-history":[{"count":42,"href":"https:\/\/viladecans.gabrielistas.org\/home-2\/wp-json\/wp\/v2\/pages\/64\/revisions"}],"predecessor-version":[{"id":855,"href":"https:\/\/viladecans.gabrielistas.org\/home-2\/wp-json\/wp\/v2\/pages\/64\/revisions\/855"}],"up":[{"embeddable":true,"href":"https:\/\/viladecans.gabrielistas.org\/home-2\/wp-json\/wp\/v2\/pages\/72"}],"wp:attachment":[{"href":"https:\/\/viladecans.gabrielistas.org\/home-2\/wp-json\/wp\/v2\/media?parent=64"}],"curies":[{"name":"wp","href":"https:\/\/api.w.org\/{rel}","templated":true}]}}