{"id":68,"date":"2020-11-12T17:53:40","date_gmt":"2020-11-12T16:53:40","guid":{"rendered":"http:\/\/gwzrtit.cluster030.hosting.ovh.net\/?page_id=68"},"modified":"2025-07-14T09:57:25","modified_gmt":"2025-07-14T07:57:25","slug":"el-centre","status":"publish","type":"page","link":"https:\/\/viladecans.gabrielistas.org\/home-2\/el-collegi\/el-centre\/","title":{"rendered":"El centre"},"content":{"rendered":"<p>[vc_row padding_top_multiplier=&#8221;&#8221;][vc_column][vc_column_text el_class=&#8221;sg-title-section&#8221; el_id=&#8221;la-nostra-historia&#8221;]<\/p>\n<h3>La nostra hist\u00f2ria<\/h3>\n<p>[\/vc_column_text]<div class=\"eut-element eut-divider\" style=\"padding-bottom: 40px;\"><span class=\"eut-custom-divider eut-bg-primary-2 eut-align-inherit\" style=\"width: 40px;height: 3px;\"><\/span><\/div>[vc_tta_accordion][vc_tta_section title=&#8221;2015 &#8211; avui&#8221; tab_id=&#8221;1665910843969-b7fcf25d-7d1c&#8221;][vc_column_text]La nova direcci\u00f3 focalitzar\u00e0 els seus esfor\u00e7os a mantenir el bo i millor de l\u2019anterior mandat i a desenvolupar aquells aspectes en qu\u00e8 es pugui progressar.<\/p>\n<p>A nivell intern, primerament cal parlar del nomenament de la sra. Montserrat G\u00f3mez Puig com a representant de la Titularitat, el setembre de 2017. Per primera vegada, en el nostre col\u00b7legi, aquest c\u00e0rrec era ocupat per una persona laica.<\/p>\n<p>En els estudis postobligatoris, que \u00e9s on hi pot haver m\u00e9s canvis, cal destacar la recuperaci\u00f3 de les dues l\u00ednies de Batxillerat. De manera especial s\u2019ha de fer esment a l\u2019inici dels estudis de Grau Superior d\u2019Automoci\u00f3 el curs 2019-2020. Amb aix\u00f2 tenim dos cicles formatius complets de Grau Mitj\u00e0 i de Grau Superior: Activitats F\u00edsiques i Esportives, i el de Transport i Manteniment de Vehicles. Tamb\u00e9 a Cicles Formatius s\u2019ha comen\u00e7at la Formaci\u00f3 Professional Dual, fet que possibilita que els nostres alumnes facin m\u00e9s hores de pr\u00e0ctiques en empreses i tallers.<\/p>\n<p>La acreditaci\u00f3 per poder fer el curs d\u2019Automoci\u00f3 va comportar l\u2019adequaci\u00f3 i actualitzaci\u00f3 dels sistemes de seguretat de l\u2019edifici. A m\u00e9s, es va crear un nou acc\u00e9s a l\u2019entrada principal i es va remodelar la secretaria.<\/p>\n<p>Pel que fa a la projecci\u00f3 externa hem comen\u00e7at el Batxillerat Dual Americ\u00e0 que possibilita una doble titulaci\u00f3 a Estats Units i a Espanya. Tamb\u00e9 hem obtingut l\u2019acreditaci\u00f3 per ser centre examinador de l\u2019Oxford Test of English. Ens hem\u00a0 convertit en un clar referent de l\u2019educaci\u00f3 a Viladecans at\u00e8s que hem ampliat considerablement el nombre d\u2019alumnes que trien el nostre centre per fer les pr\u00e0ctiques, especialment de magisteri i del m\u00e0ster de professorat de secund\u00e0ria, en col\u00b7laboraci\u00f3 amb nombroses universitats.<\/p>\n<p>Per acabar cal remarcar que hem aconseguit diversos premis i guardons obtinguts per alumnes i professors, com el 1r Premi d\u2019\u00c8tica i de Ci\u00e8ncia de la Fundaci\u00f3 Gr\u00edfols, premis de ci\u00e8ncia ciutadana, el premi Odissea de cultura cl\u00e0ssica, Premi ABEAM de matem\u00e0tiques a E. Infantil, Certamen de Lectura en Veu Alta i EduCaixa Challenge entre d\u2019altres. La import\u00e0ncia de participar en els concursos rau en l\u2019experi\u00e8ncia que significa per l\u2019alumnat i pel professorat la possibilitat de poder sortir fora del centre i enfrontar-se a reptes que caldr\u00e0 superar.<\/p>\n<p>En el curs 2021-22 s&#8217;implementa el Cicle Formatiu de Grau Mitj\u00e0 &#8220;Guia del Medi Natural i del Temps de Lleure (GUIMN)&#8221;, de dos cursos de durada, que substitueix a l&#8217;antic CAFEMN.[\/vc_column_text][\/vc_tta_section][vc_tta_section title=&#8221;2006 &#8211; 2015&#8243; tab_id=&#8221;1665910844011-5fcbdadf-e040&#8243;][vc_column_text]Per primera vegada un professor laic, el Sr. Vicen\u00e7 Godayol<em>,<\/em>\u00a0ocupa el c\u00e0rrec de director del Col\u00b7legi. Poc a poc, l\u2019escola s\u2019anir\u00e0 adaptant a tot all\u00f2 que demana el segle XXI, especialment pel que fa als nous estudis i a les noves metodologies aplicades a l\u2019aula gr\u00e0cies al PEI, Projecte Educatiu Institucional, el qual ens situar\u00e0 en una nova i molt moderna dimensi\u00f3 pedag\u00f2gica.<\/p>\n<p>En el curs 2010-2011 s\u2019inaugura el complex esportiu \u00c0ccura i comencen el cicles formatius de conducci\u00f3 d\u2019activitats fisicoesportives en medi natural, per una banda i, per altra, el d\u2019animaci\u00f3 d\u2019activitats f\u00edsiques i esportives. Aix\u00ed mateix, s\u2019inicien els cursos d\u2019acc\u00e9s a grau superior de cicles formatius. Comencen noves activitats complement\u00e0ries com les arts esc\u00e8niques, primer a E. Prim\u00e0ria i, m\u00e9s tard a l\u2019ESO; tamb\u00e9 s\u2019implementa la nataci\u00f3 des de l\u2019E. Infantil fins a 2n. d\u2019ESO. Al mateix temps gaudirem d\u2019una coral de forma estable. Es comencen a dur a terme els intercanvis ling\u00fc\u00edstics amb col\u00b7legis d\u2019Alemanya i dels Pa\u00efsos Baixos. Les aules s\u2019han anat dotant de pissarres digitals i\/o projectors.[\/vc_column_text][\/vc_tta_section][vc_tta_section title=&#8221;1992 &#8211; 2006&#8243; tab_id=&#8221;1665910993387-d1e2bb92-bbac&#8221;][vc_column_text]La LOGSE ens obliga a adaptar els espais disponibles fins aquest moment, per la qual cosa a l\u2019estiu de 1994 s\u2019inicien les obres seg\u00fcents: es construeixen dos porxos exteriors, es reforma la segona planta destinada a Educaci\u00f3 Infantil i Prim\u00e0ria, se suprimeixen l\u2019escala interior, per la qual s\u2019accedia a les 4 plantes, i se\u2019n construeix una de nova m\u00e9s amplia adossada a l\u2019edifici, que va des del soterrani, on estan ubicats els tallers, fins a la segona planta.<\/p>\n<p>En el curs 1995-1996 es comen\u00e7a l\u2019E. Infantil, amb 150 alumnes, i el 1996-1997 s\u2019inicia l\u2019Educaci\u00f3 Secund\u00e0ria Obligat\u00f2ria, que substitueix l\u2019antiga EGB.<\/p>\n<p>El per\u00edode de 1996 a 1999 \u00e9s una \u00e8poca de canvi: desapareixen la Formaci\u00f3 Professional de Primer Grau, el Batxillerat Unificat y Polivalent (BUP) i, posteriorment, el COU. Els substituiran, respectivament els Cicles Formatius de Grau Mitj\u00e0 i el nou Batxillerat.<\/p>\n<p>En el curs 2000-2001 es celebra el 75\u00e8 aniversari de la inauguraci\u00f3 del Col\u00b7legi.<\/p>\n<p>La hist\u00f2ria del centre sempre estar\u00e0 marcada per l\u2019accident de circulaci\u00f3 que va tenir lloc el 6 de juliol de 2000, a Golmayo (S\u00f2ria), en el que van morir 11 alumnes de 1r i 2n d\u2019ESO, 3 monitors i una acompanyant, quan es dirigien als campaments de Sant Gabriel, a La Aguilera (Burgos).<\/p>\n<p>Es sol\u00b7licita el canvi de l\u2019especialitat de CFGM dels Equips Electr\u00f2nics de Consum pel de Carrosseria i s\u2019inicien les obres d\u2019ampliaci\u00f3 dels tallers, amb la finalitat de construir el Taller de Carrosseria. El 2003 finalitzen les obres i el curs 2003-2004 entra en funcionament.<\/p>\n<p>Tot commemorant el Centenari de l\u2019arribada dels Germans de Sant Gabriel a Espanya, un 10 d\u2019agost de 1903, l\u2019any 2003 el Col\u00b7legi Modolell passa a anomenar-se Sant Gabriel.<\/p>\n<p>El Club Esportiu Sant Gabriel, en funcionament des de 1977, ha realitzat i segueix realitzant una tasca remarcable a l\u2019 esport del b\u00e0squet.[\/vc_column_text][\/vc_tta_section][vc_tta_section title=&#8221;1982 &#8211; 1992&#8243; tab_id=&#8221;1665911041716-267d4638-b7e7&#8243;][vc_column_text]\u00c9s un per\u00edode de grans canvis, ja que en el curs 1982-1983 es reconeix de forma oficial les modalitats de Formaci\u00f3 professional d\u2019Electr\u00f2nica, Mec\u00e0nica i Administratiu, a m\u00e9s de Delineaci\u00f3 que se segueix impartint.<br \/>\nA partir del curs 1984-1985 comen\u00e7a l\u2019escolaritzaci\u00f3 mixta a partir de 6 anys, que va suposar un canvi molt important per al Col\u00b7legi, el proc\u00e9s d\u2019adaptaci\u00f3 a la LODE.[\/vc_column_text][\/vc_tta_section][vc_tta_section title=&#8221;1972 &#8211; 1982&#8243; tab_id=&#8221;1665911082466-b4b4e4dc-15fb&#8221;][vc_column_text]En aquesta d\u00e8cada hem de destacar que, gr\u00e0cies a la recollida de m\u00e9s de 600 signatures de pares d\u2019alumnes, s\u2019aconsegueix la subvenci\u00f3 de l\u2019Estat i el reconeixement del Col\u00b7legi com a Centre Homologat a Batxillerat i Concertat des dels 6 anys fins als 14.<br \/>\nTamb\u00e9 es va construir en el pati un porxo que servia de front\u00f3 i de protecci\u00f3 de la pluja.<br \/>\nL\u2019any 1977 es va crear l\u2019Escola Activa de Pares, que va funcionar fins l\u2019any 1998. Es renoven tamb\u00e9 els laboratoris de F\u00edsica, Qu\u00edmica i Ci\u00e8ncies Naturals que passen a ubicar-se a la segona planta, i es construeixen els vestidors del Camp de Futbol.[\/vc_column_text][\/vc_tta_section][vc_tta_section title=&#8221;1968 &#8211; 1972&#8243; tab_id=&#8221;1665911120026-75083666-95a7&#8243;][vc_column_text]El 1968 \u00e9s l\u2019any de la inauguraci\u00f3 del Col\u00b7legi Modolell en les noves instal\u00b7lacions, la qual cosa permet fer una ordenaci\u00f3 dels Estudis Primaris creant l\u00ednies, A i B, de 50 alumnes. Es regula tamb\u00e9 el Batxillerat i el nostre centre \u00e9s reconegut com a Centre Adoptat i adscrit a l\u2019Institut Ausi\u00e0s March de Barcelona. A continuaci\u00f3 es crea l\u2019 Escola Professional en el Grau d\u2019Oficiala Industrial de les especialitats d\u2019 Electricitat, Torner Ajustador i Delineant, que s\u2019imparteixen en r\u00e8gim de tarda de les 19.00h fins a les 22.00h.[\/vc_column_text][\/vc_tta_section][vc_tta_section title=&#8221;1955 &#8211; 1968&#8243; tab_id=&#8221;1665911180739-f8ddb1e5-739c&#8221;][vc_column_text]En aquest per\u00edode es va arribar a duplicar el nombre d\u2019alumnes, arribant en algunes classes a la r\u00e0tio de m\u00e9s de 100 alumnes. El Col\u00b7legi se seguia ubicant a l\u2019antiga Masia Modolell i les possibilitats de creixement de les instal\u00b7lacions eren nul\u00b7les, per la qual cosa l\u2019any 1965 s\u2019inicia la construcci\u00f3 del nou Col\u00b7legi molt proper a l\u2019antiga Masia Modolell, que permetr\u00e0 ampliar el nombre de classes i d\u2019alumnes.[\/vc_column_text][\/vc_tta_section][vc_tta_section title=&#8221;1939 &#8211; 1954&#8243; tab_id=&#8221;1665911227727-884e2e15-74b8&#8243;][vc_column_text]Arriba el mes de setembre de 1939 i les classes tornen a la normalitat, per\u00f2 amb el pas dels anys les tres classes s\u00f3n insuficients, ja que superen els 100 alumnes per aula. Cap a l\u2019any 1947 s\u2019obre una quarta classe i en el curs 1951-1952 s\u2019inaugura el Batxillerat amb 8 alumnes que varen anar augmentant en els cursos seg\u00fcents. L\u2019any 1954 s\u2019adeq\u00fcen totes les sales de la Masia amb l\u2019objecte d\u2019obrir noves aules.[\/vc_column_text][\/vc_tta_section][vc_tta_section title=&#8221;1915 &#8211; 1939&#8243; tab_id=&#8221;1665911262003-f1496800-55f1&#8243;][vc_column_text]Si volem fer una ressenya hist\u00f2rica del nostre Col\u00b7legi, ens hem de remuntar a l\u2019any 1915, any en qu\u00e8 la senyora Magdalena Modolell va morir i destin\u00e0 la seva finca anomenada \u201c La Parellada\u201d, de m\u00e9s de 6 hect\u00e0rees, a una comunitat religiosa amb la finalitat que es constru\u00eds una escola per a l\u2019educaci\u00f3 de la joventut.<br \/>\nAl maig de 1925, els marmessors d\u2019aquesta senyora i els Germans Superiors de la nostra Congregaci\u00f3 varen arribar a un acord i, al mes d\u2019octubre, es va posar en funcionament el Centre amb tres taules i un centenar d\u2019alumnes. Ja que nom\u00e9s disposava de 3 aules, aquestes es destinaven durant el dia als nens de primer ensenyament i, al vespre, als joves. Conjuntament amb els estudis, es potenci\u00e0 la pr\u00e0ctica de l\u2019esport, sobretot del futbol.<br \/>\nDurant la Guerra Civil, 1936-1939, l\u2019escola es transform\u00e0 en un Taller de fusteria i la propietat en una granja col\u00b7lectiva. Al maig de 1939 els Germans Fulgent, Francesc-Xavier i Agust\u00ed, varen tornar a agafar possessi\u00f3 de la finca i van reprendre les classes.[\/vc_column_text][\/vc_tta_section][\/vc_tta_accordion][\/vc_column][\/vc_row]<\/p>\n","protected":false},"excerpt":{"rendered":"<p>[vc_row padding_top_multiplier=&#8221;&#8221;][vc_column][vc_column_text el_class=&#8221;sg-title-section&#8221; el_id=&#8221;la-nostra-historia&#8221;] La nostra hist\u00f2ria [\/vc_column_text][vc_tta_accordion][vc_tta_section title=&#8221;2015 &#8211; avui&#8221; tab_id=&#8221;1665910843969-b7fcf25d-7d1c&#8221;][vc_column_text]La nova direcci\u00f3 focalitzar\u00e0 els seus esfor\u00e7os a mantenir el bo i millor de l\u2019anterior mandat i a desenvolupar aquells aspectes en qu\u00e8 es pugui progressar. A nivell intern, primerament cal parlar del nomenament de la sra. Montserrat G\u00f3mez Puig com a representant de [&hellip;]<\/p>\n","protected":false},"author":1,"featured_media":0,"parent":72,"menu_order":0,"comment_status":"closed","ping_status":"closed","template":"","meta":{"footnotes":""},"class_list":["post-68","page","type-page","status-publish","hentry"],"_links":{"self":[{"href":"https:\/\/viladecans.gabrielistas.org\/home-2\/wp-json\/wp\/v2\/pages\/68","targetHints":{"allow":["GET"]}}],"collection":[{"href":"https:\/\/viladecans.gabrielistas.org\/home-2\/wp-json\/wp\/v2\/pages"}],"about":[{"href":"https:\/\/viladecans.gabrielistas.org\/home-2\/wp-json\/wp\/v2\/types\/page"}],"author":[{"embeddable":true,"href":"https:\/\/viladecans.gabrielistas.org\/home-2\/wp-json\/wp\/v2\/users\/1"}],"replies":[{"embeddable":true,"href":"https:\/\/viladecans.gabrielistas.org\/home-2\/wp-json\/wp\/v2\/comments?post=68"}],"version-history":[{"count":44,"href":"https:\/\/viladecans.gabrielistas.org\/home-2\/wp-json\/wp\/v2\/pages\/68\/revisions"}],"predecessor-version":[{"id":1294,"href":"https:\/\/viladecans.gabrielistas.org\/home-2\/wp-json\/wp\/v2\/pages\/68\/revisions\/1294"}],"up":[{"embeddable":true,"href":"https:\/\/viladecans.gabrielistas.org\/home-2\/wp-json\/wp\/v2\/pages\/72"}],"wp:attachment":[{"href":"https:\/\/viladecans.gabrielistas.org\/home-2\/wp-json\/wp\/v2\/media?parent=68"}],"curies":[{"name":"wp","href":"https:\/\/api.w.org\/{rel}","templated":true}]}}