{"id":929,"date":"2022-10-16T11:21:24","date_gmt":"2022-10-16T09:21:24","guid":{"rendered":"http:\/\/gwzrtit.cluster030.hosting.ovh.net\/?page_id=929"},"modified":"2025-07-14T09:57:25","modified_gmt":"2025-07-14T07:57:25","slug":"929-2","status":"publish","type":"page","link":"https:\/\/viladecans.gabrielistas.org\/home-2\/el-collegi\/929-2\/","title":{"rendered":"Benvinguda"},"content":{"rendered":"\r\n<div class=\"wp-block-group\"><div class=\"wp-block-group__inner-container is-layout-flow wp-block-group-is-layout-flow\">\r\n<p>Benvolgudes fam\u00edlies:<\/p>\r\n<p><\/p>\r\n<p>El col\u00b7legi Sant Gabriel de Viladecans \u00e9s un centre d\u2019ensenyament, d\u2019iniciativa privada, creat i dirigit per la Congregaci\u00f3 Religiosa Germans de Sant Gabriel.<\/p>\r\n<p><\/p>\r\n<p>\u00c9s una escola cristiana: el model d\u2019educaci\u00f3 integral est\u00e0 descrit en el document que expressa el Car\u00e0cter Propi del centre i en el Projecte Educatiu Institucional. La proposta religiosa t\u00e9 el car\u00e0cter d\u2019un oferiment respectu\u00f3s envers la llibertat de tots els pares, alumnes i mestres.<\/p>\r\n<p><\/p>\r\n<p>Ens complau obrir les portes del nostre Col\u00b7legi i convidar a tothom a con\u00e8ixer tant les seves instal\u00b7lacions com els serveis educatius que oferim. La nostra traject\u00f2ria a l\u2019\u00e0mbit de l\u2019ensenyament ha format part de la vida de moltes fam\u00edlies que han donat cr\u00e8dit al nostre Projecte educatiu. S\u2019insereix en la realitat s\u00f2cio-cultural de Catalunya amb comprom\u00eds de servei a les fam\u00edlies i amb la voluntat d\u2019introduir noves metodologies pedag\u00f2giques que facilitin l\u2019adaptaci\u00f3 de l\u2019alumnat als reptes que demana la societat del segle XXI. La llengua vehicular d\u2019aprenentatge en l\u2019ensenyament \u00e9s el catal\u00e0. Som una escola oberta a tothom sense cap mena de discriminaci\u00f3.<\/p>\r\n<p><\/p>\r\n<p>L\u2019esfor\u00e7 del nostre equip, format per excel\u00b7lents professionals, ens ha fet complir amb la missi\u00f3 encomanada pels pares i mares que han volgut donar als seus fills i filles una educaci\u00f3 de qualitat i un acompanyament a totes les etapes educatives que s\u2019imparteixen a l\u2019escola.<\/p>\r\n<p><\/p>\r\n<p>Accediu al col\u00b7legi i compartim un cam\u00ed ple d\u2019emocions al servei dels infants i dels joves, preferentment, i de tota la resta de la comunitat educativa.<\/p>\r\n<p><\/p>\r\n<p>Cordialment,<\/p>\r\n<p><\/p>\r\n<p>Francesc Serra Gen\u00e9<br \/>Representant de la Titularitat<\/p>\r\n<\/div><\/div>\r\n","protected":false},"excerpt":{"rendered":"<p>Benvolgudes fam\u00edlies: El col\u00b7legi Sant Gabriel de Viladecans \u00e9s un centre d\u2019ensenyament, d\u2019iniciativa privada, creat i dirigit per la Congregaci\u00f3 Religiosa Germans de Sant Gabriel. \u00c9s una escola cristiana: el model d\u2019educaci\u00f3 integral est\u00e0 descrit en el document que expressa el Car\u00e0cter Propi del centre i en el Projecte Educatiu Institucional. La proposta religiosa t\u00e9 [&hellip;]<\/p>\n","protected":false},"author":1,"featured_media":0,"parent":72,"menu_order":0,"comment_status":"closed","ping_status":"closed","template":"","meta":{"footnotes":""},"class_list":["post-929","page","type-page","status-publish","hentry"],"_links":{"self":[{"href":"https:\/\/viladecans.gabrielistas.org\/home-2\/wp-json\/wp\/v2\/pages\/929","targetHints":{"allow":["GET"]}}],"collection":[{"href":"https:\/\/viladecans.gabrielistas.org\/home-2\/wp-json\/wp\/v2\/pages"}],"about":[{"href":"https:\/\/viladecans.gabrielistas.org\/home-2\/wp-json\/wp\/v2\/types\/page"}],"author":[{"embeddable":true,"href":"https:\/\/viladecans.gabrielistas.org\/home-2\/wp-json\/wp\/v2\/users\/1"}],"replies":[{"embeddable":true,"href":"https:\/\/viladecans.gabrielistas.org\/home-2\/wp-json\/wp\/v2\/comments?post=929"}],"version-history":[{"count":9,"href":"https:\/\/viladecans.gabrielistas.org\/home-2\/wp-json\/wp\/v2\/pages\/929\/revisions"}],"predecessor-version":[{"id":1839,"href":"https:\/\/viladecans.gabrielistas.org\/home-2\/wp-json\/wp\/v2\/pages\/929\/revisions\/1839"}],"up":[{"embeddable":true,"href":"https:\/\/viladecans.gabrielistas.org\/home-2\/wp-json\/wp\/v2\/pages\/72"}],"wp:attachment":[{"href":"https:\/\/viladecans.gabrielistas.org\/home-2\/wp-json\/wp\/v2\/media?parent=929"}],"curies":[{"name":"wp","href":"https:\/\/api.w.org\/{rel}","templated":true}]}}